{"id":99,"date":"2015-11-21T16:53:01","date_gmt":"2015-11-21T15:53:01","guid":{"rendered":"http:\/\/serwer1527024.home.pl\/pub\/wordpress\/?page_id=99"},"modified":"2024-09-07T21:01:30","modified_gmt":"2024-09-07T19:01:30","slug":"duszpasterze","status":"publish","type":"page","link":"http:\/\/www.mbnp.archidiecezja.wroc.pl\/?page_id=99","title":{"rendered":"Duszpasterze"},"content":{"rendered":"<p style=\"text-align: center;\"><strong>Proboszcz<\/strong><\/p>\n<p><strong>Ks. dr Zbigniew ORDA \u2013 ust. 2014<\/strong><br \/>\n\u015bwi\u0119cenia kap\u0142a\u0144skie 27 V 1995 Wroc\u0142aw<\/p>\n<p style=\"text-align: center;\"><strong>Wikariusze<\/strong><\/p>\n<p><strong>Ks. mgr Micha\u0142 Wereta- ust. 2022 <\/strong>\u015bwi\u0119cenia kap\u0142a\u0144skie 22 V 2021 Wroc\u0142aw<\/p>\n<p><strong>Ks. mgr Daniel Nowakowski \u2013 ust. 2023\u00a0 <\/strong>\u015bwi\u0119cenia kap\u0142a\u0144skie 30 V 2009 Wroc\u0142aw<\/p>\n","protected":false},"excerpt":{"rendered":"<p>Proboszcz Ks. dr Zbigniew ORDA \u2013 ust. 2014 \u015bwi\u0119cenia kap\u0142a\u0144skie 27 V 1995 Wroc\u0142aw Wikariusze Ks. mgr Micha\u0142 Wereta- ust. 2022 \u015bwi\u0119cenia kap\u0142a\u0144skie 22 V 2021 Wroc\u0142aw Ks. mgr Daniel &#8230;<\/p>\n","protected":false},"author":7,"featured_media":0,"parent":73,"menu_order":3,"comment_status":"closed","ping_status":"closed","template":"","meta":[],"_links":{"self":[{"href":"http:\/\/www.mbnp.archidiecezja.wroc.pl\/index.php?rest_route=\/wp\/v2\/pages\/99"}],"collection":[{"href":"http:\/\/www.mbnp.archidiecezja.wroc.pl\/index.php?rest_route=\/wp\/v2\/pages"}],"about":[{"href":"http:\/\/www.mbnp.archidiecezja.wroc.pl\/index.php?rest_route=\/wp\/v2\/types\/page"}],"author":[{"embeddable":true,"href":"http:\/\/www.mbnp.archidiecezja.wroc.pl\/index.php?rest_route=\/wp\/v2\/users\/7"}],"replies":[{"embeddable":true,"href":"http:\/\/www.mbnp.archidiecezja.wroc.pl\/index.php?rest_route=%2Fwp%2Fv2%2Fcomments&post=99"}],"version-history":[{"count":18,"href":"http:\/\/www.mbnp.archidiecezja.wroc.pl\/index.php?rest_route=\/wp\/v2\/pages\/99\/revisions"}],"predecessor-version":[{"id":7334,"href":"http:\/\/www.mbnp.archidiecezja.wroc.pl\/index.php?rest_route=\/wp\/v2\/pages\/99\/revisions\/7334"}],"up":[{"embeddable":true,"href":"http:\/\/www.mbnp.archidiecezja.wroc.pl\/index.php?rest_route=\/wp\/v2\/pages\/73"}],"wp:attachment":[{"href":"http:\/\/www.mbnp.archidiecezja.wroc.pl\/index.php?rest_route=%2Fwp%2Fv2%2Fmedia&parent=99"}],"curies":[{"name":"wp","href":"https:\/\/api.w.org\/{rel}","templated":true}]}}