{"id":91,"date":"2015-11-21T16:24:26","date_gmt":"2015-11-21T15:24:26","guid":{"rendered":"http:\/\/serwer1527024.home.pl\/pub\/wordpress\/?page_id=91"},"modified":"2024-01-08T22:43:53","modified_gmt":"2024-01-08T21:43:53","slug":"chor-parafialny","status":"publish","type":"page","link":"http:\/\/www.mbnp.archidiecezja.wroc.pl\/?page_id=91","title":{"rendered":"Ch\u00f3r parafialny"},"content":{"rendered":"<div>\n<div>\n<p><a href=\"http:\/\/www.mbnp.archidiecezja.wroc.pl\/wp-content\/uploads\/2015\/11\/sw.cecylia.jpg\" rel=\"lightbox[91]\"><img decoding=\"async\" loading=\"lazy\" class=\"alignleft wp-image-896\" title=\"\u015aw. Cecylia\" src=\"http:\/\/www.mbnp.archidiecezja.wroc.pl\/wp-content\/uploads\/2015\/11\/sw.cecylia.jpg\" alt=\"\" width=\"105\" height=\"143\" srcset=\"http:\/\/www.mbnp.archidiecezja.wroc.pl\/wp-content\/uploads\/2015\/11\/sw.cecylia.jpg 600w, http:\/\/www.mbnp.archidiecezja.wroc.pl\/wp-content\/uploads\/2015\/11\/sw.cecylia-220x300.jpg 220w\" sizes=\"(max-width: 105px) 100vw, 105px\" \/><\/a><\/p>\n<p><strong>Ch\u00f3r Parafialny &#8221; Cantica &#8221; <\/strong><\/p>\n<\/div>\n<div><strong>przy parafii NMP Nieustaj\u0105cej Pomocy we Wroc\u0142awiu<\/strong><\/div>\n<p>&nbsp;<\/p>\n<div><em>&#8222;\u015apiewajcie g\u0142osem , \u015bpiewajcie sercem , \u015bpiewajcie ustami, \u015bpiewajcie swoim \u017cyciem&#8221;.<\/em><\/div>\n<div style=\"text-align: right;\">\u015aw. Augustyn<\/div>\n<p>&nbsp;<\/p>\n<div><strong>Ch\u00f3r Parafialny &#8222;Cantica&#8221; dzia\u0142a od roku 1993. Obecnie liczy 27 cz\u0142onk\u00f3w.<\/strong> Ch\u00f3r swym \u015bpiewem u\u015bwietnia najwa\u017cniejsze \u015awi\u0119ta Roku Ko\u015bcielnego oraz Msze \u015awi\u0119te obrz\u0119dowe i okoliczno\u015bciowe. Wyst\u0119puje tak\u017ce z koncertami na terenie parafii i po za ni\u0105, bierze udzia\u0142 w festiwalach i przegl\u0105dach pie\u015bni religijnych. Modlimy si\u0119 \u015bpiewem, a ka\u017cda wykonywana pie\u015b\u0144 sakralna w tre\u015bci jest modlitw\u0105 &#8211; modlitw\u0105 wy\u015bpiewan\u0105, mi\u0142\u0105 Panu Bogu.<\/div>\n<p>&nbsp;<\/p>\n<div><a href=\"http:\/\/www.mbnp.archidiecezja.wroc.pl\/wp-content\/uploads\/2015\/11\/chor_1.jpg\" rel=\"lightbox[91]\"><img decoding=\"async\" loading=\"lazy\" class=\"aligncenter wp-image-906 size-full\" src=\"http:\/\/www.mbnp.archidiecezja.wroc.pl\/wp-content\/uploads\/2015\/11\/chor_1.jpg\" alt=\"chor_1\" width=\"985\" height=\"788\" srcset=\"http:\/\/www.mbnp.archidiecezja.wroc.pl\/wp-content\/uploads\/2015\/11\/chor_1.jpg 985w, http:\/\/www.mbnp.archidiecezja.wroc.pl\/wp-content\/uploads\/2015\/11\/chor_1-300x240.jpg 300w\" sizes=\"(max-width: 985px) 100vw, 985px\" \/><\/a><\/div>\n<p><strong>Cz\u0142onkowie ch\u00f3ru wg g\u0142os\u00f3w:<\/strong><\/p>\n<p><u><b>SOPRAN<\/b><\/u><\/p>\n<ol>\n<li>Chrobak Gra\u017cyna<\/li>\n<li>Janeczek El\u017cbieta<\/li>\n<li>Janowiak Maria<\/li>\n<li>Duda\u0142a Urszula<\/li>\n<li>Krzy\u017co\u015b Bernardyna<\/li>\n<li>Peszko Ma\u0142gorzata<\/li>\n<li>Macheta Genowefa<\/li>\n<li>Peszko Ma\u0142gorzata<\/li>\n<li>Spik Danuta<\/li>\n<li>Wasilewska Irena<\/li>\n<li>Waszczy\u0144ska Ewa<\/li>\n<\/ol>\n<p><b><u>ALT<\/u><\/b><\/p>\n<ol>\n<li>Baraniecka Krystyna<\/li>\n<li>Berezowska Wanda<\/li>\n<li>Krasuska Halina<\/li>\n<li>Krysi\u0144ska Anna<\/li>\n<li>Pi\u0119ta Irena<\/li>\n<li>Tolokonnikova Zanna<\/li>\n<\/ol>\n<p><b><u>TENOR<\/u><\/b><\/p>\n<ol>\n<li>G\u0105dek Grzegorz<\/li>\n<li>Niedzwiecki Andrzej<\/li>\n<li>Szczepaniak\u00a0 Stefan<\/li>\n<\/ol>\n<p><u><b>BAS<\/b><\/u><\/p>\n<ol>\n<li>Berezowski Mieczys\u0142aw<\/li>\n<li>Duda\u0142a Ryszard<\/li>\n<li>Dziuba Krzysztof<\/li>\n<\/ol>\n<\/div>\n<div><\/div>\n<div style=\"text-align: center;\">Opiekun duchowy &#8211; ks. Piotr Sierzchu\u0142a<\/div>\n<div style=\"text-align: center;\">dyrygent &#8211; mgr Roman Wailer<br \/>\nprezes &#8211; Krystyna Baraniecka<br \/>\nkronikarz &#8211; Aleksandra D\u0105browska<\/p>\n<div><\/div>\n<\/div>\n<div>Nasza muzyczna wsp\u00f3lnota, to tak\u017ce dzielenie wsp\u00f3lnych trosk i rado\u015bci w czasie wyjazd\u00f3w turystycznych, spotka\u0144 op\u0142atkowych oraz radosne prze\u017cywanie Patronalnego \u015awi\u0119ta \u00a0\u015bw. Cecylii.<\/div>\n<div>Bardzo serdecznie zach\u0119camy wszystkich pragn\u0105cych \u015bpiewa\u0107 na Chwa\u0142\u0119 Bo\u017c\u0105 do przy\u0142\u0105czenia si\u0119 do naszego ch\u00f3ru. Spotkania odbywaj\u0105 si\u0119 <strong>w auli parafialnej: \u015brody, czwartki &#8211; godz . 19:00.<\/strong><\/div>\n<div><\/div>\n<div>\u00a0<a href=\"http:\/\/www.mbnp.archidiecezja.wroc.pl\/wp-content\/uploads\/2015\/11\/chor_2.jpg\" rel=\"lightbox[91]\"><img decoding=\"async\" loading=\"lazy\" class=\"aligncenter wp-image-909 size-large\" src=\"http:\/\/www.mbnp.archidiecezja.wroc.pl\/wp-content\/uploads\/2015\/11\/chor_2-1024x768.jpg\" alt=\"chor_2\" width=\"648\" height=\"486\" srcset=\"http:\/\/www.mbnp.archidiecezja.wroc.pl\/wp-content\/uploads\/2015\/11\/chor_2.jpg 1024w, http:\/\/www.mbnp.archidiecezja.wroc.pl\/wp-content\/uploads\/2015\/11\/chor_2-300x225.jpg 300w\" sizes=\"(max-width: 648px) 100vw, 648px\" \/><\/a><\/div>\n<div style=\"text-align: center;\">\u00a0Koncert kol\u0119d w wykonaniu Ch\u00f3ru Parafialnego Cantica<\/div>\n<div style=\"text-align: center;\"><\/div>\n<p>&nbsp;<\/p>\n<div><a href=\"http:\/\/www.mbnp.archidiecezja.wroc.pl\/wp-content\/uploads\/2015\/11\/chor_3.jpg\" rel=\"lightbox[91]\"><img decoding=\"async\" loading=\"lazy\" class=\"aligncenter wp-image-910 size-large\" src=\"http:\/\/www.mbnp.archidiecezja.wroc.pl\/wp-content\/uploads\/2015\/11\/chor_3-1024x680.jpg\" alt=\"chor_3\" width=\"648\" height=\"430\" srcset=\"http:\/\/www.mbnp.archidiecezja.wroc.pl\/wp-content\/uploads\/2015\/11\/chor_3-1024x680.jpg 1024w, http:\/\/www.mbnp.archidiecezja.wroc.pl\/wp-content\/uploads\/2015\/11\/chor_3-300x199.jpg 300w, http:\/\/www.mbnp.archidiecezja.wroc.pl\/wp-content\/uploads\/2015\/11\/chor_3.jpg 1204w\" sizes=\"(max-width: 648px) 100vw, 648px\" \/><\/a><\/div>\n<div style=\"text-align: center;\">Koncert Ch\u00f3ru Parafialnego Cantica<\/div>\n","protected":false},"excerpt":{"rendered":"<p>Ch\u00f3r Parafialny &#8221; Cantica &#8221; przy parafii NMP Nieustaj\u0105cej Pomocy we Wroc\u0142awiu &nbsp; &#8222;\u015apiewajcie g\u0142osem , \u015bpiewajcie sercem , \u015bpiewajcie ustami, \u015bpiewajcie swoim \u017cyciem&#8221;. \u015aw. Augustyn &nbsp; Ch\u00f3r Parafialny &#8222;Cantica&#8221; &#8230;<\/p>\n","protected":false},"author":7,"featured_media":0,"parent":87,"menu_order":6,"comment_status":"closed","ping_status":"closed","template":"","meta":[],"_links":{"self":[{"href":"http:\/\/www.mbnp.archidiecezja.wroc.pl\/index.php?rest_route=\/wp\/v2\/pages\/91"}],"collection":[{"href":"http:\/\/www.mbnp.archidiecezja.wroc.pl\/index.php?rest_route=\/wp\/v2\/pages"}],"about":[{"href":"http:\/\/www.mbnp.archidiecezja.wroc.pl\/index.php?rest_route=\/wp\/v2\/types\/page"}],"author":[{"embeddable":true,"href":"http:\/\/www.mbnp.archidiecezja.wroc.pl\/index.php?rest_route=\/wp\/v2\/users\/7"}],"replies":[{"embeddable":true,"href":"http:\/\/www.mbnp.archidiecezja.wroc.pl\/index.php?rest_route=%2Fwp%2Fv2%2Fcomments&post=91"}],"version-history":[{"count":27,"href":"http:\/\/www.mbnp.archidiecezja.wroc.pl\/index.php?rest_route=\/wp\/v2\/pages\/91\/revisions"}],"predecessor-version":[{"id":3007,"href":"http:\/\/www.mbnp.archidiecezja.wroc.pl\/index.php?rest_route=\/wp\/v2\/pages\/91\/revisions\/3007"}],"up":[{"embeddable":true,"href":"http:\/\/www.mbnp.archidiecezja.wroc.pl\/index.php?rest_route=\/wp\/v2\/pages\/87"}],"wp:attachment":[{"href":"http:\/\/www.mbnp.archidiecezja.wroc.pl\/index.php?rest_route=%2Fwp%2Fv2%2Fmedia&parent=91"}],"curies":[{"name":"wp","href":"https:\/\/api.w.org\/{rel}","templated":true}]}}