{"id":89,"date":"2015-11-21T16:23:39","date_gmt":"2015-11-21T15:23:39","guid":{"rendered":"http:\/\/serwer1527024.home.pl\/pub\/wordpress\/?page_id=89"},"modified":"2024-01-08T22:49:55","modified_gmt":"2024-01-08T21:49:55","slug":"akcja-katolicka","status":"publish","type":"page","link":"http:\/\/www.mbnp.archidiecezja.wroc.pl\/?page_id=89","title":{"rendered":"Akcja Katolicka"},"content":{"rendered":"<table class=\"table table-responsive\" style=\"height: 107px;\" width=\"710\">\n<tbody>\n<tr>\n<td><a href=\"http:\/\/www.mbnp.archidiecezja.wroc.pl\/wp-content\/uploads\/2015\/11\/AK_logo.jpg\" rel=\"lightbox[89]\"><img decoding=\"async\" loading=\"lazy\" class=\"aligncenter wp-image-758\" src=\"http:\/\/www.mbnp.archidiecezja.wroc.pl\/wp-content\/uploads\/2015\/11\/AK_logo-759x1024.jpg\" alt=\"AK_logo\" width=\"121\" height=\"163\" srcset=\"http:\/\/www.mbnp.archidiecezja.wroc.pl\/wp-content\/uploads\/2015\/11\/AK_logo-759x1024.jpg 759w, http:\/\/www.mbnp.archidiecezja.wroc.pl\/wp-content\/uploads\/2015\/11\/AK_logo-222x300.jpg 222w, http:\/\/www.mbnp.archidiecezja.wroc.pl\/wp-content\/uploads\/2015\/11\/AK_logo.jpg 1214w\" sizes=\"(max-width: 121px) 100vw, 121px\" \/><\/a><\/td>\n<td style=\"text-align: left;\">&nbsp;<\/p>\n<p><strong>Parafialny Oddzia\u0142 Akcji Katolickiej<\/strong><br \/>\n<strong> im. Ks. Pra\u0142ata Franciszka Skorusy<\/strong><br \/>\n<strong> przy parafii NMP Nieustaj\u0105cej Pomocy we Wroc\u0142awiu<\/strong><\/td>\n<\/tr>\n<\/tbody>\n<\/table>\n<p style=\"text-indent: 1cm;\">Parafialny Oddzia\u0142 Akcji Katolickiej przy parafii NMP Nieustaj\u0105cej Pomocy we Wroc\u0142awiu &#8211; Muchob\u00f3r Ma\u0142y <strong>zosta\u0142 powo\u0142any dnia 9.03.2010 r.<\/strong> przez \u00f3wczesnego proboszcza \u015bp. Ksi\u0119dza Pra\u0142ata Franciszka Skorus\u0119.<\/p>\n<p style=\"text-indent: 1cm;\">Akcja Katolicka jest stowarzyszeniem w kt\u00f3rym katolicy \u015bwieccy mog\u0105 realizowa\u0107 powo\u0142anie, kt\u00f3re otrzymali na mocy Sakramentu Chrztu \u015awi\u0119tego i Bierzmowania. <strong>Zasadniczym celem Akcji Katolickiej jest praca ewangelizacyjna i pog\u0142\u0119bianie formacji chrze\u015bcija\u0144skiej jej cz\u0142onk\u00f3w<\/strong>, a tak\u017ce ich otoczenia oraz organizowanie bezpo\u015bredniej wsp\u00f3\u0142pracy katolik\u00f3w \u015bwieckich z hierarchi\u0105 ko\u015bcieln\u0105 w PROWADZENIU MISJI APOSTOLSKIEJ KO\u015aCIO\u0141A.<\/p>\n<p style=\"text-indent: 1cm;\">Podstaw\u0105 dzia\u0142alno\u015bci Akcji Katolickiej jest Statut Akcji Katolickiej w Polsce, przyj\u0119ty Uchwa\u0142\u0105 nr 10\/353\/2010 Konferencji Episkopatu Polski w dniu 29.09.2010 r.<\/p>\n<p style=\"text-indent: 1cm;\">Jako wsp\u00f3lnota parafialna uczestniczymy w: Adoracjach Naj\u015bwi\u0119tszego Sakramentu, procesji Bo\u017cego Cia\u0142a, Odpu\u015bcie Parafialnym, Uroczysto\u015bci Chrystusa Kr\u00f3la Wszech\u015bwiata oraz wsp\u00f3lnych op\u0142atkach.<br \/>\n<a href=\"http:\/\/www.mbnp.archidiecezja.wroc.pl\/wp-content\/uploads\/2015\/11\/AK_sw_wojciech.jpg\" rel=\"lightbox[89]\"><img decoding=\"async\" loading=\"lazy\" class=\"alignright wp-image-766\" src=\"http:\/\/www.mbnp.archidiecezja.wroc.pl\/wp-content\/uploads\/2015\/11\/AK_sw_wojciech.jpg\" alt=\"\" width=\"105\" height=\"150\" srcset=\"http:\/\/www.mbnp.archidiecezja.wroc.pl\/wp-content\/uploads\/2015\/11\/AK_sw_wojciech.jpg 600w, http:\/\/www.mbnp.archidiecezja.wroc.pl\/wp-content\/uploads\/2015\/11\/AK_sw_wojciech-210x300.jpg 210w\" sizes=\"(max-width: 105px) 100vw, 105px\" \/><\/a>Naszym Patronem jest <strong>\u015awi\u0119ty Wojciech<\/strong>. Dzie\u0144 jego liturgicznego wspomnienia (23 kwietnia) jest dniem szczeg\u00f3lnym dla wszystkich cz\u0142onk\u00f3w Akcji Katolickiej: uczestniczymy we Mszy \u015awi\u0119tej, modlimy si\u0119 za nasz\u0105 wsp\u00f3lnot\u0119, a po Mszy \u015awi\u0119tej udajemy si\u0119 na wsp\u00f3ln\u0105 agap\u0119.<\/p>\n<p style=\"text-indent: 1cm;\">Aktualnie Parafialny Oddzia\u0142 Akcji Katolickiej <strong>liczy 17 cz\u0142onk\u00f3w.<\/strong><\/p>\n<p style=\"text-indent: 1cm;\">Spotkania cz\u0142onk\u00f3w Parafialnego Oddzia\u0142u Akcji Katolickiej <strong>odbywaj\u0105 si\u0119 w ka\u017cdy pierwszy poniedzia\u0142ek miesi\u0105ca po Mszy \u015awi\u0119tej wieczornej w Auli Parafialnej.<\/strong><\/p>\n<p style=\"text-indent: 1cm;\">Zach\u0119camy i zapraszamy wszystkich ch\u0119tnych, chc\u0105cych w\u0142\u0105czy\u0107 si\u0119 w realizacj\u0119 zada\u0144 Stowarzyszenia, do wst\u0105pienia w szeregi Parafialnego Oddzia\u0142u Akcji Katolickiej.<\/p>\n<p style=\"text-align: center;\"><strong>KR\u00d3LUJ NAM CHRYSTE !<\/strong><\/p>\n<p>&nbsp;<\/p>\n<p><a href=\"http:\/\/www.mbnp.archidiecezja.wroc.pl\/wp-content\/uploads\/2016\/01\/szak7.jpg\" rel=\"lightbox[89]\"><img decoding=\"async\" loading=\"lazy\" class=\"aligncenter wp-image-529 size-large\" src=\"http:\/\/www.mbnp.archidiecezja.wroc.pl\/wp-content\/uploads\/2016\/01\/szak7-1024x681.jpg\" alt=\"KONICA MINOLTA DIGITAL CAMERA\" width=\"648\" height=\"431\" srcset=\"http:\/\/www.mbnp.archidiecezja.wroc.pl\/wp-content\/uploads\/2016\/01\/szak7.jpg 1024w, http:\/\/www.mbnp.archidiecezja.wroc.pl\/wp-content\/uploads\/2016\/01\/szak7-300x200.jpg 300w\" sizes=\"(max-width: 648px) 100vw, 648px\" \/><\/a><\/p>\n<p style=\"text-align: center;\">Dnia 11 listopada 2015 r. w \u015awi\u0119to Niepodleg\u0142o\u015bci zosta\u0142a odprawiona uroczysta Msza \u015awi\u0119ta za Ojczyzn\u0119, podczas kt\u00f3rej zosta\u0142 <strong>po\u015bwi\u0119cony sztandar Parafialnego Oddzia\u0142u Akcji Katolickiej <\/strong>\u2013 ukoronowanie 5-lecia dzia\u0142alno\u015bci P.O.A.K. Po\u015bwi\u0119cenia sztandaru dokona\u0142 ks. dr Marian Biskup \u2013 Asystent Diecezjalny Akcji Katolickiej.<\/p>\n","protected":false},"excerpt":{"rendered":"<p>&nbsp; Parafialny Oddzia\u0142 Akcji Katolickiej im. Ks. Pra\u0142ata Franciszka Skorusy przy parafii NMP Nieustaj\u0105cej Pomocy we Wroc\u0142awiu Parafialny Oddzia\u0142 Akcji Katolickiej przy parafii NMP Nieustaj\u0105cej Pomocy we Wroc\u0142awiu &#8211; Muchob\u00f3r &#8230;<\/p>\n","protected":false},"author":7,"featured_media":0,"parent":87,"menu_order":3,"comment_status":"closed","ping_status":"closed","template":"","meta":[],"_links":{"self":[{"href":"http:\/\/www.mbnp.archidiecezja.wroc.pl\/index.php?rest_route=\/wp\/v2\/pages\/89"}],"collection":[{"href":"http:\/\/www.mbnp.archidiecezja.wroc.pl\/index.php?rest_route=\/wp\/v2\/pages"}],"about":[{"href":"http:\/\/www.mbnp.archidiecezja.wroc.pl\/index.php?rest_route=\/wp\/v2\/types\/page"}],"author":[{"embeddable":true,"href":"http:\/\/www.mbnp.archidiecezja.wroc.pl\/index.php?rest_route=\/wp\/v2\/users\/7"}],"replies":[{"embeddable":true,"href":"http:\/\/www.mbnp.archidiecezja.wroc.pl\/index.php?rest_route=%2Fwp%2Fv2%2Fcomments&post=89"}],"version-history":[{"count":21,"href":"http:\/\/www.mbnp.archidiecezja.wroc.pl\/index.php?rest_route=\/wp\/v2\/pages\/89\/revisions"}],"predecessor-version":[{"id":1155,"href":"http:\/\/www.mbnp.archidiecezja.wroc.pl\/index.php?rest_route=\/wp\/v2\/pages\/89\/revisions\/1155"}],"up":[{"embeddable":true,"href":"http:\/\/www.mbnp.archidiecezja.wroc.pl\/index.php?rest_route=\/wp\/v2\/pages\/87"}],"wp:attachment":[{"href":"http:\/\/www.mbnp.archidiecezja.wroc.pl\/index.php?rest_route=%2Fwp%2Fv2%2Fmedia&parent=89"}],"curies":[{"name":"wp","href":"https:\/\/api.w.org\/{rel}","templated":true}]}}