{"id":82,"date":"2015-11-21T16:16:24","date_gmt":"2015-11-21T15:16:24","guid":{"rendered":"http:\/\/serwer1527024.home.pl\/pub\/wordpress\/?page_id=82"},"modified":"2019-12-29T20:57:01","modified_gmt":"2019-12-29T19:57:01","slug":"kancelaria-parafialna","status":"publish","type":"page","link":"http:\/\/www.mbnp.archidiecezja.wroc.pl\/?page_id=82","title":{"rendered":"Kancelaria parafialna"},"content":{"rendered":"<p><a href=\"http:\/\/www.mbnp.archidiecezja.wroc.pl\/wp-content\/uploads\/2015\/11\/Kancelaria.jpg\" rel=\"lightbox[82]\"><img decoding=\"async\" loading=\"lazy\" class=\"alignleft wp-image-1916 size-medium\" src=\"http:\/\/www.mbnp.archidiecezja.wroc.pl\/wp-content\/uploads\/2015\/11\/Kancelaria-300x201.jpg\" alt=\"\" width=\"300\" height=\"201\" srcset=\"http:\/\/www.mbnp.archidiecezja.wroc.pl\/wp-content\/uploads\/2015\/11\/Kancelaria-300x201.jpg 300w, http:\/\/www.mbnp.archidiecezja.wroc.pl\/wp-content\/uploads\/2015\/11\/Kancelaria-1024x686.jpg 1024w, http:\/\/www.mbnp.archidiecezja.wroc.pl\/wp-content\/uploads\/2015\/11\/Kancelaria.jpg 1162w\" sizes=\"(max-width: 300px) 100vw, 300px\" \/><\/a><\/p>\n<p>Kancelaria parafialna jest czynna w nast\u0119puj\u0105cych terminach:<\/p>\n<p><strong>&#8211; \u015broda- po wieczornej Mszy \u015bw.,<\/strong><\/p>\n<p><strong>&#8211; czwartek- po porannej\u00a0 Mszy \u015bw.<\/strong><\/p>\n<p>W styczniu, kancelaria czynna tylko w czwartki: 8:15- 9:00, a w sprawach pilnych codziennie mo\u017cna si\u0119 zg\u0142asza\u0107\u00a0 do zakrystii, bezpo\u015brednio po porannej Mszy \u015bw.<\/p>\n<p>W \u015bwi\u0119ta ko\u015bcielne i pa\u0144stwowe kancelaria jest nieczynna.<\/p>\n<p><strong>W sprawach pilnych<\/strong> (takich jak pogrzeb, wezwanie do chorego) prosz\u0119 si\u0119 zg\u0142asza\u0107 w dni powszednie po rannej lub wieczornej Mszy \u015aw. lub zg\u0142asza\u0107 telefonicznie: <strong>71-373-72-45<\/strong>.<\/p>\n<p>Intencje mszalne mo\u017cna zamawia\u0107 w godzinach urz\u0119dowania kancelarii oraz w zakrystii po ka\u017cdej Mszy \u015aw. w tygodniu i niedziele.<\/p>\n<p>Wszelkie informacje o dokumentach wymaganych do przyj\u0119cia odpowiednich sakrament\u00f3w \u015bwi\u0119tych znajduj\u0105 si\u0119 z poszczeg\u00f3lnych zak\u0142adkach dzia\u0142u \u201eSakramenty\u201d.<\/p>\n","protected":false},"excerpt":{"rendered":"<p>Kancelaria parafialna jest czynna w nast\u0119puj\u0105cych terminach: &#8211; \u015broda- po wieczornej Mszy \u015bw., &#8211; czwartek- po porannej\u00a0 Mszy \u015bw. W styczniu, kancelaria czynna tylko w czwartki: 8:15- 9:00, a w &#8230;<\/p>\n","protected":false},"author":7,"featured_media":0,"parent":73,"menu_order":2,"comment_status":"closed","ping_status":"closed","template":"","meta":[],"_links":{"self":[{"href":"http:\/\/www.mbnp.archidiecezja.wroc.pl\/index.php?rest_route=\/wp\/v2\/pages\/82"}],"collection":[{"href":"http:\/\/www.mbnp.archidiecezja.wroc.pl\/index.php?rest_route=\/wp\/v2\/pages"}],"about":[{"href":"http:\/\/www.mbnp.archidiecezja.wroc.pl\/index.php?rest_route=\/wp\/v2\/types\/page"}],"author":[{"embeddable":true,"href":"http:\/\/www.mbnp.archidiecezja.wroc.pl\/index.php?rest_route=\/wp\/v2\/users\/7"}],"replies":[{"embeddable":true,"href":"http:\/\/www.mbnp.archidiecezja.wroc.pl\/index.php?rest_route=%2Fwp%2Fv2%2Fcomments&post=82"}],"version-history":[{"count":11,"href":"http:\/\/www.mbnp.archidiecezja.wroc.pl\/index.php?rest_route=\/wp\/v2\/pages\/82\/revisions"}],"predecessor-version":[{"id":4199,"href":"http:\/\/www.mbnp.archidiecezja.wroc.pl\/index.php?rest_route=\/wp\/v2\/pages\/82\/revisions\/4199"}],"up":[{"embeddable":true,"href":"http:\/\/www.mbnp.archidiecezja.wroc.pl\/index.php?rest_route=\/wp\/v2\/pages\/73"}],"wp:attachment":[{"href":"http:\/\/www.mbnp.archidiecezja.wroc.pl\/index.php?rest_route=%2Fwp%2Fv2%2Fmedia&parent=82"}],"curies":[{"name":"wp","href":"https:\/\/api.w.org\/{rel}","templated":true}]}}