{"id":807,"date":"2016-02-05T12:00:58","date_gmt":"2016-02-05T11:00:58","guid":{"rendered":"http:\/\/www.mbnp.archidiecezja.wroc.pl\/wordpress\/?page_id=807"},"modified":"2024-08-26T16:05:09","modified_gmt":"2024-08-26T14:05:09","slug":"rocznica-pierwszej-komunii-swietej","status":"publish","type":"page","link":"http:\/\/www.mbnp.archidiecezja.wroc.pl\/?page_id=807","title":{"rendered":"Rocznica Pierwszej Komunii \u015awi\u0119tej"},"content":{"rendered":"<p><span style=\"color: #ff0000;\">Rocznica I Komunii \u015awi\u0119tej odb\u0119dzie si\u0119 18 maja 2025r. o godz. 13.00<\/span><\/p>\n","protected":false},"excerpt":{"rendered":"<p>Rocznica I Komunii \u015awi\u0119tej odb\u0119dzie si\u0119 18 maja 2025r. o godz. 13.00<\/p>\n","protected":false},"author":7,"featured_media":0,"parent":156,"menu_order":2,"comment_status":"closed","ping_status":"closed","template":"","meta":[],"_links":{"self":[{"href":"http:\/\/www.mbnp.archidiecezja.wroc.pl\/index.php?rest_route=\/wp\/v2\/pages\/807"}],"collection":[{"href":"http:\/\/www.mbnp.archidiecezja.wroc.pl\/index.php?rest_route=\/wp\/v2\/pages"}],"about":[{"href":"http:\/\/www.mbnp.archidiecezja.wroc.pl\/index.php?rest_route=\/wp\/v2\/types\/page"}],"author":[{"embeddable":true,"href":"http:\/\/www.mbnp.archidiecezja.wroc.pl\/index.php?rest_route=\/wp\/v2\/users\/7"}],"replies":[{"embeddable":true,"href":"http:\/\/www.mbnp.archidiecezja.wroc.pl\/index.php?rest_route=%2Fwp%2Fv2%2Fcomments&post=807"}],"version-history":[{"count":7,"href":"http:\/\/www.mbnp.archidiecezja.wroc.pl\/index.php?rest_route=\/wp\/v2\/pages\/807\/revisions"}],"predecessor-version":[{"id":7315,"href":"http:\/\/www.mbnp.archidiecezja.wroc.pl\/index.php?rest_route=\/wp\/v2\/pages\/807\/revisions\/7315"}],"up":[{"embeddable":true,"href":"http:\/\/www.mbnp.archidiecezja.wroc.pl\/index.php?rest_route=\/wp\/v2\/pages\/156"}],"wp:attachment":[{"href":"http:\/\/www.mbnp.archidiecezja.wroc.pl\/index.php?rest_route=%2Fwp%2Fv2%2Fmedia&parent=807"}],"curies":[{"name":"wp","href":"https:\/\/api.w.org\/{rel}","templated":true}]}}