{"id":798,"date":"2016-02-05T11:49:15","date_gmt":"2016-02-05T10:49:15","guid":{"rendered":"http:\/\/www.mbnp.archidiecezja.wroc.pl\/wordpress\/?page_id=798"},"modified":"2016-02-05T11:49:15","modified_gmt":"2016-02-05T10:49:15","slug":"modlitwa-o-siedem-darow-ducha-swietego","status":"publish","type":"page","link":"http:\/\/www.mbnp.archidiecezja.wroc.pl\/?page_id=798","title":{"rendered":"Modlitwa o siedem dar\u00f3w Ducha \u015awi\u0119tego"},"content":{"rendered":"<h3>Modlitwa o siedem dar\u00f3w Ducha \u015awi\u0119tego<\/h3>\n<p>Duchu Przenaj\u015bwi\u0119tszy, Pocieszycielu, u\u015bwi\u0119caj\u0105cy dusze nasze, racz mi udzieli\u0107<strong> daru m\u0105dro\u015bci<\/strong>, abym pozna\u0142 i umi\u0142owa\u0142 prawd\u0119 wiekuist\u0105 i nigdy d\u00f3br tego \u015bwiata nie przedk\u0142ada\u0142 nad dobro wieczne.<br \/>\nDaj mi <strong>dar rozumu<\/strong>, abym pozna\u0142 prawdy objawione.<br \/>\nDaj mi <strong>dar umiej\u0119tno\u015bci<\/strong>, abym si\u0119 przekona\u0142 o nico\u015bci swojej i wszelkich rzeczy stworzonych. \u017bebym wszystko odnosi\u0142 do Boga wed\u0142ug uczu\u0107 Serca Jezusowego.<br \/>\nDaj mi <strong>dar rady<\/strong>, abym ostro\u017cnie post\u0119powa\u0142 w\u015br\u00f3d niebezpiecze\u0144stw \u017cycia doczesnego i spe\u0142nia\u0142 wol\u0119 Bo\u017c\u0105.<br \/>\nDaj mi <strong>dar m\u0119stwa<\/strong>, abym przezwyci\u0119\u017ca\u0142 pokusy nieprzyjaciela i znosi\u0142 prze\u015bladowania, na kt\u00f3re m\u00f3g\u0142bym by\u0107 wystawiony.<br \/>\nDaj mi <strong>dar pobo\u017cno\u015bci<\/strong>, abym si\u0119 rozmi\u0142owa\u0142 w rozmy\u015blaniu, w modlitwie i w tym wszystkim, co si\u0119 do s\u0142u\u017cby Bo\u017cej odnosi.<br \/>\nDaj mi <strong>dar boja\u017ani Bo\u017cej<\/strong>, abym pilnie unika\u0142 wszystkiego, co by Ci\u0119 obrazi\u0107 mog\u0142o, abym si\u0119 ba\u0142 grzechu bardziej ni\u017c \u015bmierci, a to jedynie dla mi\u0142o\u015bci Twojej.<br \/>\nDo tych wszystkich dar\u00f3w, o Duchu \u015awi\u0119ty, dodaj mi dar pokuty, abym grzechy swoje op\u0142akiwa\u0142, i ducha umartwienia, abym zado\u015b\u0107 uczyni\u0142 Boskiej sprawiedliwo\u015bci.<br \/>\nNape\u0142nij Duchu \u015awi\u0119ty, serce moje Bosk\u0105 mi\u0142o\u015bci\u0105 i \u0142ask\u0105 wytrwania, abym \u017cy\u0142 po chrze\u015bcija\u0144sku i umar\u0142 \u015bmierci\u0105 \u015bwi\u0105tobliw\u0105. Amen<\/p>\n","protected":false},"excerpt":{"rendered":"<p>Modlitwa o siedem dar\u00f3w Ducha \u015awi\u0119tego Duchu Przenaj\u015bwi\u0119tszy, Pocieszycielu, u\u015bwi\u0119caj\u0105cy dusze nasze, racz mi udzieli\u0107 daru m\u0105dro\u015bci, abym pozna\u0142 i umi\u0142owa\u0142 prawd\u0119 wiekuist\u0105 i nigdy d\u00f3br tego \u015bwiata nie przedk\u0142ada\u0142 &#8230;<\/p>\n","protected":false},"author":7,"featured_media":0,"parent":154,"menu_order":1,"comment_status":"closed","ping_status":"closed","template":"","meta":[],"_links":{"self":[{"href":"http:\/\/www.mbnp.archidiecezja.wroc.pl\/index.php?rest_route=\/wp\/v2\/pages\/798"}],"collection":[{"href":"http:\/\/www.mbnp.archidiecezja.wroc.pl\/index.php?rest_route=\/wp\/v2\/pages"}],"about":[{"href":"http:\/\/www.mbnp.archidiecezja.wroc.pl\/index.php?rest_route=\/wp\/v2\/types\/page"}],"author":[{"embeddable":true,"href":"http:\/\/www.mbnp.archidiecezja.wroc.pl\/index.php?rest_route=\/wp\/v2\/users\/7"}],"replies":[{"embeddable":true,"href":"http:\/\/www.mbnp.archidiecezja.wroc.pl\/index.php?rest_route=%2Fwp%2Fv2%2Fcomments&post=798"}],"version-history":[{"count":1,"href":"http:\/\/www.mbnp.archidiecezja.wroc.pl\/index.php?rest_route=\/wp\/v2\/pages\/798\/revisions"}],"predecessor-version":[{"id":799,"href":"http:\/\/www.mbnp.archidiecezja.wroc.pl\/index.php?rest_route=\/wp\/v2\/pages\/798\/revisions\/799"}],"up":[{"embeddable":true,"href":"http:\/\/www.mbnp.archidiecezja.wroc.pl\/index.php?rest_route=\/wp\/v2\/pages\/154"}],"wp:attachment":[{"href":"http:\/\/www.mbnp.archidiecezja.wroc.pl\/index.php?rest_route=%2Fwp%2Fv2%2Fmedia&parent=798"}],"curies":[{"name":"wp","href":"https:\/\/api.w.org\/{rel}","templated":true}]}}