{"id":77,"date":"2015-11-21T16:15:50","date_gmt":"2015-11-21T15:15:50","guid":{"rendered":"http:\/\/serwer1527024.home.pl\/pub\/wordpress\/?page_id=77"},"modified":"2022-02-27T07:29:57","modified_gmt":"2022-02-27T06:29:57","slug":"nabozenstwa","status":"publish","type":"page","link":"http:\/\/www.mbnp.archidiecezja.wroc.pl\/?page_id=77","title":{"rendered":"Nabo\u017ce\u0144stwa"},"content":{"rendered":"<h3 style=\"text-align: center;\"><strong>Porz\u0105dek Mszy \u015awi\u0119tych:<\/strong><\/h3>\n<p><span style=\"color: #ff0000;\"><strong>Niedziela (wrzesie\u0144- czerwiec):<\/strong><\/span><\/p>\n<p><strong>7.30, 9.30, 11.00<\/strong> \u2013 z udzia\u0142em dzieci, <strong>12.30<\/strong> \u2013 suma i <strong>18.00<\/strong> \u2013 z udzia\u0142em m\u0142odzie\u017cy<\/p>\n<p><span style=\"color: #008000;\"><strong>Dni powszednie:<\/strong><\/span><\/p>\n<p><strong>7.00 i 18.00<\/strong> (w styczniu Msze \u015bw. wieczorne odprawiane s\u0105 tylko w \u015brody, soboty i niedziele)<\/p>\n<p><span style=\"color: #ff0000;\"><strong>Niedziela (w lipcu i sierpniu):<\/strong><\/span><\/p>\n<p><strong>7.30, 9.30, 11.00, 12.30, 19.00<\/strong><\/p>\n<h3 style=\"text-align: center;\"><strong>Porz\u0105dek nabo\u017ce\u0144stw:<\/strong><\/h3>\n<h2><span style=\"color: #008000;\"><strong>Nabo\u017ce\u0144stwa cykliczne:<\/strong><\/span><\/h2>\n<p><span style=\"color: #0000ff;\"><strong><em>Adoracja Naj\u015bwi\u0119tszego Sakramentu<\/em><\/strong><\/span><\/p>\n<p>\u015aroda godz. 15:00- 18:00<\/p>\n<p><strong><span style=\"color: #0000ff;\"><em>Nowenna i godzinki do NMP Nieustaj\u0105cej Pomocy:<\/em><\/span><\/strong><br \/>\u015aroda o godz. 17.30<\/p>\n<p><strong><span style=\"color: #0000ff;\"><em>Godzinki o Niepokalanym Pocz\u0119ciu NMP:<\/em><\/span><\/strong><br \/>Niedziela o godz. 7.00<\/p>\n<p><strong><span style=\"color: #0000ff;\"><em>Nieszpory:<\/em><\/span><\/strong><br \/>I niedziela miesi\u0105ca o godz. 17.30 (18:30 &#8211; lipiec\/ sierpie\u0144)<\/p>\n<p><strong><span style=\"color: #0000ff;\"><em>Nabo\u017ce\u0144stwo do Mi\u0142osierdzia Bo\u017cego:<\/em><\/span><\/strong><br \/>II niedziela miesi\u0105ca o godz. 17.30 (18:30 &#8211; lipiec\/ sierpie\u0144)<\/p>\n<p><strong><span style=\"color: #0000ff;\"><em>Nabo\u017ce\u0144stwo do \u015bw. Charbela:<\/em><\/span><\/strong><br \/>III niedziela miesi\u0105ca o godz. 17.30 (18:30 &#8211; lipiec\/ sierpie\u0144)<\/p>\n<p><strong><span style=\"color: #0000ff;\"><em>Nabo\u017ce\u0144stwo do \u015bw. Dominika Savio:<\/em><\/span><\/strong><br \/>I czwartek miesi\u0105ca po wieczornej Mszy \u015bw.<\/p>\n<p><span style=\"color: #0000ff;\"><strong><em>Koronka do Bo\u017cego Mi\u0142osierdzia:<\/em><\/strong><\/span><\/p>\n<p>\u015aroda o godz.15:00<\/p>\n<p>Czwartek o godz. 7:30, po porannej Mszy \u015bw.<\/p>\n<p><span style=\"color: #0000ff;\"><strong><em>Nieustanny R\u00f3\u017caniec:<\/em><\/strong><\/span><br \/>Ka\u017cdy 6. dzie\u0144 miesi\u0105ca, przez ca\u0142a dob\u0119, wed\u0142ug zobowi\u0105za\u0144 cz\u0142onk\u00f3w Wsp\u00f3lnoty Nieustannego R\u00f3\u017ca\u0144ca, kt\u00f3rzy modl\u0105 si\u0119 w swoich domach.<\/p>\n<p><span style=\"color: #0000ff;\"><strong><em>Koronka do Siedmiu Bole\u015bci Naj\u015bwi\u0119tszej Maryi Panny:<\/em><\/strong><\/span><br \/>Ka\u017cdy ostatni pi\u0105tek miesi\u0105ca o godz. 17:30<\/p>\n<p><span style=\"color: #0000ff;\"><strong><em>Adoracja Naj\u015bwi\u0119tszego Sakramentu dla Wsp\u00f3lnot:<\/em><\/strong><\/span><\/p>\n<ol>\n<li>Akcja Katolicka- ka\u017cdy pierwszy poniedzia\u0142ek miesi\u0105ca o godz. 17:30<\/li>\n<li>Caritas- ka\u017cdy ostatni poniedzia\u0142ek miesi\u0105ca o godz. 17:30<\/li>\n<\/ol>\n<p><span style=\"color: #0000ff;\"><strong><em>Nabo\u017ce\u0144stwo Pi\u0119ciu Pierwszych Sob\u00f3t Miesi\u0105ca:<\/em><\/strong><\/span><br \/>Ka\u017cdy pierwsza sobota miesi\u0105ca, o godz. 7:00 Msza \u015bw. ku czci Naj\u015bwi\u0119tszego Serca Pana Jezusa i Niepokalanego Serca Maryi, a po niej Adoracja Naj\u015bwi\u0119tszego Sakramentu i R\u00f3\u017caniec wynagradzaj\u0105cy.<\/p>\n<p><span style=\"color: #0000ff;\"><strong><em>Msza \u015bw. za Ojczyzn\u0119:<\/em><\/strong><\/span><br \/>Ka\u017cdego 10. dnia miesi\u0105ca, z wyj\u0105tkiem maja (03 V) i listopada (11 XI).<\/p>\n<h2><span style=\"color: #008000;\"><strong>Nabo\u017ce\u0144stwa okresowe:<\/strong><\/span><\/h2>\n<p><strong><em><span style=\"color: #0000ff;\">Roraty w dni powszednie Adwentu:<\/span><\/em><\/strong><\/p>\n<p>-w poniedzia\u0142ek, wtorek, czwartek i pi\u0105tek o godz. 18.00<\/p>\n<p>-w \u015brod\u0119 i sobot\u0119 o godz. 7.00<\/p>\n<p><em><strong><span style=\"color: #0000ff;\">Droga Krzy\u017cowa:<\/span> <\/strong><\/em>w pi\u0105tki Wielkiego Postu o godz. 9.30, 17.15 \u2013 z udzia\u0142em dzieci, 18.30<\/p>\n<p><em><strong><span style=\"color: #0000ff;\">Gorzkie \u017bale z kazaniem pasyjnym:<\/span> <\/strong><\/em>w niedziele Wielkiego Postu o godz. 17.15<\/p>\n<p><span style=\"color: #0000ff;\"><strong><em>Nabo\u017ce\u0144stwa Fatimskie:<\/em><\/strong><\/span><br \/>Ka\u017cdy 13. dzie\u0144 miesi\u0105ca, od maja do pa\u017adziernika; Msza \u015bw. o godz. 18:00, a po niej R\u00f3\u017caniec po\u0142\u0105czony z procesj\u0105 wok\u00f3\u0142 Ko\u015bcio\u0142a, a w maju ulicami osiedla.<\/p>\n<p><strong><em><span style=\"color: #0000ff;\">Nabo\u017ce\u0144stwo majowe:<\/span><\/em><\/strong> codziennie o godz. 17.30<\/p>\n<p><em><strong><span style=\"color: #0000ff;\">Nabo\u017ce\u0144stwo czerwcowe:<\/span><\/strong><\/em> codziennie o godz. 17.30.<\/p>\n<p><em><strong><span style=\"color: #0000ff;\">Nabo\u017ce\u0144stwo r\u00f3\u017ca\u0144cowe w pa\u017adzierniku:<\/span><\/strong><\/em> codziennie o godz. 17.30<\/p>\n<p><em><strong><span style=\"color: #0000ff;\">Nabo\u017ce\u0144stwo wypominkowe:<\/span> <\/strong><\/em>w listopadzie (wed\u0142ug podanego grafiku): codziennie o godz. 17.30<\/p>\n<p><span style=\"color: #0000ff;\"><strong><em>Msza \u015bw. ku czci Bo\u017cego Mi\u0142osierdzia:<\/em><\/strong><\/span><br \/>W Niedziel\u0119 Mi\u0142osierdzia Bo\u017cego o godz. 15:00<\/p>\n<p><strong><em><span style=\"color: #0000ff;\">Uca\u0142owanie Relikwii:<\/span> <\/em><\/strong>w dni wspomnie\u0144 \u015awi\u0119tych i B\u0142ogos\u0142awionych, kt\u00f3rych relikwie znajduj\u0105 si\u0119 w tutejszej \u015awi\u0105tyni wierni mog\u0105 uca\u0142owa\u0107 ich relikwie:<\/p>\n<ol>\n<li>30 stycznia- b\u0142. Bronis\u0142awa Markiewicza<\/li>\n<li>15 lutego- b\u0142. Micha\u0142a Sopo\u0107ki<\/li>\n<li>09 marca- \u015bw. Dominika Savio<\/li>\n<li>21 maja- \u015bw. Eugeniusza de Mazzenod<\/li>\n<li>17 czerwca- \u015bw. Brata Alberta Chmielowskiego<\/li>\n<li>28 lipca- \u015bw. Charbela Makhlouf<\/li>\n<li>22 wrze\u015bnia- b\u0142. Bernardyny Jab\u0142o\u0144skiej<\/li>\n<li>05 pa\u017adziernika- \u015bw. Faustyny Kowalskiej<\/li>\n<li>13 pa\u017adziernika- b\u0142. Honorata Ko\u017ami\u0144skiego<\/li>\n<li>19 pa\u017adziernika- b\u0142. Jerzego Popie\u0142uszki<\/li>\n<li>22 pa\u017adziernika- \u015bw. Jana Paw\u0142a II<\/li>\n<li>24 pa\u017adziernika- \u015bw. Antoniego M. Claret<\/li>\n<li>18 listopada- bo. Karoliny K\u00f3zk\u00f3wny<\/li>\n<\/ol>\n\n\n<p><\/p>\n","protected":false},"excerpt":{"rendered":"<p>Porz\u0105dek Mszy \u015awi\u0119tych: Niedziela (wrzesie\u0144- czerwiec): 7.30, 9.30, 11.00 \u2013 z udzia\u0142em dzieci, 12.30 \u2013 suma i 18.00 \u2013 z udzia\u0142em m\u0142odzie\u017cy Dni powszednie: 7.00 i 18.00 (w styczniu Msze &#8230;<\/p>\n","protected":false},"author":7,"featured_media":0,"parent":73,"menu_order":1,"comment_status":"closed","ping_status":"closed","template":"","meta":[],"_links":{"self":[{"href":"http:\/\/www.mbnp.archidiecezja.wroc.pl\/index.php?rest_route=\/wp\/v2\/pages\/77"}],"collection":[{"href":"http:\/\/www.mbnp.archidiecezja.wroc.pl\/index.php?rest_route=\/wp\/v2\/pages"}],"about":[{"href":"http:\/\/www.mbnp.archidiecezja.wroc.pl\/index.php?rest_route=\/wp\/v2\/types\/page"}],"author":[{"embeddable":true,"href":"http:\/\/www.mbnp.archidiecezja.wroc.pl\/index.php?rest_route=\/wp\/v2\/users\/7"}],"replies":[{"embeddable":true,"href":"http:\/\/www.mbnp.archidiecezja.wroc.pl\/index.php?rest_route=%2Fwp%2Fv2%2Fcomments&post=77"}],"version-history":[{"count":27,"href":"http:\/\/www.mbnp.archidiecezja.wroc.pl\/index.php?rest_route=\/wp\/v2\/pages\/77\/revisions"}],"predecessor-version":[{"id":5786,"href":"http:\/\/www.mbnp.archidiecezja.wroc.pl\/index.php?rest_route=\/wp\/v2\/pages\/77\/revisions\/5786"}],"up":[{"embeddable":true,"href":"http:\/\/www.mbnp.archidiecezja.wroc.pl\/index.php?rest_route=\/wp\/v2\/pages\/73"}],"wp:attachment":[{"href":"http:\/\/www.mbnp.archidiecezja.wroc.pl\/index.php?rest_route=%2Fwp%2Fv2%2Fmedia&parent=77"}],"curies":[{"name":"wp","href":"https:\/\/api.w.org\/{rel}","templated":true}]}}