{"id":7292,"date":"2024-08-06T13:20:48","date_gmt":"2024-08-06T11:20:48","guid":{"rendered":"http:\/\/www.mbnp.archidiecezja.wroc.pl\/?page_id=7292"},"modified":"2024-08-06T13:40:00","modified_gmt":"2024-08-06T11:40:00","slug":"standardy-ochrony-maloletnich","status":"publish","type":"page","link":"http:\/\/www.mbnp.archidiecezja.wroc.pl\/?page_id=7292","title":{"rendered":"Standardy Ochrony Ma\u0142oletnich"},"content":{"rendered":"\n<figure class=\"wp-block-image\"><img decoding=\"async\" loading=\"lazy\" width=\"652\" height=\"439\" src=\"http:\/\/www.mbnp.archidiecezja.wroc.pl\/wp-content\/uploads\/2024\/08\/Standardy-ochrony-ma\u0142oletnich.jpeg\" alt=\"\" class=\"wp-image-7297\" srcset=\"http:\/\/www.mbnp.archidiecezja.wroc.pl\/wp-content\/uploads\/2024\/08\/Standardy-ochrony-ma\u0142oletnich.jpeg 652w, http:\/\/www.mbnp.archidiecezja.wroc.pl\/wp-content\/uploads\/2024\/08\/Standardy-ochrony-ma\u0142oletnich-300x202.jpeg 300w\" sizes=\"(max-width: 652px) 100vw, 652px\" \/><\/figure>\n\n\n\n<p><strong>Standardy Ochrony\nMa\u0142oletnich<\/strong><\/p>\n\n\n\n<p><strong>do stosowania\nw parafiach Archidiecezji Wroc\u0142awskiej<\/strong><strong><\/strong><\/p>\n\n\n\n<p>W parafii NMP Nieustaj\u0105cej Pomocy we\nWroc\u0142awiu Muchoborze Ma\u0142ym przy<br>\nul. Szkockiej 35 zosta\u0142 opracowany i wprowadzony w \u017cycie wewn\u0119trzny dokument, w\nkt\u00f3rym zawarta jest polityka ochrony przebywaj\u0105cych tam dzieci i os\u00f3b doros\u0142ych\nzgodnie z obowi\u0105zuj\u0105cymi standardami wyznaczonymi zar\u00f3wno przez dokumenty\npa\u0144stwowe (Ustaw\u0119 o zmianie ustawy Kodeks rodzinny i opieku\u0144czy oraz innych\nustaw z dn. 28 lipca 2023 r. \u2013 tzw \u201eUstawa Kamilka\u201d), jak i wskazania\nwynikaj\u0105ce z Wytycznych Ko\u015bcio\u0142a katolickiego w Polsce. Jego podstawowym celem jest zapewnienie\nbezpiecze\u0144stwa ma\u0142oletnim (w rozumieniu niniejszych <em>Standard\u00f3w<\/em> ma\u0142oletnim jest osoba, kt\u00f3ra nie uko\u0144czy\u0142a osiemnastego\nroku \u017cycia), dba\u0142o\u015b\u0107 o ich dobro, uwzgl\u0119dnianie ich potrzeb i podejmowanie\ndzia\u0142a\u0144 w ich jak najlepszym interesie.<em><\/em><\/p>\n\n\n\n<p><strong>Standard 1. &nbsp;Stworzenie i zachowanie bezpiecznego\n\u015brodowiska w parafii<\/strong><\/p>\n\n\n\n<p>1.\nPolityka ochrony ma\u0142oletnich w parafii dotyczy szczeg\u00f3\u0142owych zasad ich bezpiecze\u0144stwa\ni&nbsp;sposob\u00f3w ochrony, czyli:<\/p>\n\n\n\n<ul><li>rekrutacji personelu i os\u00f3b zaanga\u017cowanych duszpastersko w parafii;<\/li><li>bezpiecznych relacji pomi\u0119dzy doros\u0142ymi zatrudnionymi i pomagaj\u0105cymi duszpastersko w parafii a ma\u0142oletnimi;<\/li><li>bezpiecznych relacji pomi\u0119dzy ma\u0142oletnimi;<\/li><li>bezpiecznego korzystania z Internetu i medi\u00f3w elektronicznych;<\/li><li>zasady ochrony wizerunku i danych osobowych;<\/li><li>sposobu reagowania w parafii na przypadki podejrzenia, \u017ce ma\u0142oletni do\u015bwiadcza przemocy fizycznej, psychicznej czy seksualnej i zasad prowadzenia ksi\u0119gi interwencji;<\/li><li>pomocy osobom pokrzywdzonym.<\/li><\/ul>\n\n\n\n<p>2.\n<em>Standardy<\/em> zatwierdzone i podpisane\nprzez proboszcza parafii s\u0105 dost\u0119pne w&nbsp;parafii i podane do publicznej\nwiadomo\u015bci.<\/p>\n\n\n\n<p><strong>Standard 2. &nbsp;Weryfikacja, delegowanie i edukacja duchownych,\nos\u00f3b konsekrowanych <\/strong><strong>i&nbsp;\u015bwieckich\npracuj\u0105cych z ma\u0142oletnimi w parafii<\/strong><\/p>\n\n\n\n<p>1. Obowi\u0105zki proboszcza &nbsp;parafii<\/p>\n\n\n\n<p>Do obowi\u0105zk\u00f3w proboszcza parafii\nnale\u017cy wdra\u017canie w \u017cycie <em>Standard\u00f3w<\/em>.\nZa niestosowanie <em>Standard\u00f3w<\/em> w parafii\nodpowiedzialno\u015b\u0107 personalnie ponosi jej proboszcz\/administrator, r\u00f3wnie\u017c wobec\nprawa.<\/p>\n\n\n\n<p>O ka\u017cdej osobie (r\u00f3wnie\u017c\no sobie samym) zaanga\u017cowanej w parafii i maj\u0105cej kontakt z&nbsp;ma\u0142oletnimi w\nobszarze zwi\u0105zanym z wychowaniem, edukacj\u0105, wypoczynkiem, leczeniem,\n\u015bwiadczeniem porad psychologicznych, rozwojem duchowym, uprawianiem sportu lub\nrealizacj\u0105 innych zainteresowa\u0144 przez ma\u0142oletnich, lub z opiek\u0105 nad nimi\nproboszcz\/administrator parafii uzyskuje dane z <em>Rejestru Sprawc\u00f3w Przest\u0119pstw na Tle Seksualnym<\/em>; pobiera je\nosobi\u015bcie przez stron\u0119 internetow\u0105 Ministerstwa Sprawiedliwo\u015bci. Dokument\nzawieraj\u0105cy informacje z ww. rejestru proboszcz\/administrator parafii\nprzechowuje w wersji papierowej w archiwum parafialnym.<\/p>\n\n\n\n<p>Dodatkowo, przed\nnawi\u0105zaniem stosunku pracy lub przed dopuszczeniem osoby do dzia\u0142alno\u015bci (np.\nwolontariackiej) zwi\u0105zanej z wychowaniem, edukacj\u0105, wypoczynkiem, \u015bwiadczeniem\nporad psychologicznych, rozwojem duchowym, uprawianiem sportu lub realizacj\u0105\ninnych zainteresowa\u0144 przez ma\u0142oletnich, lub z opiek\u0105 nad nimi proboszcz &nbsp;parafii ma obowi\u0105zek uzyskania od tej osoby\ninformacji z&nbsp;<em>Krajowego Rejestru\nKarnego<\/em> w zakresie przest\u0119pstw okre\u015blonych w rozdz. XIX k.k. (przest\u0119pstwa\nprzeciwko \u017cyciu i zdrowiu) i XXV k.k. (przest\u0119pstwa przeciwko wolno\u015bci\nseksualnej i obyczajowo\u015bci) oraz w zakresie art. 189a k.k. (handel lud\u017ami), art.\n207 k.k. (zn\u0119canie si\u0119 nad osob\u0105 najbli\u017csz\u0105 lub pozostaj\u0105c\u0105 w stosunku\nzale\u017cno\u015bci) oraz przest\u0119pstw z ustawy o przeciwdzia\u0142aniu narkomanii. Je\u017celi\ntaka osoba posiada obywatelstwo inne ni\u017c polskie, powinna wybra\u0107 za\u015bwiadczenie\no niekaralno\u015bci z odpowiedniego urz\u0119du kraju, kt\u00f3rego jest obywatelem, je\u017celi\nza\u015b w ci\u0105gu ostatnich dwudziestu lat zamieszkiwa\u0142a za granic\u0105, powinna z\u0142o\u017cy\u0107\nstosowne o\u015bwiadczenie (za\u0142\u0105cznik: <em>O\u015bwiadczenie<\/em>).\nOrygina\u0142y wy\u017cej wymienionych za\u015bwiadcze\u0144 i o\u015bwiadcze\u0144 nale\u017cy przechowywa\u0107 w archiwum\nparafialnym w formie papierowej (w przypadku pobrania za\u015bwiadczenia z\nodpowiedniej instytucji) lub elektronicznej na odpowiednim no\u015bniku danych (w\nprzypadku pobrania za\u015bwiadczenia przez Internet).<\/p>\n\n\n\n<p>Obowi\u0105zkiem proboszcza\nparafii jest r\u00f3wnie\u017c odebranie od ka\u017cdej z os\u00f3b zaanga\u017cowanych w parafii\n(duchownych i \u015bwieckich) i maj\u0105cych kontakt z ma\u0142oletnimi deklaracji\nrespektowania <em>Standard\u00f3w<\/em> (za\u0142\u0105cznik: <em>Deklaracja<\/em>).<\/p>\n\n\n\n<p>Je\u015bli parafia zatrudnia\nfirmy z zewn\u0105trz lub udost\u0119pnia pomieszczenia podmiotom zewn\u0119trznym, a ich\ndzia\u0142alno\u015b\u0107 nie obejmuje kontaktu z ma\u0142oletnimi, nale\u017cy zadba\u0107 o to, aby\nma\u0142oletni nie przebywali sami w obecno\u015bci os\u00f3b z zewn\u0105trz. Wskazane jest\nr\u00f3wnie\u017c, aby te osoby lub zarz\u0105dc\u0119 podmiotu zewn\u0119trznego zapozna\u0107 ze <em>Standardami<\/em> a tak\u017ce przyj\u0105\u0107 od nich\ndeklaracj\u0119 respektowania <em>Standard\u00f3w<\/em>\n(za\u0142\u0105cznik: <em>Deklaracja<\/em>).<\/p>\n\n\n\n<p>Deklaracje respektowania <em>Standard\u00f3w<\/em> nale\u017cy przechowywa\u0107 w\narchiwum parafialnym.<\/p>\n\n\n\n<p>Ka\u017cda parafia musi\nposiada\u0107 ksi\u0119g\u0119 interwencji (np. w postaci segregatora), w kt\u00f3rej b\u0119d\u0105\ndokumentowane (w formie notatek s\u0142u\u017cbowych) wszelkie podj\u0119te dzia\u0142ania\ndotycz\u0105ce ochrony oraz interwencji i pomocy. Ksi\u0119g\u0119 interwencji&nbsp; prowadzi si\u0119 zgodnie z zasadami ochrony\ndanych wra\u017cliwych. Notatk\u0105 z ksi\u0119gi interwencji sformu\u0142owan\u0105 wed\u0142ug wytycznych (za\u0142\u0105cznik:\n<em>Notatka<\/em>) pos\u0142ugujemy si\u0119 np. przy\nzg\u0142oszeniu sprawy do odpowiednich organ\u00f3w pa\u0144stwowych i ko\u015bcielnych (np. MOPS,\nprokuratura, ko\u015bcielny delegat ds. ochrony dzieci i m\u0142odzie\u017cy).<\/p>\n\n\n\n<p>2.\nObowi\u0105zki duszpasterzy dzieci<\/p>\n\n\n\n<p>Duszpasterze\ndzieci powinni:<\/p>\n\n\n\n<ul><li>czuwa\u0107\nnad w\u0142asn\u0105 dojrza\u0142o\u015bci\u0105 emocjonaln\u0105, psychiczn\u0105, duchow\u0105;<\/li><li>stara\u0107\nsi\u0119 o dob\u00f3r wierz\u0105cych, rzetelnych, zweryfikowanych i odpowiednio\nprzeszkolonych os\u00f3b do pe\u0142nienia funkcji animator\u00f3w, wychowawc\u00f3w itd.;<\/li><li>wspiera\u0107\nma\u0142oletnich w ich rozwoju ku dojrza\u0142o\u015bci;<\/li><li>dba\u0107\no respektowanie zasad kultury (wobec ma\u0142oletnich i mi\u0119dzy nimi);<\/li><li>czuwa\u0107\nnad r\u00f3wnym traktowaniem wszystkich ma\u0142oletnich, z uwzgl\u0119dnieniem ich\nszczeg\u00f3lnych potrzeb i osobistych uwarunkowa\u0144;<\/li><li>dba\u0107\no przestrzeganie prawa do nienaruszalno\u015bci cielesnej i prywatno\u015bci;<\/li><li>organizowa\u0107\ndzia\u0142ania duszpasterskie w miejscach bezpiecznych;<\/li><li>utrzymywa\u0107\nkontakt z rodzicami ma\u0142oletnich;<\/li><li>dba\u0107\no przestrzeganie zasad prywatno\u015bci i ochrony wizerunku oraz danych osobowych ma\u0142oletnich.<\/li><\/ul>\n\n\n\n<p><strong>Standard 3. &nbsp;Spos\u00f3b reagowania na oskar\u017cenia lub\nniew\u0142a\u015bciwe zachowania<\/strong><\/p>\n\n\n\n<p>W\nprzypadkach przemocy fizycznej, psychicznej b\u0105d\u017a seksualnej, gdy sprawc\u0105 jest\nosoba doros\u0142a lub ma\u0142oletni, nale\u017cy zg\u0142osi\u0107 ten fakt zgodnie z prawem do\norgan\u00f3w \u015bcigania lub\/oraz do delegata w\u0142a\u015bciwej instytucji ko\u015bcielnej.<\/p>\n\n\n\n<p>Je\u017celi\nsprawa dotyczy osoby duchownej oskar\u017conej o niew\u0142a\u015bciwe zachowanie wobec\nma\u0142oletniego, nale\u017cy stosowa\u0107 si\u0119 do obowi\u0105zuj\u0105cych w Archidiecezji\nWroc\u0142awskiej <em>Wytycznych dotycz\u0105cych\nochrony dzieci i m\u0142odzie\u017cy w Archidiecezji Wroc\u0142awskiej <\/em>z dnia 1&nbsp;czerwca\n2019 r.<\/p>\n\n\n\n<p>Gdy\nsprawa dotyczy niew\u0142a\u015bciwego zachowania os\u00f3b \u015bwieckich zatrudnionych w parafii\nb\u0105d\u017a wolontariuszy, spraw\u0119 nale\u017cy zbada\u0107 i podj\u0105\u0107 adekwatne kroki w zale\u017cno\u015bci\nod tego, czego dotyczy\u0142o to zachowanie. Ka\u017cdorazowo nale\u017cy podj\u0105\u0107 z t\u0105 osob\u0105\nrozmow\u0119 i je\u015bli zajdzie taka potrzeba, to okresowo lub stale wycofa\u0107 j\u0105 z pracy\nduszpasterskiej.<\/p>\n\n\n\n<p>Je\u015bli\nniew\u0142a\u015bciwe zachowanie dotyczy ma\u0142oletniego, nale\u017cy o tym zawiadomi\u0107 jego\nrodzic\u00f3w i wraz z nimi podj\u0105\u0107 odpowiednie dzia\u0142ania.<\/p>\n\n\n\n<p>Je\u015bli\nsprawa dotyczy niew\u0142a\u015bciwych zachowa\u0144 ma\u0142oletnich wobec siebie nawzajem, nale\u017cy\nniezw\u0142ocznie zawiadomi\u0107 ich rodzic\u00f3w i wraz z nimi podj\u0105\u0107 odpowiednie\ndzia\u0142ania.<\/p>\n\n\n\n<p>Ka\u017cda\ninformacja o niew\u0142a\u015bciwym zachowaniu powinna by\u0107 traktowana powa\u017cnie, gdy\u017c jest\ndzia\u0142aniem prewencyjnym.<\/p>\n\n\n\n<p>Je\u015bli\njakakolwiek osoba doros\u0142a zaanga\u017cowana w prac\u0119 duszpastersk\u0105 w parafii dowie\nsi\u0119 od ma\u0142oletniego, \u017ce do\u015bwiadcza on przemocy, automatycznie ma obowi\u0105zek\nzastosowania si\u0119 do art. 304 k.p.k. m\u00f3wi\u0105cego o tym, \u017ce ka\u017cdy, kto dowie si\u0119 o\npope\u0142nieniu przest\u0119pstwa \u015bciganego z urz\u0119du, ma spo\u0142eczny obowi\u0105zek zawiadomi\u0107\no tym prokuratora lub policj\u0119.<\/p>\n\n\n\n<p><strong>Standard 4. &nbsp;Zapewnienie opieki i wsparcia osobom\nskrzywdzonym<\/strong><\/p>\n\n\n\n<p>Ka\u017cda\nosoba, kt\u00f3ra m\u00f3wi o do\u015bwiadczanej przez siebie krzywdzie, winna zosta\u0107 przyj\u0119ta\nz&nbsp;szacunkiem i uwa\u017cnie wys\u0142uchana.<\/p>\n\n\n\n<p>Osoba\nskrzywdzona powinna otrzyma\u0107 informacj\u0119 o mo\u017cliwych formach pomocy, z kt\u00f3rej\nmo\u017ce skorzysta\u0107 na terenie parafii lub poza ni\u0105.<\/p>\n\n\n\n<p>Troska\nduszpasterska wobec osoby skrzywdzonej i jej bliskich polega przede wszystkim\nna \u017cyczliwym wys\u0142uchaniu i pomocy w odbudowaniu jej wi\u0119zi z Bogiem i zaufania\ndo Ko\u015bcio\u0142a i&nbsp;jest podejmowana w porozumieniu z diecezjalnym duszpasterzem\nds. pomocy duchowej osobom skrzywdzonym.<\/p>\n\n\n\n<p>Je\u015bli\nosob\u0105 skrzywdzon\u0105 jest ma\u0142oletni, pomoc powinna otrzyma\u0107 r\u00f3wnie\u017c jego rodzina.<\/p>\n\n\n\n<p>Je\u015bli\nzg\u0142oszenie dotyczy przest\u0119pstwa okre\u015blonego w prawie karnym i\/lub kanonicznym,\nosoba przyjmuj\u0105ca zg\u0142oszenie post\u0119puje zgodnie z odpowiednimi procedurami\nokre\u015blonymi przez prawo \u015bwieckie i ko\u015bcielne.<\/p>\n\n\n\n<p>Wszelkie\ndzia\u0142ania i uzyskane informacje obj\u0119te s\u0105 zasad\u0105 poufno\u015bci, ale osoby\nskrzywdzonej nie wolno zobowi\u0105zywa\u0107 do zachowania tajemnicy.<\/p>\n\n\n\n<p><strong>Standard 5. &nbsp;&nbsp;Spos\u00f3b\npost\u0119powania z podejrzanymi i oskar\u017conymi o wykorzystanie <\/strong><strong>seksualne lub przemoc<\/strong><\/p>\n\n\n\n<p>Do parafii mog\u0105 nale\u017ce\u0107 osoby, kt\u00f3re\ns\u0105 podejrzane lub oskar\u017cone o r\u00f3\u017cne przest\u0119pstwa b\u0105d\u017a maj\u0105 wyrok w zawieszeniu,\nczy te\u017c wr\u00f3ci\u0142y do \u015brodowiska po odbytym wyroku. Nie powinny one pracowa\u0107 z ma\u0142oletnimi,\nnatomiast powinny zosta\u0107 obj\u0119te opiek\u0105 duszpastersk\u0105.<\/p>\n\n\n\n<p>Gdy\nosob\u0105 podejrzan\u0105 lub oskar\u017con\u0105 o przemoc fizyczn\u0105, psychiczn\u0105 lub seksualn\u0105\nwobec ma\u0142oletniego jest pracownik lub wolontariusz parafialny, nale\u017cy odsun\u0105\u0107\ntak\u0105 osob\u0119 od podejmowanej pracy zwi\u0105zanej z kontaktem z ma\u0142oletnimi na czas\nwyja\u015bnienia sprawy lub do czasu decyzji prokuratury oraz obj\u0105\u0107 j\u0105 stosown\u0105\nopiek\u0105 (psychologiczn\u0105, duszpastersk\u0105).<\/p>\n\n\n\n<p>W\nprocesie wyja\u015bniania sprawy oraz w podawaniu informacji nale\u017cy r\u00f3wnie\u017c zadba\u0107\no&nbsp;zachowanie ochrony dobrego imienia domniemanego sprawcy.<\/p>\n\n\n\n<p><strong>Standard 6. &nbsp;Zasady chroni\u0105ce ma\u0142oletnich w obszarze\nparafialnym<\/strong><\/p>\n\n\n\n<p>1.\nZasady chroni\u0105ce w kontakcie bezpo\u015brednim<\/p>\n\n\n\n<ul><li>wszystkie\nspotkania z ma\u0142oletnimi na terenie parafii powinny by\u0107 organizowane w&nbsp;miejscach\noficjalnych, og\u00f3lnodost\u0119pnych i do tego przygotowanych;<\/li><li>nie\nmo\u017cna przebywa\u0107 z ma\u0142oletnim sam na sam w warunkach odizolowanych; je\u017celi dobro\ndziecka wymaga indywidualnego spotkania, nie mo\u017ce si\u0119 ono odbywa\u0107 w sekrecie\n(zalecane powiadomienie rodzic\u00f3w lub prze\u0142o\u017conego) i w warunkach odizolowanych;\nindywidualnych spotka\u0144 z ma\u0142oletnimi nie wolno w nieroztropny spos\u00f3b mno\u017cy\u0107 ani\nprzed\u0142u\u017ca\u0107; spotkania takie nie powinny odbywa\u0107 si\u0119 w p\u00f3\u017anych godzinach wieczornych\nlub noc\u0105;<\/li><li>ma\u0142oletni\nnie mog\u0105 przebywa\u0107 w parafialnych pomieszczeniach mieszkalnych bez opieki\nrodzica lub opiekuna prawnego;<\/li><li>ma\u0142oletni\npowinni zawsze pozostawa\u0107 pod opiek\u0105 osoby doros\u0142ej; podczas pe\u0142nienia funkcji\nwychowawczych opiekunowie nie mog\u0105 pozostawa\u0107 pod wp\u0142ywem alkoholu lub\nsubstancji psychoaktywnych ani przyjmowa\u0107 ich w obecno\u015bci ma\u0142oletnich;<\/li><li>ma\u0142oletni\nna terenie parafii nie mog\u0105 przebywa\u0107 pod wy\u0142\u0105czn\u0105 opiek\u0105 innego ma\u0142oletniego, chyba\n\u017ce inaczej stanowi\u0105 regulaminy religijnych ruch\u00f3w duszpasterstwa\npozaparafialnego, np. Ruchu \u015awiat\u0142o-\u017bycie, KSM, w tym wypadku stosuje si\u0119 standardy\nopracowane przez te grupy; osoby te powinny by\u0107 odpowiednio uformowane,\nprzygotowane i pe\u0142ni\u0107 pos\u0142ug\u0119 pod okiem doros\u0142ych;<\/li><li>nie\nnale\u017cy przewozi\u0107 ma\u0142oletnich prywatnymi samochodami, zw\u0142aszcza w pojedynk\u0119, bez\nwiedzy i wyra\u017anej zgody rodzic\u00f3w lub opiekun\u00f3w prawnych;<\/li><li>nie\nwolno dotyka\u0107 dzieci wbrew ich woli ani w spos\u00f3b nieadekwatny do relacji duszpasterskich\nlub wychowawczych; <\/li><li>ma\u0142oletnim\nnie wolno robi\u0107 zdj\u0119\u0107 lub filmowa\u0107 bez ich zgody; nie wolno upublicznia\u0107 zdj\u0119\u0107,\nfilm\u00f3w z udzia\u0142em ma\u0142oletnich bez pisemnej zgody ich rodzic\u00f3w lub opiekun\u00f3w\nprawnych, z wyj\u0105tkiem zdj\u0119\u0107 du\u017cych grup w miejscach publicznych (np. grupowe\nzdj\u0119cie z I Komunii \u015bwi\u0119tej czy bierzmowania).<\/li><\/ul>\n\n\n\n<p>2. Zasady ochrony\ndotycz\u0105ce wyjazd\u00f3w <\/p>\n\n\n\n<p>Obowi\u0105zuj\u0105 zasady\nprzyj\u0119te w Instrukcji <em>Wytyczne dotycz\u0105ce\nochrony dzieci i m\u0142odzie\u017cy w&nbsp;Archidiecezji Wroc\u0142awskiej<\/em> z dnia 1\nczerwca 2019 r.<\/p>\n\n\n\n<p>3. Zasady ochrony\ndotycz\u0105ce kontakt\u00f3w przez media oraz udost\u0119pniania z Internetu<\/p>\n\n\n\n<p>Obowi\u0105zuj\u0105 zasady\nprzyj\u0119te w Instrukcji <em>Wytyczne dotycz\u0105ce\nochrony dzieci i m\u0142odzie\u017cy w&nbsp;Archidiecezji Wroc\u0142awskiej<\/em> z dnia 1\nczerwca 2019 r.<\/p>\n\n\n\n<p><strong>Standard 7. &nbsp;Zapewnienie jako\u015bci i ci\u0105g\u0142o\u015bci dzia\u0142a\u0144 w\nzakresie prewencji<\/strong><\/p>\n\n\n\n<p>Pracownicy\ni wolontariusze pe\u0142ni\u0105cy funkcje wychowawcze lub formacyjne musz\u0105 by\u0107\nzaznajomieni ze <em>Standardami<\/em>\nobowi\u0105zuj\u0105cych w parafii. Powinni tak\u017ce posiada\u0107 zaktualizowan\u0105 wiedz\u0119\ndotycz\u0105c\u0105:<\/p>\n\n\n\n<ul><li>rodzaj\u00f3w\nprzemocy (fizycznej, psychicznej i seksualnej);<\/li><li>rozpoznawania\noznak przemocy (w tym wykorzystania seksualnego);<\/li><li>strategii\ndzia\u0142ania sprawc\u00f3w przemocy (w tym przemocy seksualnej);<\/li><li>prowadzenia\nrozmowy na temat doznanej krzywdy;<\/li><li>zagro\u017ce\u0144\ni ochrony przed szkodliwymi tre\u015bciami w Internecie.<\/li><\/ul>\n\n\n\n<p>Dokument\nzawieraj\u0105cy obowi\u0105zuj\u0105ce w parafii <em>Standardy<\/em>\nnale\u017cy aktualizowa\u0107 co dwa lata.<\/p>\n\n\n\n<p>Ewaluacja\ndokumentu dokonywana jest przez proboszcza &nbsp;parafii. <\/p>\n","protected":false},"excerpt":{"rendered":"<p>Standardy Ochrony Ma\u0142oletnich do stosowania w parafiach Archidiecezji Wroc\u0142awskiej W parafii NMP Nieustaj\u0105cej Pomocy we Wroc\u0142awiu Muchoborze Ma\u0142ym przy ul. Szkockiej 35 zosta\u0142 opracowany i wprowadzony w \u017cycie wewn\u0119trzny dokument, &#8230;<\/p>\n","protected":false},"author":7,"featured_media":0,"parent":73,"menu_order":1,"comment_status":"closed","ping_status":"closed","template":"","meta":[],"_links":{"self":[{"href":"http:\/\/www.mbnp.archidiecezja.wroc.pl\/index.php?rest_route=\/wp\/v2\/pages\/7292"}],"collection":[{"href":"http:\/\/www.mbnp.archidiecezja.wroc.pl\/index.php?rest_route=\/wp\/v2\/pages"}],"about":[{"href":"http:\/\/www.mbnp.archidiecezja.wroc.pl\/index.php?rest_route=\/wp\/v2\/types\/page"}],"author":[{"embeddable":true,"href":"http:\/\/www.mbnp.archidiecezja.wroc.pl\/index.php?rest_route=\/wp\/v2\/users\/7"}],"replies":[{"embeddable":true,"href":"http:\/\/www.mbnp.archidiecezja.wroc.pl\/index.php?rest_route=%2Fwp%2Fv2%2Fcomments&post=7292"}],"version-history":[{"count":4,"href":"http:\/\/www.mbnp.archidiecezja.wroc.pl\/index.php?rest_route=\/wp\/v2\/pages\/7292\/revisions"}],"predecessor-version":[{"id":7302,"href":"http:\/\/www.mbnp.archidiecezja.wroc.pl\/index.php?rest_route=\/wp\/v2\/pages\/7292\/revisions\/7302"}],"up":[{"embeddable":true,"href":"http:\/\/www.mbnp.archidiecezja.wroc.pl\/index.php?rest_route=\/wp\/v2\/pages\/73"}],"wp:attachment":[{"href":"http:\/\/www.mbnp.archidiecezja.wroc.pl\/index.php?rest_route=%2Fwp%2Fv2%2Fmedia&parent=7292"}],"curies":[{"name":"wp","href":"https:\/\/api.w.org\/{rel}","templated":true}]}}