{"id":6972,"date":"2024-01-02T19:35:25","date_gmt":"2024-01-02T18:35:25","guid":{"rendered":"http:\/\/www.mbnp.archidiecezja.wroc.pl\/?page_id=6972"},"modified":"2024-01-09T00:12:19","modified_gmt":"2024-01-08T23:12:19","slug":"adopcja-serca-ruch-maitri","status":"publish","type":"page","link":"http:\/\/www.mbnp.archidiecezja.wroc.pl\/?page_id=6972","title":{"rendered":"Adopcja Serca &#8211; Ruch Maitri"},"content":{"rendered":"\n<div class=\"wp-block-image\"><figure class=\"alignleft\"><img decoding=\"async\" loading=\"lazy\" width=\"300\" height=\"284\" src=\"http:\/\/www.mbnp.archidiecezja.wroc.pl\/wp-content\/uploads\/2024\/01\/logo_Maitri-300x284.png\" alt=\"\" class=\"wp-image-6976\"\/><\/figure><\/div>\n\n\n\n<h3 class=\"wp-block-heading\">Czym jest Ruch <em>Maitri<\/em>?<\/h3>\n\n\n\n<p>Ruch&nbsp; \u201cMaitri\u201d jest federacj\u0105 wsp\u00f3lnot os\u00f3b \u015bwieckich dzia\u0142aj\u0105cych przy parafiach ko\u015bcio\u0142a katolickiego w kilku miastach w Polsce i w Czechach. Podstawow\u0105 norm\u0119 wiary i \u017cycia uczestnik\u00f3w Ruchu stanowi Ewangelia odczytywana i rozumiana zgodnie z nauk\u0105 Ko\u015bcio\u0142a. Uczestnicy Ruchu kieruj\u0105 si\u0119 w codziennym \u017cyciu Zasadami, kt\u00f3re wynikaj\u0105 z jego charyzmatu. Ruch \u201cMaitri\u201d rozwija i o\u017cywia ka\u017cdy kto:<\/p>\n\n\n\n<ul><li>ograniczaj\u0105c w \u017cyciu codziennym w\u0142asne wydatki i potrzeby dzieli si\u0119 z potrzebuj\u0105cymi bra\u0107mi \u017cyj\u0105cymi w krajach Trzeciego \u015awiata i wok\u00f3\u0142 nas,<\/li><li>stara si\u0119 uszanowa\u0107 godno\u015b\u0107 i szuka\u0107 dr\u00f3g zbli\u017cenia z tymi, kt\u00f3rym pomaga,<\/li><li>pomoc swoj\u0105 traktuje jako dar czystego serca,<\/li><li>czuje si\u0119 r\u00f3wny z tymi, z kt\u00f3rymi si\u0119 dzieli,<\/li><li>swoj\u0105 postaw\u0105 \u017cyciow\u0105, s\u0142owem i przyk\u0142adem stara si\u0119 budzi\u0107 wra\u017cliwo\u015b\u0107 na los ludzi najbiedniejszych.<\/li><\/ul>\n\n\n\n<h3 class=\"wp-block-heading\">Cele Ruchu <em>Maitri<\/em><\/h3>\n\n\n\n<ul><li>pomoc najbiedniejszym z biednych w krajach Trzeciego \u015awiata;<\/li><li>budzenie wra\u017cliwo\u015bci serc i sumie\u0144 na godno\u015b\u0107 najbiedniejszych, ich cierpienie, potrzeby i warto\u015bci, kt\u00f3rymi \u017cyj\u0105;<\/li><li>pog\u0142\u0119bianie refleksji na temat skutk\u00f3w grzechu i zbudowanych na nim strukturach, kt\u00f3re s\u0105 najg\u0142\u0119bszymi przyczynami n\u0119dzy i g\u0142odu w \u015bwiecie;<\/li><li>szukanie dr\u00f3g przebaczenia, pojednania i zbli\u017cenia mi\u0119dzy lud\u017ami r\u00f3\u017cnych narod\u00f3w, j\u0119zyk\u00f3w, ras i religii;<\/li><li>poszukiwanie mo\u017cliwo\u015bci zbli\u017cenia mi\u0119dzy \u017cyj\u0105cymi w dobrobycie a ubogimi, by w ten spos\u00f3b pokonywa\u0107 podzia\u0142y, uniemo\u017cliwiaj\u0105ce zmian\u0119 tragicznej sytuacji najbiedniejszych.<\/li><\/ul>\n\n\n\n<h3 class=\"wp-block-heading\">Co to jest &#8222;Adopcja Serca&#8221;?<\/h3>\n\n\n\n<p>Adopcja serca to zadeklarowanie modlitewnego wsparcia oraz pomocy finansowej dla dziecka z kraju misyjnego. Mo\u017ce do niej przyst\u0105pi\u0107 ka\u017cdy: pojedyncze osoby, rodziny, s\u0105siedzi, przyjaciele, szkolne klasy\u2026 Wa\u017cne, aby odpowiedzialnie podj\u0105\u0107 si\u0119 trudu opieki nad wybranym dzieckiem. Ka\u017cdy z rodzic\u00f3w adopcyjnych otrzymuje zdj\u0119cie oraz kr\u00f3tk\u0105 informacj\u0119 o dziecku. Przyst\u0119puj\u0105c do programu, powinien zadeklarowa\u0107, na jak d\u0142ugo podejmuje si\u0119 adopcji (deklaracja musi by\u0107 z\u0142o\u017cona co najmniej na rok) oraz jak b\u0119dzie wp\u0142aca\u0142 pieni\u0105dze.<\/p>\n\n\n\n<h3 class=\"wp-block-heading\">Charyzmat<\/h3>\n\n\n\n<p>Charyzmat to szczeg\u00f3lny dar Ducha \u015aw., kt\u00f3ry uzdalnia do podejmowania rozmaitych dzie\u0142 lub funkcji, maj\u0105cych s\u0142u\u017cy\u0107 Ko\u015bcio\u0142owi i spo\u0142eczno\u015bci ludzkiej. Jednym z nich jest pos\u0142uga mi\u0142osierdzia (zob. Rz 12,8). Szczeg\u00f3lny kszta\u0142t przybra\u0142a ona w Ruchu \u201eMaitri\u201d. Wsp\u00f3lnoty otrzymuj\u0105 swoje charyzmaty za po\u015brednictwem ich za\u0142o\u017cycieli, st\u0105d cz\u0142onkowie wsp\u00f3lnot powinni stara\u0107 si\u0119 pozna\u0107 jak najlepiej charyzmat za\u0142o\u017cyciela i wed\u0142ug niego \u017cy\u0107.<br>Charyzmatem\u00a0Ruchu jest wyra\u017cana czynem mi\u0142o\u015b\u0107 do ludzi najbiedniejszych z biednych na ca\u0142ym \u015bwiecie. Ten dar \u0142aski uzdalnia cz\u0142onk\u00f3w Wsp\u00f3lnoty Ruchu \u201eMaitri\u201d do: <\/p>\n\n\n\n<ul><li>dostrzegania konkretnych przejaw\u00f3w n\u0119dzy najbiedniejszych z biednych oraz podzia\u0142\u00f3w rodziny ludzkiej;<\/li><li>odczytywania w tych znakach czasu Bo\u017cego wezwania, kt\u00f3re dotyczy ich osobi\u015bcie;<\/li><li>przyj\u0119cia tego wezwania i odpowiadania na nie w duchu wiary.<\/li><li><\/li><\/ul>\n\n\n\n<h3 class=\"wp-block-heading\">Zasady \u017cycia uczestnik\u00f3w<\/h3>\n\n\n\n<p>Zasady \u017cycia wskazuj\u0105 w jaki spos\u00f3b realizowany jest charyzmat, jaki kszta\u0142t ma przybra\u0107 nasza \u201ewyra\u017cona czynem mi\u0142o\u015b\u0107 do ludzi najbiedniejszych\u201d na ca\u0142ym \u015bwiecie? Pe\u0142nia uczestnictwa w Ruchu zak\u0142ada realizacj\u0119 charyzmatu najpierw poprzez przemian\u0119 osobistej postawy i stylu \u017cycia \u2013 zgodnie z Zasadami, nast\u0119pnie poprzez kszta\u0142towanie w duchu Zasad \u017cycia wsp\u00f3lnoty, wreszcie poprzez wsp\u00f3lne dzia\u0142ania na rzecz najbiedniejszych z biednych na ca\u0142ym \u015bwiecie.<br>Ruch \u201cMaitri\u201d rozwija i o\u017cywia ka\u017cdy kto:<\/p>\n\n\n\n<ul><li>ograniczaj\u0105c w \u017cyciu codziennym w\u0142asne wydatki i potrzeby dzieli si\u0119 z potrzebuj\u0105cymi bra\u0107mi \u017cyj\u0105cymi w krajach Trzeciego \u015awiata i wok\u00f3\u0142 nas;<\/li><li>stara si\u0119 uszanowa\u0107 godno\u015b\u0107 i szuka\u0107 dr\u00f3g zbli\u017cenia z tymi, kt\u00f3rym pomaga;<\/li><li>pomoc swoj\u0105 traktuje jako dar czystego serca;<\/li><li>czuje si\u0119 r\u00f3wny z tymi, z kt\u00f3rymi si\u0119 dzieli;<\/li><li>swoj\u0105 postaw\u0105 \u017cyciow\u0105, s\u0142owem i przyk\u0142adem stara si\u0119 budzi\u0107 wra\u017cliwo\u015b\u0107 na los ludzi najbiedniejszych.<\/li><\/ul>\n","protected":false},"excerpt":{"rendered":"<p>Czym jest Ruch Maitri? Ruch&nbsp; \u201cMaitri\u201d jest federacj\u0105 wsp\u00f3lnot os\u00f3b \u015bwieckich dzia\u0142aj\u0105cych przy parafiach ko\u015bcio\u0142a katolickiego w kilku miastach w Polsce i w Czechach. Podstawow\u0105 norm\u0119 wiary i \u017cycia uczestnik\u00f3w &#8230;<\/p>\n","protected":false},"author":123461,"featured_media":0,"parent":87,"menu_order":1,"comment_status":"closed","ping_status":"closed","template":"","meta":[],"_links":{"self":[{"href":"http:\/\/www.mbnp.archidiecezja.wroc.pl\/index.php?rest_route=\/wp\/v2\/pages\/6972"}],"collection":[{"href":"http:\/\/www.mbnp.archidiecezja.wroc.pl\/index.php?rest_route=\/wp\/v2\/pages"}],"about":[{"href":"http:\/\/www.mbnp.archidiecezja.wroc.pl\/index.php?rest_route=\/wp\/v2\/types\/page"}],"author":[{"embeddable":true,"href":"http:\/\/www.mbnp.archidiecezja.wroc.pl\/index.php?rest_route=\/wp\/v2\/users\/123461"}],"replies":[{"embeddable":true,"href":"http:\/\/www.mbnp.archidiecezja.wroc.pl\/index.php?rest_route=%2Fwp%2Fv2%2Fcomments&post=6972"}],"version-history":[{"count":6,"href":"http:\/\/www.mbnp.archidiecezja.wroc.pl\/index.php?rest_route=\/wp\/v2\/pages\/6972\/revisions"}],"predecessor-version":[{"id":6999,"href":"http:\/\/www.mbnp.archidiecezja.wroc.pl\/index.php?rest_route=\/wp\/v2\/pages\/6972\/revisions\/6999"}],"up":[{"embeddable":true,"href":"http:\/\/www.mbnp.archidiecezja.wroc.pl\/index.php?rest_route=\/wp\/v2\/pages\/87"}],"wp:attachment":[{"href":"http:\/\/www.mbnp.archidiecezja.wroc.pl\/index.php?rest_route=%2Fwp%2Fv2%2Fmedia&parent=6972"}],"curies":[{"name":"wp","href":"https:\/\/api.w.org\/{rel}","templated":true}]}}