{"id":5905,"date":"2022-04-04T18:16:15","date_gmt":"2022-04-04T16:16:15","guid":{"rendered":"http:\/\/www.mbnp.archidiecezja.wroc.pl\/?page_id=5905"},"modified":"2022-04-04T18:28:43","modified_gmt":"2022-04-04T16:28:43","slug":"zyciorysy-blogoslawionych-meczennikow-o-michala-tomaszka-i-o-zbigniewa-strzalkowskiego","status":"publish","type":"page","link":"http:\/\/www.mbnp.archidiecezja.wroc.pl\/?page_id=5905","title":{"rendered":"\u017byciorysy B\u0142ogos\u0142awionych M\u0119czennik\u00f3w o. Micha\u0142a Tomaszka i o. Zbigniewa Strza\u0142kowskiego"},"content":{"rendered":"<p>\u00a0<\/p>\n<p><strong><em><u>B\u0142. o. Micha\u0142 Tomaszek<\/u><\/em><\/strong> urodzi\u0142 si\u0119 23 wrze\u015bnia 1960 r. w \u0141\u0119kawicy k. \u017bywca. Tato Micha\u0142a zmar\u0142 w 1969 r., pozostawiaj\u0105c wdow\u0119 z czworgiem dzieci (dwie c\u00f3rki i dw\u00f3ch syn\u00f3w bli\u017aniak\u00f3w). Ca\u0142y ci\u0119\u017car utrzymania i wychowania dzieci spad\u0142 na mam\u0119.<\/p>\n<p>Micha\u0142 pochodzi\u0142 z bogobojnej rodziny. By\u0142 ministrantem. Od wczesnych lat dzieci\u0119cych ze swoimi bliskimi pielgrzymowa\u0142 do po\u0142o\u017conego nieopodal franciszka\u0144skiego Sanktuarium Matki Bo\u017cej w Rychwa\u0142dzie.<\/p>\n<p>Po uko\u0144czeniu Szko\u0142y Podstawowej w \u0141\u0119kawicy nauk\u0119 kontynuowa\u0142 w Ni\u017cszym Seminarium Duchownym Franciszkan\u00f3w w Legnicy (Liceum Og\u00f3lnokszta\u0142c\u0105ce). Jak wspominaj\u0105 jego koledzy, ju\u017c wtedy da\u0142 si\u0119 pozna\u0107 jako cz\u0142owiek modlitwy. Wiele czasu sp\u0119dza\u0142 w klasztornej kaplicy. Nadto ka\u017cdej nocy, po zgaszeniu \u015bwiat\u0142a w sypialni, kl\u0119ka\u0142 przed figur\u0105 Matki Bo\u017cej Niepokalanej, przewiezionej przez siebie z rodzinnego domu.<\/p>\n<p>Po maturze, w roku 1980, wst\u0105pi\u0142 do Zakonu. W podaniu o przyj\u0119cie napisa\u0142 m.in.: \u201eJu\u017c od dawna jestem przekonany, \u017ce mam powo\u0142anie do kap\u0142a\u0144stwa i Zakonu, co mia\u0142em okazj\u0119 gruntowniej przemy\u015ble\u0107 w Ni\u017cszym Seminarium Duchownym w Legnicy. Pragnieniem moim jest praca na misjach, by w ten spos\u00f3b s\u0142u\u017cy\u0107 Bogu i Niepokalanej.\u201d<\/p>\n<p>Habit zakonny otrzyma\u0142 w uroczysto\u015b\u0107 \u015bw. Franciszka &#8211; 4 pa\u017adziernika 1980 r. Rok p\u00f3\u017aniej &#8211; 1 wrze\u015bnia 1981 r. &#8211; z\u0142o\u017cy\u0142 pierwsze \u015bluby zakonne.<\/p>\n<p>Po nowicjacie, kt\u00f3ry odby\u0142 w Smardzewicach, br. Micha\u0142 rozpocz\u0105\u0142 studia filozoficzno-teologiczne w Wy\u017cszym Seminarium Duchownym Franciszkan\u00f3w w Krakowie. Studiowa\u0142 tam w latach 1981-1987.<\/p>\n<p>W uroczysto\u015b\u0107 Matki Bo\u017cej Niepokalanej \u2013 patronki zakonu franciszkan\u00f3w \u2013 8 grudnia 1985 r. w Krakowie uroczy\u015bcie \u015blubowa\u0142 \u017cy\u0107 na zawsze w pos\u0142usze\u0144stwie, bez w\u0142asno\u015bci i w czysto\u015bci.<\/p>\n<p>W 1986 r. przypada\u0142a 750. rocznica przybycia franciszkan\u00f3w do Wroc\u0142awia. Z tej racji w\u0142adze krakowskiej prowincji franciszkan\u00f3w wybra\u0142y to miasto na miejsce \u015bwi\u0119ce\u0144 diakonatu i prezbiteratu swoich braci kleryk\u00f3w. St\u0105d 7 czerwca 1986 r. br. Micha\u0142 zosta\u0142 wy\u015bwi\u0119cony na diakona, a o. dk. Zbigniew Strza\u0142kowski \u2013 na prezbitera. Sakrament\u00f3w udzieli\u0142 metropolita wroc\u0142awski kard. Henryk Gulbinowicz.<\/p>\n<p>Rok p\u00f3\u017aniej &#8211; 23 maja 1987 r. &#8211; o. dk. Micha\u0142 zosta\u0142 wy\u015bwi\u0119cony na prezbitera w Bazylice \u015bw. Franciszka w Krakowie przez bpa Albina Ma\u0142ysiaka CM.<\/p>\n<p>Jego wsp\u00f3\u0142bracia wspominaj\u0105 jego gorliwo\u015b\u0107 zakonn\u0105. Ch\u0119tnie w\u0142\u0105cza\u0142 si\u0119 w okoliczno\u015bciowe prace, bra\u0142 aktywny udzia\u0142 w katechizacji dzieci specjalnej troski oraz przygotowywanie pomocy duszpasterskich.<\/p>\n<p>Po \u015bwi\u0119ceniach kap\u0142a\u0144skich o. Micha\u0142 przez dwa lata (1 czerwca 1987 r. \u2013 25 lipca 1989 r.) pracowa\u0142 we franciszka\u0144skiej parafii w Pie\u0144sku k. Zgorzelca. By\u0142 tam wikariuszem i katechet\u0105.<\/p>\n<p>W prac\u0119 duszpastersk\u0105 w\u0142\u0105czy\u0142 si\u0119 z ca\u0142ym m\u0142odzie\u0144czym zapa\u0142em i entuzjazmem. Jako dobry i sumienny kap\u0142an budzi\u0142 zaufanie wiernych. Wprawiony w Krakowie w katechizacj\u0119 dzieci specjalnej troski, tak\u017ce w Pie\u0144sku prowadzi\u0142 zaj\u0119cia z dzie\u0107mi niepe\u0142nosprawnymi. Ze wzgl\u0119du na dobro\u0107, uprzejmo\u015b\u0107, wsp\u00f3\u0142czucie, jakimi darzy\u0142 ludzi potrzebuj\u0105cych pomocy, jedna z parafianek nazywa go \u201eDrugim \u015bw. Franciszkiem\u201d. By\u0142 ca\u0142ym sercem oddany Bogu i ludziom.<\/p>\n<p>W czasie pracy duszpasterskiej w Pie\u0144sku dowiedzia\u0142 si\u0119, \u017ce jego dwaj starsi wsp\u00f3\u0142bracia &#8211; o. Zbigniew Strza\u0142kowski i o. Jaros\u0142aw Wysocza\u0144ski &#8211; maj\u0105 wkr\u00f3tce wyjecha\u0107 na misje do Peru. Zwr\u00f3ci\u0142 si\u0119 w\u00f3wczas z pro\u015bb\u0105 do swojego wy\u017cszego prze\u0142o\u017conego o. Feliksa Stasicy o pozwolenie na podobny wyjazd. Prowincja\u0142 wyrazi\u0142 zgod\u0119. Rok p\u00f3\u017aniej, w lipcu 1989 roku, do\u0142\u0105czy\u0142 do nich.<\/p>\n<ol>\n<li>Micha\u0142 ju\u017c w Polsce zdawa\u0142 sobie spraw\u0119 z tego, \u017ce misja w Peru jest trudna i jego \u017cycie mo\u017ce by\u0107 nara\u017cone na niebezpiecze\u0144stwo. Przed wyjazdem na misje, po po\u017cegnalnej Mszy \u015bw. w parafii w Pie\u0144sku, odwa\u017cnie powiedzia\u0142, \u017ce je\u015bli trzeba b\u0119dzie dla sprawy Bo\u017cej z\u0142o\u017cy\u0107 ofiar\u0119 \u017cycia, to nie b\u0119dzie si\u0119 waha\u0142.<\/li>\n<\/ol>\n<p>Po szybkim opanowania podstaw j\u0119zyka hiszpa\u0144skiego, o. Micha\u0142 w\u0142\u0105czy\u0142 si\u0119 w prac\u0119 duszpastersk\u0105 w Pariacoto. W kr\u00f3tkim czasie zgromadzi\u0142 wok\u00f3\u0142 parafii mn\u00f3stwo m\u0142odych ludzi, kt\u00f3rzy przychodzili na katechez\u0119, wsp\u00f3ln\u0105 modlitw\u0119, ale i rekreacj\u0119. Dociera\u0142 do nich poprzez muzyk\u0119 i \u015bpiew.<\/p>\n<p>Jego dzia\u0142alno\u015b\u0107 misyjna trwa\u0142a zaledwie dwa lata, poniewa\u017c 9 sierpnia 1991 r. wraz z o. Zbigniewem Strza\u0142kowskim zgin\u0105\u0142 w Pariacoto, zamordowany przez terroryst\u00f3w z Komunistycznej Partii Peru &#8222;\u015awietlisty Szlak&#8221;. Pochowany zosta\u0142 w ko\u015bciele parafialnym.<\/p>\n<p>\u00a0<\/p>\n<p><strong><em>B\u0142. o. Zbigniew Strza\u0142kowski<\/em><\/strong> urodzi\u0142 si\u0119 w Tarnowie 3 lipca 1958 r. Ochrzczony zosta\u0142 w bazylice katedralnej w Tarnowie. Rodzice mieszkali w pobliskiej wsi Zawada, gdzie prowadzili ma\u0142e gospodarstwo rolne. Ojciec jego nadto pracowa\u0142 jako szklarz. Zbigniew mia\u0142 dw\u00f3ch starszych braci, z kt\u00f3rymi si\u0119 razem wychowywa\u0142.<\/p>\n<p>Do Szko\u0142y Podstawowej ucz\u0119szcza\u0142 w Zawadzie. Uchodzi\u0142 za pilnego, zdyscyplinowanego i zdolnego ucznia. By\u0142 ministrantem i lektorem.<\/p>\n<p>W 1973 r. rozpocz\u0105\u0142 nauk\u0119 w Technikum Mechanicznym w Tarnowie. Egzamin dojrza\u0142o\u015bci zda\u0142 w maju 1978 r. Jednocze\u015bnie uzyska\u0142 tytu\u0142 \u201etechnika mechanika\u201d.<\/p>\n<p>Po uko\u0144czeniu szko\u0142y \u015bredniej rozpocz\u0105\u0142 prac\u0119 w Wojew\u00f3dzkiej Dyrekcji Rozbudowy Miast i Osiedli Wiejskich w Tarnowie, a p\u00f3\u017aniej \u2013 w Pa\u0144stwowym O\u015brodku Maszynowym w Tarnowcu.<\/p>\n<p>W roku 1979 wst\u0105pi\u0142 do zakonu franciszkan\u00f3w. W podaniu o przyj\u0119cie napisa\u0142: \u201ePragn\u0119 s\u0142u\u017cy\u0107 Panu Bogu w zakonie jako kap\u0142an, w kraju lub na misjach, gdziekolwiek mnie B\u00f3g powo\u0142a, pragn\u0119 na\u015bladowa\u0107 \u015bw. Franciszka i b\u0142. Maksymiliana Kolbego.\u201d<\/p>\n<p>\u015awiadectwo o postawie religijno-moralnej wystawi\u0142 Zbigniewowi jego duszpasterz w Zawadzie ks. dr Pawe\u0142 \u015aliwa: \u201eZbigniew Strza\u0142kowski nale\u017cy do najbardziej wzorowych m\u0142odzie\u0144c\u00f3w w Zawadzie. Prawie zawsze przyst\u0119powa\u0142 do Komunii \u015bw. Jest ogromnie uprzejmy dla kap\u0142an\u00f3w, dla os\u00f3b starszych, w og\u00f3le dla wszystkich. Jest intelektualnie utalentowany i przej\u0119ty Bogiem, a zarazem pogodny i serdeczny w po\u017cyciu z kole\u017ce\u0144stwem\u201d.<\/p>\n<p>Po odbyciu nowicjatu w Smardzewicach 2 wrze\u015bnia 1980 r. z\u0142o\u017cy\u0142 pierwsz\u0105 profesj\u0119 zakonn\u0105. Nast\u0119pnie podj\u0105\u0142 sze\u015bcioletnie studia seminaryjne przy Franciszka\u0144skiej w Krakowie.<\/p>\n<p>Na ca\u0142e \u017cycie zwi\u0105za\u0142 si\u0119 z Zakonem 8 grudnia 1984 r., sk\u0142adaj\u0105c publicznie \u015bluby wieczyste. Wkr\u00f3tce po tym napisa\u0142 podanie do prowincja\u0142a, w kt\u00f3rym poprosi\u0142 o skierowanie go do pracy misyjnej. W podaniu czytamy: \u201eGotowo\u015b\u0107 wyjazdu na misje wyrazi\u0142em prosz\u0105c o przyj\u0119cie do zakonu, a teraz po z\u0142o\u017ceniu profesji wieczystej, ponawiam j\u0105.\u201d<\/p>\n<p>15 czerwca 1985 r. zosta\u0142 wy\u015bwi\u0119cony przez bpa Albina Ma\u0142ysiaka na diakona. \u015awi\u0119cenia prezbiteratu przyj\u0105\u0142 po studiach 7 czerwca 1986 r. we franciszka\u0144skim ko\u015bciele we Wroc\u0142awiu z r\u0105k kard. Henryka Gulbinowicza. Podczas tej samej mszy \u015bw. \u015bwi\u0119cenia, ale diakonatu, otrzyma\u0142 o. Micha\u0142 Tomaszek. W\u00f3wczas zakon \u015bwi\u0119towa\u0142 750. rocznic\u0119 przybycia do stolicy Dolnego \u015al\u0105ska.<\/p>\n<p>Po wakacjach o. Zbigniew zosta\u0142 skierowany do pracy w Ni\u017cszym Seminarium Duchownym w Legnicy. By\u0142 tam wicerektorem, wychowawc\u0105 i katechet\u0105. Kierowa\u0142 r\u00f3wnie\u017c pracami adaptacyjnymi klasztornego strychu pod szkolny internat. W wolnym czasie pomaga\u0142 tak\u017ce w pracy duszpasterskiej przy zakonnym ko\u015bciele.<\/p>\n<p>1 wrze\u015bnia 1988 r. uda\u0142 si\u0119 do klasztoru we Wroc\u0142awiu w celu rozpocz\u0119cia przygotowa\u0144 do wyjazdu na misje. Kiedy w rozmowach na temat sytuacji politycznej w Peru wspominano, \u017ce robi si\u0119 tam niebezpiecznie, o. Zbigniew odpowiada\u0142: \u201eGdy si\u0119 jedzie na misje, trzeba by\u0107 gotowym na wszystko\u201d.<\/p>\n<p>28 listopada 1988 r. wraz z o. Jaros\u0142awem Wysocza\u0144skim udali si\u0119 z Warszawy przez Moskw\u0119 do Limy. Po przybyciu na miejsce rozpocz\u0119li intensywn\u0105 nauk\u0119 j\u0119zyka hiszpa\u0144skiego. Po kilku miesi\u0105cach rozpocz\u0119li pos\u0142ug\u0119 kap\u0142a\u0144sk\u0105 w nowej plac\u00f3wce zakonnej w Andach &#8211; w Pariacoto.<\/p>\n<p>Talent organizacyjny \u0142\u0105czy\u0142 z ogromn\u0105 pracowito\u015bci\u0105 i wielk\u0105 odpowiedzialno\u015bci\u0105. Jego domen\u0105 by\u0142a troska o chorych. Leczy\u0142 ich na duszy i ciele. By\u0142 mi\u0142o\u015bnikiem stworze\u0144.<\/p>\n<p>Niestety, 9 sierpnia 1991 r. zosta\u0142 zamordowany wraz z o. Micha\u0142em Tomaszkiem przez terroryst\u00f3w ze \u015awietlistego Szlaku za wiar\u0119 i mi\u0142o\u015b\u0107.<\/p>\n<p>\u00a0<\/p>\n\n\n<figure class=\"wp-block-image\"><img decoding=\"async\" loading=\"lazy\" width=\"191\" height=\"300\" src=\"http:\/\/www.mbnp.archidiecezja.wroc.pl\/wp-content\/uploads\/2022\/04\/Obrazek_17-191x300.jpg\" alt=\"\" class=\"wp-image-5913\"\/><\/figure>\n","protected":false},"excerpt":{"rendered":"<p>\u00a0 B\u0142. o. Micha\u0142 Tomaszek urodzi\u0142 si\u0119 23 wrze\u015bnia 1960 r. w \u0141\u0119kawicy k. \u017bywca. Tato Micha\u0142a zmar\u0142 w 1969 r., pozostawiaj\u0105c wdow\u0119 z czworgiem dzieci (dwie c\u00f3rki i dw\u00f3ch &#8230;<\/p>\n","protected":false},"author":7,"featured_media":0,"parent":107,"menu_order":0,"comment_status":"closed","ping_status":"closed","template":"","meta":[],"_links":{"self":[{"href":"http:\/\/www.mbnp.archidiecezja.wroc.pl\/index.php?rest_route=\/wp\/v2\/pages\/5905"}],"collection":[{"href":"http:\/\/www.mbnp.archidiecezja.wroc.pl\/index.php?rest_route=\/wp\/v2\/pages"}],"about":[{"href":"http:\/\/www.mbnp.archidiecezja.wroc.pl\/index.php?rest_route=\/wp\/v2\/types\/page"}],"author":[{"embeddable":true,"href":"http:\/\/www.mbnp.archidiecezja.wroc.pl\/index.php?rest_route=\/wp\/v2\/users\/7"}],"replies":[{"embeddable":true,"href":"http:\/\/www.mbnp.archidiecezja.wroc.pl\/index.php?rest_route=%2Fwp%2Fv2%2Fcomments&post=5905"}],"version-history":[{"count":2,"href":"http:\/\/www.mbnp.archidiecezja.wroc.pl\/index.php?rest_route=\/wp\/v2\/pages\/5905\/revisions"}],"predecessor-version":[{"id":5914,"href":"http:\/\/www.mbnp.archidiecezja.wroc.pl\/index.php?rest_route=\/wp\/v2\/pages\/5905\/revisions\/5914"}],"up":[{"embeddable":true,"href":"http:\/\/www.mbnp.archidiecezja.wroc.pl\/index.php?rest_route=\/wp\/v2\/pages\/107"}],"wp:attachment":[{"href":"http:\/\/www.mbnp.archidiecezja.wroc.pl\/index.php?rest_route=%2Fwp%2Fv2%2Fmedia&parent=5905"}],"curies":[{"name":"wp","href":"https:\/\/api.w.org\/{rel}","templated":true}]}}