{"id":4785,"date":"2020-07-19T19:42:56","date_gmt":"2020-07-19T17:42:56","guid":{"rendered":"http:\/\/www.mbnp.archidiecezja.wroc.pl\/?page_id=4785"},"modified":"2020-07-19T19:53:30","modified_gmt":"2020-07-19T17:53:30","slug":"zyciorys-bl-michala-sopocki","status":"publish","type":"page","link":"http:\/\/www.mbnp.archidiecezja.wroc.pl\/?page_id=4785","title":{"rendered":"\u017byciorys b\u0142. Micha\u0142a Sopo\u0107ki"},"content":{"rendered":"\n<figure class=\"wp-block-image is-resized\"><img decoding=\"async\" loading=\"lazy\" src=\"http:\/\/www.mbnp.archidiecezja.wroc.pl\/wp-content\/uploads\/2020\/07\/unnamed.jpg\" alt=\"\" class=\"wp-image-4787\" width=\"82\" height=\"128\" srcset=\"http:\/\/www.mbnp.archidiecezja.wroc.pl\/wp-content\/uploads\/2020\/07\/unnamed.jpg 326w, http:\/\/www.mbnp.archidiecezja.wroc.pl\/wp-content\/uploads\/2020\/07\/unnamed-191x300.jpg 191w\" sizes=\"(max-width: 82px) 100vw, 82px\" \/><\/figure>\n\n\n<p>Micha\u0142 Sopo\u0107ko urodzi\u0142 si\u0119 1 listopada 1888 roku w Juszewszczy\u017anie (zwanej te\u017c Nowosadami) w powiecie oszmia\u0144skim na Wile\u0144szczy\u017anie w ubogiej rodzinie szlacheckiej, piel\u0119gnuj\u0105cej tradycje patriotyczne. Mimo problem\u00f3w materialnych rodzice zadbali o podstawowe wykszta\u0142cenie dzieci. Wyb\u00f3r drogi \u017cyciowej i wczesne odczytanie powo\u0142ania Micha\u0142 zawdzi\u0119cza moralnej postawie rodzic\u00f3w, ich g\u0142\u0119bokiej pobo\u017cno\u015bci i mi\u0142o\u015bci rodzicielskiej. Rodzina wsp\u00f3lnie modli\u0142a si\u0119 i razem regularnie doje\u017cd\u017ca\u0142a wozem konnym na nabo\u017ce\u0144stwa do odleg\u0142ego o 18 km ko\u015bcio\u0142a parafialnego.<br \/>Po uko\u0144czeniu szko\u0142y miejskiej w Oszmianie, w 1910 r. Sopo\u0107ko rozpocz\u0105\u0142 czteroletnie studia w seminarium duchownym w Wilnie. Nauk\u0119 m\u00f3g\u0142 kontynuowa\u0107 dzi\u0119ki zapomodze przyznanej mu przez rektora. \u015awi\u0119cenia kap\u0142a\u0144skie otrzyma\u0142 15 czerwca 1914 r. Kap\u0142a\u0144sk\u0105 pos\u0142ug\u0119 rozpocz\u0105\u0142 jako wikariusz w parafii Taboryszki ko\u0142o Wilna.<br \/>W 1918 r. otrzyma\u0142 pozwolenie na wyjazd do Warszawy, na studia na Wydziale Teologicznym UW. Jednak choroba, a p\u00f3\u017aniej dzia\u0142ania wojenne uniemo\u017cliwi\u0142y mu podj\u0119cie studi\u00f3w. Zg\u0142osi\u0142 si\u0119 na ochotnika do duszpasterstwa wojskowego. Prowadzi\u0142 dzia\u0142alno\u015b\u0107 duszpastersk\u0105 w szpitalu polowym i w\u015br\u00f3d walcz\u0105cych na froncie \u017co\u0142nierzy. Stara\u0142 si\u0119 wykonywa\u0107 swoj\u0105 pos\u0142ug\u0119 jak najlepiej mimo kolejnych k\u0142opot\u00f3w zdrowotnych. W 1919 r. Uniwersytet Warszawski wznowi\u0142 dzia\u0142alno\u015b\u0107 i ks. Sopo\u0107ko zapisa\u0142 si\u0119 na sekcj\u0119 teologii moralnej oraz na wyk\u0142ady z prawa i filozofii, kt\u00f3re uko\u0144czy\u0142 magisterium w 1923 r.; trzy lata p\u00f3\u017aniej uzyska\u0142 tam tytu\u0142 doktora teologii. W latach 1922-1924 studiowa\u0142 tak\u017ce w Wy\u017cszym Instytucie Pedagogicznym. W czasie studi\u00f3w by\u0142 nadal kapelanem wojskowym (a\u017c do roku 1929).<br \/>W 1924 roku powr\u00f3ci\u0142 do rodzimej diecezji; w 1927 roku zosta\u0142 mianowany ojcem duchownym, a rok potem &#8211; wyk\u0142adowc\u0105 w Seminarium Duchownym i na Wydziale Teologicznym Uniwersytetu Stefana Batorego w Wilnie.<br \/>Po 1932 r. po\u015bwi\u0119ci\u0142 si\u0119 g\u0142\u00f3wnie pracy naukowej. Podj\u0105\u0142 nauk\u0119 j\u0119zyk\u00f3w: niemieckiego, angielskiego i francuskiego, kt\u00f3rych znajomo\u015b\u0107 u\u0142atwi\u0142a mu studiowanie. Habilitowa\u0142 si\u0119 w 1934 r. na Uniwersytecie Warszawskim. Pracy dydaktyczno-naukowej oddawa\u0142 si\u0119 a\u017c do II wojny \u015bwiatowej. Pozostawi\u0142 po sobie liczne publikacje z tego okresu.<br \/>Od 1932 r. by\u0142 spowiednikiem si\u00f3str ze Zgromadzenia Si\u00f3str Matki Bo\u017cej Mi\u0142osierdzia. Tam spotka\u0142 siostr\u0119 Faustyn\u0119 Kowalsk\u0105, kt\u00f3ra od maja 1933 r. zosta\u0142a jego penitentk\u0105. Spotkanie to okaza\u0142o si\u0119 wa\u017cne dla obojga. Ona znalaz\u0142a w nim m\u0105drego spowiednika, kt\u00f3ry by\u0142 inspiratorem powstania jej <em>Dzienniczka Duchowego,<\/em> a on za jej przyczyn\u0105 sta\u0142 si\u0119 czcicielem Mi\u0142osierdzia Bo\u017cego i stworzy\u0142 podstawy teologiczne tego kultu. W <em>Dzienniczku<\/em> siostra Faustyna zapisa\u0142a obietnic\u0119 Pana Jezusa, dotycz\u0105c\u0105 jej spowiednika, ks. Micha\u0142a Sopo\u0107ki, kt\u00f3ry pomaga\u0142 jej przekaza\u0107 prawd\u0119 o Mi\u0142osierdziu Bo\u017cym:<\/p>\n<p>Tyle koron b\u0119dzie w koronie jego, ile dusz si\u0119 zbawi przez dzie\u0142o to.<br \/>Nie za pomy\u015blno\u015b\u0107 w pracy, ale za cierpienie nagradzam (<em>Dzienniczek, <\/em>90).<\/p>\n<p>W czasie okupacji niemieckiej, aby unikn\u0105\u0107 aresztowania, musia\u0142 ukrywa\u0107 si\u0119 w okolicach Wilna. By\u0142 za\u0142o\u017cycielem zgromadzenia zakonnego Si\u00f3str Jezusa Mi\u0142osiernego (1941). Od 1944 r., gdy Seminarium Duchowne w Wilnie wznowi\u0142o dzia\u0142alno\u015b\u0107, wyk\u0142ada\u0142 w nim a\u017c do jego zamkni\u0119cia przez w\u0142adze radzieckie. Poniewa\u017c grozi\u0142o mu aresztowanie, wyjecha\u0142 w 1947 roku do Bia\u0142egostoku, gdzie w seminarium wyk\u0142ada\u0142 pedagogik\u0119, katechetyk\u0119, homiletyk\u0119, teologi\u0119 pastoraln\u0105 i ascetyczn\u0105. Uczy\u0142 te\u017c j\u0119zyk\u00f3w \u0142aci\u0144skiego i rosyjskiego.<br \/>Jeszcze przed wojn\u0105 zacz\u0105\u0142 prowadzi\u0107 intensywn\u0105 akcj\u0119 trze\u017awo\u015bciow\u0105 w ramach Spo\u0142ecznego Komitetu Przeciwalkoholowego. W latach 50. zorganizowa\u0142 szereg kurs\u00f3w katechetycznych dla zakonnic i os\u00f3b \u015bwieckich, a tak\u017ce wyk\u0142ady otwarte o tematyce religijnej przy parafii farnej w Bia\u0142ymstoku. W 1962 r. przeszed\u0142 na emerytur\u0119, ale do ko\u0144ca swych dni uczestniczy\u0142 aktywnie w \u017cyciu diecezji, pracowa\u0142 naukowo i publikowa\u0142. Zmar\u0142 w domu Si\u00f3str Misjonarek przy ul. Poleskiej 15 lutego 1975 r., w dzie\u0144 wspomnienia \u015bwi\u0119tego Faustyna, patrona siostry Faustyny Kowalskiej. Zosta\u0142 pochowany na cmentarzu w Bia\u0142ymstoku.<br \/>30 listopada 1988 r. dokonano ekshumacji jego doczesnych szcz\u0105tk\u00f3w w celu przeniesienia ich do Sanktuarium Mi\u0142osierdzia Bo\u017cego w Bia\u0142ymstoku. 28 wrze\u015bnia 2008 r. w tym w\u0142a\u015bnie sanktuarium mia\u0142a miejsce uroczysta beatyfikacja ks. Micha\u0142a.<\/p>\n\n","protected":false},"excerpt":{"rendered":"<p>Micha\u0142 Sopo\u0107ko urodzi\u0142 si\u0119 1 listopada 1888 roku w Juszewszczy\u017anie (zwanej te\u017c Nowosadami) w powiecie oszmia\u0144skim na Wile\u0144szczy\u017anie w ubogiej rodzinie szlacheckiej, piel\u0119gnuj\u0105cej tradycje patriotyczne. Mimo problem\u00f3w materialnych rodzice zadbali &#8230;<\/p>\n","protected":false},"author":7,"featured_media":0,"parent":107,"menu_order":12,"comment_status":"closed","ping_status":"closed","template":"","meta":[],"_links":{"self":[{"href":"http:\/\/www.mbnp.archidiecezja.wroc.pl\/index.php?rest_route=\/wp\/v2\/pages\/4785"}],"collection":[{"href":"http:\/\/www.mbnp.archidiecezja.wroc.pl\/index.php?rest_route=\/wp\/v2\/pages"}],"about":[{"href":"http:\/\/www.mbnp.archidiecezja.wroc.pl\/index.php?rest_route=\/wp\/v2\/types\/page"}],"author":[{"embeddable":true,"href":"http:\/\/www.mbnp.archidiecezja.wroc.pl\/index.php?rest_route=\/wp\/v2\/users\/7"}],"replies":[{"embeddable":true,"href":"http:\/\/www.mbnp.archidiecezja.wroc.pl\/index.php?rest_route=%2Fwp%2Fv2%2Fcomments&post=4785"}],"version-history":[{"count":2,"href":"http:\/\/www.mbnp.archidiecezja.wroc.pl\/index.php?rest_route=\/wp\/v2\/pages\/4785\/revisions"}],"predecessor-version":[{"id":4788,"href":"http:\/\/www.mbnp.archidiecezja.wroc.pl\/index.php?rest_route=\/wp\/v2\/pages\/4785\/revisions\/4788"}],"up":[{"embeddable":true,"href":"http:\/\/www.mbnp.archidiecezja.wroc.pl\/index.php?rest_route=\/wp\/v2\/pages\/107"}],"wp:attachment":[{"href":"http:\/\/www.mbnp.archidiecezja.wroc.pl\/index.php?rest_route=%2Fwp%2Fv2%2Fmedia&parent=4785"}],"curies":[{"name":"wp","href":"https:\/\/api.w.org\/{rel}","templated":true}]}}