{"id":407,"date":"2016-01-08T10:29:55","date_gmt":"2016-01-08T09:29:55","guid":{"rendered":"http:\/\/www.mbnp.archidiecezja.wroc.pl\/wordpress\/?page_id=407"},"modified":"2016-02-25T21:02:53","modified_gmt":"2016-02-25T20:02:53","slug":"nasz-patron","status":"publish","type":"page","link":"http:\/\/www.mbnp.archidiecezja.wroc.pl\/?page_id=407","title":{"rendered":"Nasz patron"},"content":{"rendered":"<h2 style=\"text-align: center;\"><strong>\u015aw. Dominik Savio.<\/strong><\/h2>\n<p style=\"text-align: right;\"><a href=\"http:\/\/www.mbnp.archidiecezja.wroc.pl\/wp-content\/uploads\/2016\/01\/LSO_ministrant.jpg\" rel=\"lightbox[407]\"><img decoding=\"async\" loading=\"lazy\" class=\"alignright wp-image-627 size-medium\" src=\"http:\/\/www.mbnp.archidiecezja.wroc.pl\/wp-content\/uploads\/2016\/01\/LSO_ministrant-216x300.jpg\" alt=\"LSO_ministrant\" width=\"216\" height=\"300\" srcset=\"http:\/\/www.mbnp.archidiecezja.wroc.pl\/wp-content\/uploads\/2016\/01\/LSO_ministrant-216x300.jpg 216w, http:\/\/www.mbnp.archidiecezja.wroc.pl\/wp-content\/uploads\/2016\/01\/LSO_ministrant.jpg 350w\" sizes=\"(max-width: 216px) 100vw, 216px\" \/><\/a><\/p>\n<p>Dominik urodzi\u0142 si\u0119 w wiosce Riva di Chieri w Piemoncie w 1842 r. Jego ojciec by\u0142 rzemie\u015blnikiem, a matka krawcow\u0105. Rodzice wychowywali dzieci w g\u0142\u0119bokim poszanowaniu religii. Przy o\u0142tarzu staje ju\u017c jako pi\u0119ciolatek. I jako ma\u0142y, w\u0105t\u0142y ch\u0142opak d\u017awiga msza\u0142 rzymski. Na poranne Msze chodzi codziennie kilka kilometr\u00f3w, a kiedy jest za wcze\u015bnie, kl\u0119czy i modli si\u0119 przed zamkni\u0119tym jeszcze ko\u015bcio\u0142em. Nie przeszkadza mu wtedy ani deszcz, ani \u015bnie\u017cyca. Po Mszy uczy\u0142 si\u0119 w szkole prowadzonej przez proboszcza. Gdy zako\u0144czy\u0142 w niej edukacj\u0119, przeni\u00f3s\u0142 si\u0119 do kolejnej szko\u0142y, do kt\u00f3rej musia\u0142 codziennie chodzi\u0107 8 km pieszo. Mawia\u0142, \u017ce w drodze towarzysz\u0105 mu Jezus, Maryja i Anio\u0142 Str\u00f3\u017c. Dnia 8 kwietnia 1849 roku, w Wielkanoc, przyj\u0105\u0142 pierwsz\u0105 Komuni\u0119 \u015bwi\u0119t\u0105. O dojrza\u0142o\u015bci duchowej Dominika \u015bwiadcz\u0105 postanowienia, jakie napisa\u0142 z okazji tej uroczysto\u015bci w swojej ksi\u0105\u017ceczce do nabo\u017ce\u0144stwa:<\/p>\n<ul>\n<li>b\u0119d\u0119 cz\u0119sto spowiada\u0142 si\u0119 i komunikowa\u0142, ilekro\u0107 mi na to zezwoli m\u00f3j spowiednik,<\/li>\n<li>b\u0119d\u0119 \u015bwi\u0119ci\u0142 dzie\u0144 \u015bwi\u0119ty,<\/li>\n<li>moimi przyjaci\u00f3\u0142mi b\u0119d\u0105 Jezus i Maryja,<\/li>\n<li>raczej umr\u0119 ani\u017celi zgrzesz\u0119.<\/li>\n<\/ul>\n<p>Maj\u0105c 12 lat, Dominik spotka\u0142 \u015bw. Jana Bosko, kt\u00f3ry przyj\u0105\u0142 go do swego oratorium w Turynie. Nawi\u0105za\u0142a si\u0119 mi\u0119dzy nimi szczeg\u00f3lna duchowa wi\u0119\u017a.<\/p>\n<p>Dominik swoj\u0105 postaw\u0105 dawa\u0142 przyk\u0142ad innym ch\u0142opcom. Podejmowa\u0142 wiele inicjatyw, \u017ceby pomaga\u0107 tym, kt\u00f3rzy gorzej uczyli si\u0119 i robili mniejsze post\u0119py na drodze duchowej. Pewnego dnia zapuka\u0142 do pokoju Jana Bosko b\u0142agaj\u0105c go, by natychmiast szed\u0142 z nim. Zaprowadzi\u0142 go do mieszkania umieraj\u0105cego, kt\u00f3ry pragn\u0105\u0142 pojedna\u0107 si\u0119 z Bogiem. Odleg\u0142o\u015b\u0107 od oratorium by\u0142a znaczna. Dla \u015bw. Jana Bosko pozosta\u0142o na zawsze zagadk\u0105, sk\u0105d Dominik dowiedzia\u0142 si\u0119 o tym protestancie i o miejscu jego zamieszkania, skoro tu nigdy nie bywa\u0142. Nie wypada\u0142o za\u015b ch\u0142opca o to pyta\u0107.<\/p>\n<p>Jesieni\u0105 1856 roku, Dominik Savio zacz\u0105\u0142 chorowa\u0107. Jan Bosko wezwa\u0142 lekarza, kt\u00f3ry stwierdzi\u0142 bardzo zaawansowan\u0105 chorob\u0119 p\u0142uc. Kiedy Dominik \u017cegna\u0142 Jana Bosko i koleg\u00f3w, ze \u0142zami w oczach powiedzia\u0142: \u201eJa ju\u017c tu nie wr\u00f3c\u0119.\u201d \u2013 tak te\u017c si\u0119 sta\u0142o. 9 marca 1857 roku, zaopatrzony Sakramentami \u015awi\u0119tymi, kiedy ojciec czyta\u0142 mu modlitwy o dobr\u0105 \u015bmier\u0107, ch\u0142opiec zawo\u0142a\u0142: \u201eDo widzenia, ojcze! Do widzenia! O, jakie pi\u0119kne rzeczy widz\u0119!\u201d, po czym zmar\u0142.<\/p>\n<p>Mimo bardzo m\u0142odego wieku, po\u015br\u00f3d zwyczajnych obowi\u0105zk\u00f3w codzienno\u015bci, przebywaj\u0105c mi\u0119dzy r\u00f3wie\u015bnikami, Dominik Savio osi\u0105gn\u0105\u0142 \u015bwi\u0119to\u015b\u0107. Jej rozumienie zawar\u0142 w li\u015bcie do przyjaciela: &#8222;Tu, na ziemi, \u015bwi\u0119to\u015b\u0107 polega na tym, aby stale by\u0107 radosnym i wiernie wype\u0142nia\u0107 nasze obowi\u0105zki&#8221;. Pius XI powiedzia\u0142 o nim: &#8222;Ma\u0142y \u015bwi\u0119ty, ale gigant ducha&#8221;. Beatyfikowany w 1950 roku, a kanonizowany w 1954.<\/p>\n<p style=\"text-align: justify;\">\u015aw. Dominik Savio patronuje naszej wsp\u00f3lnocie obecny w swoich relikwiach od 20 XII 2015 roku.<\/p>\n<p><strong>Modlitwa do \u015bw. Dominika Savio:<\/strong><br \/>\n<em>\u015awi\u0119ty m\u00f3j patronie Dominiku Savio jeste\u015b moim pe\u0142nym chwa\u0142y obro\u0144c\u0105. W trudach swoich kroczy\u0142e\u015b \u015bladami Jezusa, a przez ukryte swe \u017cycie i cnoty, przez czysto\u015b\u0107, pokor\u0119 i \u017carliwo\u015b\u0107 najbli\u017cszy jeste\u015b Maryi.<\/em><\/p>\n<p><em>Od dawna po\u015bwi\u0119ci\u0142em si\u0119 tobie, ale jeszcze niczego godnego ciebie nie uczyni\u0142em i wstyd mi nazywa\u0107 ciebie swoim, bo zas\u0142u\u017cy\u0142e\u015b na na\u015bladowc\u00f3w odznaczaj\u0105cych si\u0119 wielk\u0105 czysto\u015bci\u0105 zamiar\u00f3w i wielk\u0105 stanowczo\u015bci\u0105.<\/em><\/p>\n<p><em>\u015awi\u0119ty Dominiku Savio roztocz, wi\u0119c nade mn\u0105 opiek\u0119. Czuwaj nade mn\u0105, nie dozw\u00f3l, abym wl\u00f3k\u0142 si\u0119 opieszale, wyjednaj mi \u0142ask\u0119 niezb\u0119dn\u0105 do sprostania moim obowi\u0105zkom abym m\u00f3g\u0142 czyni\u0107 post\u0119py we wszystkich cnotach: w wierze, nadziei i mi\u0142o\u015bci, w roztropno\u015bci i m\u0119stwie, sprawiedliwo\u015bcii umiarkowaniu, a r\u00f3wnie\u017c w pokorze, w czysto\u015bci, w hojno\u015bci, w \u0142agodno\u015bci, i w prawdom\u00f3wno\u015bci.<\/em><\/p>\n<p><em>Przewodniku dusz, kt\u00f3ry tak wiele serc zwr\u00f3ci\u0142e\u015b ku Bogu, m\u00f3dl si\u0119 za mnie. Amen.<\/em><\/p>\n","protected":false},"excerpt":{"rendered":"<p>\u015aw. Dominik Savio. Dominik urodzi\u0142 si\u0119 w wiosce Riva di Chieri w Piemoncie w 1842 r. Jego ojciec by\u0142 rzemie\u015blnikiem, a matka krawcow\u0105. Rodzice wychowywali dzieci w g\u0142\u0119bokim poszanowaniu religii. &#8230;<\/p>\n","protected":false},"author":7,"featured_media":0,"parent":124,"menu_order":7,"comment_status":"closed","ping_status":"closed","template":"","meta":[],"_links":{"self":[{"href":"http:\/\/www.mbnp.archidiecezja.wroc.pl\/index.php?rest_route=\/wp\/v2\/pages\/407"}],"collection":[{"href":"http:\/\/www.mbnp.archidiecezja.wroc.pl\/index.php?rest_route=\/wp\/v2\/pages"}],"about":[{"href":"http:\/\/www.mbnp.archidiecezja.wroc.pl\/index.php?rest_route=\/wp\/v2\/types\/page"}],"author":[{"embeddable":true,"href":"http:\/\/www.mbnp.archidiecezja.wroc.pl\/index.php?rest_route=\/wp\/v2\/users\/7"}],"replies":[{"embeddable":true,"href":"http:\/\/www.mbnp.archidiecezja.wroc.pl\/index.php?rest_route=%2Fwp%2Fv2%2Fcomments&post=407"}],"version-history":[{"count":9,"href":"http:\/\/www.mbnp.archidiecezja.wroc.pl\/index.php?rest_route=\/wp\/v2\/pages\/407\/revisions"}],"predecessor-version":[{"id":1163,"href":"http:\/\/www.mbnp.archidiecezja.wroc.pl\/index.php?rest_route=\/wp\/v2\/pages\/407\/revisions\/1163"}],"up":[{"embeddable":true,"href":"http:\/\/www.mbnp.archidiecezja.wroc.pl\/index.php?rest_route=\/wp\/v2\/pages\/124"}],"wp:attachment":[{"href":"http:\/\/www.mbnp.archidiecezja.wroc.pl\/index.php?rest_route=%2Fwp%2Fv2%2Fmedia&parent=407"}],"curies":[{"name":"wp","href":"https:\/\/api.w.org\/{rel}","templated":true}]}}