{"id":4028,"date":"2019-09-22T11:17:50","date_gmt":"2019-09-22T09:17:50","guid":{"rendered":"http:\/\/www.mbnp.archidiecezja.wroc.pl\/?page_id=4028"},"modified":"2019-09-22T11:17:53","modified_gmt":"2019-09-22T09:17:53","slug":"zyciorys-bl-bernardyny-jablonskiej","status":"publish","type":"page","link":"http:\/\/www.mbnp.archidiecezja.wroc.pl\/?page_id=4028","title":{"rendered":"\u017byciorys b\u0142. Bernardyny Jab\u0142o\u0144skiej"},"content":{"rendered":"\n<figure class=\"wp-block-image is-resized\"><img decoding=\"async\" loading=\"lazy\" src=\"http:\/\/www.mbnp.archidiecezja.wroc.pl\/wp-content\/uploads\/2019\/09\/Slajd-13-768x1024.jpg\" alt=\"\" class=\"wp-image-4029\" width=\"192\" height=\"256\" srcset=\"http:\/\/www.mbnp.archidiecezja.wroc.pl\/wp-content\/uploads\/2019\/09\/Slajd-13-768x1024.jpg 768w, http:\/\/www.mbnp.archidiecezja.wroc.pl\/wp-content\/uploads\/2019\/09\/Slajd-13-225x300.jpg 225w, http:\/\/www.mbnp.archidiecezja.wroc.pl\/wp-content\/uploads\/2019\/09\/Slajd-13.jpg 1008w\" sizes=\"(max-width: 192px) 100vw, 192px\" \/><\/figure>\n\n\n<p>Maria Jab\u0142o\u0144ska urodzi\u0142a si\u0119 5 sierpnia 1878 roku we wsi Pizuny ko\u0142o Lubaczowa. By\u0142a jednym z czworga dzieci niezamo\u017cnych rolnik\u00f3w Grzegorza i Marii. Do szko\u0142y nie chodzi\u0142a, pisa\u0107 i czyta\u0107 nauczy\u0142 j\u0105 domowy nauczyciel. W wieku 18 lat po spotkaniu Brata Alberta Chmielowskiego wst\u0105pi\u0142a do Albertynek. Zosta\u0142a g\u0142\u00f3wn\u0105 kuchark\u0105 w Miejskim Domu Kalek. W jej zapiskach mo\u017cna przeczyta\u0107: &#8222;Dope\u0142niajmy pracy Jezusa, Jego trud\u00f3w, cierpie\u0144, mi\u0142o\u015bci, cicho\u015bci, \u0142ez, a szczeg\u00f3lnie Jego mi\u0142osierdzia nad n\u0119dzami duszy i cia\u0142a bli\u017anich&#8221;.<br \/>24-letni\u0105 siostr\u0119 Mari\u0119, kt\u00f3ra w zakonie przybra\u0142a imi\u0119 Bernardyna, brat Albert mianowa\u0142 prze\u0142o\u017con\u0105 generaln\u0105 Albertynek. W testamencie napisa\u0142a: &#8222;Czy\u0144cie dobrze wszystkim&#8221; &#8211; jakby uzupe\u0142niaj\u0105c s\u0142owa Adama Chmielowskiego: &#8222;Trzeba by\u0107 dobrym jak chleb&#8221;. Si\u0142\u0119 siostra Bernardyna odnajdywa\u0142a w Eucharystii. W dzie\u0144 zaj\u0119ta sprawami Zgromadzenia i ubogich, nie mia\u0142a czasu na d\u0142u\u017csz\u0105 modlitw\u0119, wi\u0119c wynagradza\u0142a Panu Bogu, trwaj\u0105c noc\u0105 godzinami przed Naj\u015bwi\u0119tszym Sakramentem. To umi\u0142owanie Jezusa w Eucharystii przekaza\u0142a swoim siostrom, zach\u0119caj\u0105c je do cz\u0119stej adoracji. Zmar\u0142a 23 wrze\u015bnia 1940 roku.<br \/>Beatyfikacji Bernardyny Jab\u0142o\u0144skiej dokona\u0142 6 czerwca 1997 r. \u015bw. Jan Pawe\u0142 II podczas Mszy \u015bw. odprawianej pod Krokwi\u0105 w Zakopanem. W homilii m\u00f3wi\u0142 on mi\u0119dzy innymi:<br \/><br \/><img decoding=\"async\" title=\"\u015aw. Jan Pawe\u0142 II podczas Mszy \u015bw. beatyfikacyjnej, Zakopane, 6 czerwca 1997 r.\" src=\"https:\/\/brewiarz.pl\/czytelnia\/swieci\/img\/09\/2209-jablonska_2.jpg\" alt=\"\u015aw. Jan Pawe\u0142 II podczas Mszy \u015bw. beatyfikacyjnej, Zakopane, 6 czerwca 1997 r.\" width=\"200\" align=\"right\" border=\"0\" hspace=\"10\" vspace=\"5\" \/> <b>Maria Bernardyna Jab\u0142o\u0144ska &#8211; duchowa c\u00f3rka \u015bw. brata Alberta Chmielowskiego, wsp\u00f3\u0142pracownica i kontynuatorka jego dzie\u0142a mi\u0142osierdzia &#8211; \u017cyj\u0105c w ub\u00f3stwie dla Chrystusa po\u015bwi\u0119ci\u0142a si\u0119 s\u0142u\u017cbie najubo\u017cszym. Ko\u015bci\u00f3\u0142 stawia nam dzisiaj za wz\u00f3r t\u0119 \u015bwi\u0105tobliw\u0105 zakonnic\u0119, kt\u00f3rej dewiz\u0105 \u017cycia by\u0142y s\u0142owa: &#8222;dawa\u0107, wiecznie dawa\u0107&#8221;. Zapatrzona w Chrystusa, sz\u0142a wiernie za Nim, na\u015bladuj\u0105c Go w mi\u0142o\u015bci. Chcia\u0142a zado\u015b\u0107uczyni\u0107 ka\u017cdej pro\u015bbie ludzkiej, otrze\u0107 ka\u017cd\u0105 \u0142z\u0119, pocieszy\u0107 cho\u0107by s\u0142owem ka\u017cd\u0105 cierpi\u0105c\u0105 dusz\u0119. Chcia\u0142a by\u0107 dobr\u0105 zawsze dla wszystkich, a najlepsz\u0105 dla najbardziej pokrzywdzonych. &#8222;B\u00f3l bli\u017anich moich jest b\u00f3lem moim&#8221; &#8211; mawia\u0142a. Wraz ze \u015bw. Bratem Albertem zak\u0142ada\u0142a przytuliska dla chorych i tu\u0142aczy wojennych.<br \/>Ta wielka heroiczna mi\u0142o\u015b\u0107 dojrzewa\u0142a na modlitwie, w ciszy pobliskiej pustelni na Kalat\u00f3wkach, gdzie przez jaki\u015b czas przebywa\u0142a. W najtrudniejszych chwilach \u017cycia &#8211; zgodnie z zaleceniami jej duchowego opiekuna &#8211; poleca\u0142a si\u0119 Naj\u015bwi\u0119tszemu Sercu Jezusa. Jemu ofiarowa\u0142a wszystko, co posiada\u0142a, a zw\u0142aszcza cierpienia wewn\u0119trzne i udr\u0119ki fizyczne. Wszystko dla mi\u0142o\u015bci Chrystusa! Jako przez wiele lat prze\u0142o\u017cona generalna Zgromadzenia Si\u00f3str Pos\u0142uguj\u0105cych Ubogim III Zakonu \u015bw. Franciszka &#8211; albertynek, nieustannie dawa\u0142a swoim siostrom przyk\u0142ad tej mi\u0142o\u015bci, kt\u00f3ra wyp\u0142ywa ze zjednoczenia ludzkiego serca z Naj\u015bwi\u0119tszym Sercem Zbawiciela. To Serce Jezusa by\u0142o jej umocnieniem w heroicznej pos\u0142udze najbardziej potrzebuj\u0105cym.<\/b><\/p>","protected":false},"excerpt":{"rendered":"<p>Maria Jab\u0142o\u0144ska urodzi\u0142a si\u0119 5 sierpnia 1878 roku we wsi Pizuny ko\u0142o Lubaczowa. By\u0142a jednym z czworga dzieci niezamo\u017cnych rolnik\u00f3w Grzegorza i Marii. Do szko\u0142y nie chodzi\u0142a, pisa\u0107 i czyta\u0107 &#8230;<\/p>\n","protected":false},"author":7,"featured_media":0,"parent":107,"menu_order":11,"comment_status":"closed","ping_status":"closed","template":"","meta":[],"_links":{"self":[{"href":"http:\/\/www.mbnp.archidiecezja.wroc.pl\/index.php?rest_route=\/wp\/v2\/pages\/4028"}],"collection":[{"href":"http:\/\/www.mbnp.archidiecezja.wroc.pl\/index.php?rest_route=\/wp\/v2\/pages"}],"about":[{"href":"http:\/\/www.mbnp.archidiecezja.wroc.pl\/index.php?rest_route=\/wp\/v2\/types\/page"}],"author":[{"embeddable":true,"href":"http:\/\/www.mbnp.archidiecezja.wroc.pl\/index.php?rest_route=\/wp\/v2\/users\/7"}],"replies":[{"embeddable":true,"href":"http:\/\/www.mbnp.archidiecezja.wroc.pl\/index.php?rest_route=%2Fwp%2Fv2%2Fcomments&post=4028"}],"version-history":[{"count":1,"href":"http:\/\/www.mbnp.archidiecezja.wroc.pl\/index.php?rest_route=\/wp\/v2\/pages\/4028\/revisions"}],"predecessor-version":[{"id":4030,"href":"http:\/\/www.mbnp.archidiecezja.wroc.pl\/index.php?rest_route=\/wp\/v2\/pages\/4028\/revisions\/4030"}],"up":[{"embeddable":true,"href":"http:\/\/www.mbnp.archidiecezja.wroc.pl\/index.php?rest_route=\/wp\/v2\/pages\/107"}],"wp:attachment":[{"href":"http:\/\/www.mbnp.archidiecezja.wroc.pl\/index.php?rest_route=%2Fwp%2Fv2%2Fmedia&parent=4028"}],"curies":[{"name":"wp","href":"https:\/\/api.w.org\/{rel}","templated":true}]}}