{"id":2736,"date":"2017-07-28T14:01:51","date_gmt":"2017-07-28T12:01:51","guid":{"rendered":"http:\/\/www.mbnp.archidiecezja.wroc.pl\/?page_id=2736"},"modified":"2017-08-30T17:43:58","modified_gmt":"2017-08-30T15:43:58","slug":"ks-pralat-franciszek-skorusa-zyciorys","status":"publish","type":"page","link":"http:\/\/www.mbnp.archidiecezja.wroc.pl\/?page_id=2736","title":{"rendered":"Ks. Pra\u0142at Franciszek Skorusa &#8211; \u017cyciorys"},"content":{"rendered":"<h2>KSI\u0104DZ FRANCISZEK SKORUSA<\/h2>\n<p>(\u017bYCIORYS ODCZYTANY PRZED MSZ\u0104 \u015aWI\u0118T\u0104 POGRZEBOW\u0104 9 PA\u0179DZIERNIKA 2010 ROKU)<\/p>\n<p style=\"text-indent: 1cm;\"><a href=\"http:\/\/www.mbnp.archidiecezja.wroc.pl\/wp-content\/uploads\/2017\/07\/prymicyjne.jpg\" rel=\"lightbox[2736]\"><img decoding=\"async\" loading=\"lazy\" class=\"size-medium wp-image-2773 alignleft\" src=\"http:\/\/www.mbnp.archidiecezja.wroc.pl\/wp-content\/uploads\/2017\/07\/prymicyjne-224x300.jpg\" alt=\"prymicyjne\" width=\"224\" height=\"300\" srcset=\"http:\/\/www.mbnp.archidiecezja.wroc.pl\/wp-content\/uploads\/2017\/07\/prymicyjne-224x300.jpg 224w, http:\/\/www.mbnp.archidiecezja.wroc.pl\/wp-content\/uploads\/2017\/07\/prymicyjne.jpg 349w\" sizes=\"(max-width: 224px) 100vw, 224px\" \/><\/a>Ksi\u0105dz Franciszek Skorusa urodzi\u0142 si\u0119 2 lipca 1940 r. w Chocho\u0142owie, jako jedno z dziewi\u0119ciorga dzieci Marii z domu Garczek i Wojciecha Skorus\u00f3w. Wychowa\u0142 si\u0119 w rodzinie, w kt\u00f3rej wiara stanowi\u0142a sens \u017cycia; lektura Pisma \u015awi\u0119tego \u2013 centrum ka\u017cdego niedzielnego popo\u0142udnia, a tradycje g\u00f3ralskie, tak\u017ce te zwi\u0105zane ze \u015bwi\u0119tami ko\u015bcielnymi, \u017ar\u00f3d\u0142o to\u017csamo\u015bci narodowej i religijnej. Te pi\u0119kne tradycje swojej ziemi rodzinnej zachowywa\u0142 przez ca\u0142e \u017cycie.<\/p>\n<p style=\"text-indent: 1cm;\">Po wczesnej \u015bmierci rodzic\u00f3w opiek\u0119 nad Nim i Jego m\u0142odszym rodze\u0144stwem sprawowa\u0142a najstarsza siostra i najstarszy brat. Dzi\u0119ki nim, po uko\u0144czeniu siedmioklasowej Szko\u0142y Podstawowej w Chocho\u0142owie, rozpocz\u0105\u0142 nauk\u0119 w Liceum im. Seweryna Goszczy\u0144skiego w Nowym Targu. Po zdaniu matury w 1958 r., wst\u0105pi\u0142 do Wy\u017cszego Seminarium Duchownego w Krakowie, gdzie mia\u0142 sposobno\u015b\u0107 uczestniczy\u0107 w zaj\u0119ciach prowadzonych przez ksi\u0119dza biskupa Karola Wojty\u0142\u0119. W 1961 r. zrezygnowa\u0142 ze studi\u00f3w, by po pracy w gminnej sp\u00f3\u0142dzielni i z\u0142o\u017ceniu dokument\u00f3w do Wy\u017cszej Szko\u0142y Pedagogicznej, za namow\u0105 \u00f3wczesnego rektora \u2013 ksi\u0119dza Paw\u0142a Latuska, powr\u00f3ci\u0107 na studia w Metropolitalnym Wy\u017cszym Seminarium Duchownym we Wroc\u0142awiu, przygotowuj\u0105c si\u0119 do kap\u0142a\u0144stwa. Podczas nauki odbywa\u0142 tak\u017ce s\u0142u\u017cb\u0119 wojskow\u0105 w jednostce saperskiej w Kro\u015bnie Odrza\u0144skim. Wtedy ostatecznie rozpozna\u0142 swoje kap\u0142a\u0144skie powo\u0142anie, o kt\u00f3rym my\u015bla\u0142 ju\u017c od dzieci\u0144stwa dzi\u0119ki postawie i \u015bwiadectwu \u00f3wczesnego wikariusza parafii w Chocho\u0142owie \u2013 ksi\u0119dza Mieczys\u0142awa M\u0105drzyka.<\/p>\n<p style=\"text-indent: 1cm;\">\u015awi\u0119cenia kap\u0142a\u0144skie z r\u0105k biskupa Andrzeja Wronki przyj\u0105\u0142 w roku uroczysto\u015bci 1000-lecia chrztu Polski \u2013 24 czerwca 1966 r.<\/p>\n<p style=\"text-indent: 1cm;\"><a href=\"http:\/\/www.mbnp.archidiecezja.wroc.pl\/wp-content\/uploads\/2017\/07\/olawa.jpg\" rel=\"lightbox[2736]\"><img decoding=\"async\" loading=\"lazy\" class=\"size-medium wp-image-2775 alignleft\" src=\"http:\/\/www.mbnp.archidiecezja.wroc.pl\/wp-content\/uploads\/2017\/07\/olawa-200x300.jpg\" alt=\"olawa\" width=\"200\" height=\"300\" srcset=\"http:\/\/www.mbnp.archidiecezja.wroc.pl\/wp-content\/uploads\/2017\/07\/olawa-200x300.jpg 200w, http:\/\/www.mbnp.archidiecezja.wroc.pl\/wp-content\/uploads\/2017\/07\/olawa-683x1024.jpg 683w, http:\/\/www.mbnp.archidiecezja.wroc.pl\/wp-content\/uploads\/2017\/07\/olawa.jpg 713w\" sizes=\"(max-width: 200px) 100vw, 200px\" \/><\/a>Przez pierwsze trzy lata swojego kap\u0142a\u0144stwa pracowa\u0142 jako wikariusz w parafii Matki Boskiej Pocieszenia w O\u0142awie. Nast\u0119pnie rozpocz\u0105\u0142 prac\u0119<br \/>\nw parafii Wniebowzi\u0119cia Naj\u015bwi\u0119tszej Maryi Panny w Lubawce, w dekanacie Kamienna G\u00f3ra. W latach 1971\u20131974 by\u0142 wikariuszem w parafii \u015bw. Jadwigi we Wroc\u0142awiu-Le\u015bnicy. Przez kolejne lata pracowa\u0142 w Polkowicach w parafii \u015bw. Micha\u0142a Archanio\u0142a, a nast\u0119pnie w parafii \u015b\u015b. Aposto\u0142\u00f3w Piotra i Paw\u0142a w Legnicy.<br \/>\nJako wikariusz prowadzi\u0142 przede wszystkim katechez\u0119, ale opiekowa\u0142 si\u0119 tak\u017ce Liturgiczn\u0105 S\u0142u\u017cb\u0105 O\u0142tarza oraz pe\u0142ni\u0142 pos\u0142ug\u0119 kapelana w szpitalach.<\/p>\n<p style=\"text-indent: 1cm;\">W 1980 r. zosta\u0142 mianowany proboszczem parafii Matki Bo\u017cej Szkaplerznej i \u015bw. Eliasza w G\u0142\u0119bowicach w dekanacie Wo\u0142\u00f3w. Tamtejsz\u0105 prac\u0119 duszpastersk\u0105 wspomina\u0142 bardzo ciep\u0142o. Szczeg\u00f3lnie ceni\u0142 sobie obecno\u015b\u0107<br \/>\ni zaanga\u017cowanie dzieci w \u017cycie parafii.<\/p>\n<p style=\"text-indent: 1cm;\"><a href=\"http:\/\/www.mbnp.archidiecezja.wroc.pl\/wp-content\/uploads\/2017\/07\/budowa.jpg\" rel=\"lightbox[2736]\"><img decoding=\"async\" loading=\"lazy\" class=\"size-medium wp-image-2774 alignleft\" src=\"http:\/\/www.mbnp.archidiecezja.wroc.pl\/wp-content\/uploads\/2017\/07\/budowa-300x203.jpg\" alt=\"budowa\" width=\"300\" height=\"203\" srcset=\"http:\/\/www.mbnp.archidiecezja.wroc.pl\/wp-content\/uploads\/2017\/07\/budowa-300x203.jpg 300w, http:\/\/www.mbnp.archidiecezja.wroc.pl\/wp-content\/uploads\/2017\/07\/budowa.jpg 744w\" sizes=\"(max-width: 300px) 100vw, 300px\" \/><\/a>W 1981 r. zosta\u0142 delegowany jako wikariusz do parafii \u015bw. Micha\u0142a Archanio\u0142a we Wroc\u0142awiu na Muchoborze Wielkim. Zamieszka\u0142 w budynku starej kaplicy na osiedlu Muchob\u00f3r Ma\u0142y. Przez kolejne dwa lata wsp\u00f3\u0142pracowa\u0142 z ksi\u0119dzem kanonikiem Aleksandrem Obercem, przygotowuj\u0105c budow\u0119 ko\u015bcio\u0142a na Nowym Dworze, prowadz\u0105c katechez\u0119 oraz rozwijaj\u0105c prac\u0119 duszpastersk\u0105 na miejscu, w kaplicy. W zwi\u0105zku z podzia\u0142em parafii Muchob\u00f3r Wielki w marcu 1983 r. zosta\u0142 mianowany administratorem, a nast\u0119pnie proboszczem parafii Matki Bo\u017cej Nieustaj\u0105cej Pomocy na Muchoborze Ma\u0142ym. Dzi\u0119ki Jego wytrwa\u0142ym staraniom po sze\u015bciu latach parafia otrzyma\u0142a akt notarialny potwierdzaj\u0105cy lokalizacj\u0119 nowego ko\u015bcio\u0142a, a ju\u017c w roku 2000 dokonano konsekracji nowej \u015bwi\u0105tyni. Podczas budowy ko\u015bcio\u0142a i domu parafialnego niejednokrotnie da\u0142 si\u0119 pozna\u0107 jako cz\u0142owiek \u017carliwej modlitwy i ofiarnej pracy, odpowiedzialny i kompetentny pracownik, ale i wymagaj\u0105cy kap\u0142an.<\/p>\n<p style=\"text-indent: 1cm;\">Nie ogranicza\u0142 jednak swojej pracy duszpasterskiej jedynie do parafii. Przez wiele lat sprawowa\u0142 funkcj\u0119 dziekana i aktywnie dzia\u0142a\u0142 jako duszpasterz ludzi pracy. Jego rzetelno\u015b\u0107 i pracowito\u015b\u0107 doceniano. W roku 1998 Jan Pawe\u0142 II nada\u0142 Mu tytu\u0142 Kapelana Honorowego Ojca \u015awi\u0119tego, a w 2004 r. zosta\u0142 mianowany dyrektorem Wydzia\u0142u Duszpasterskiego Wroc\u0142awskiej Kurii Metropolitalnej.<\/p>\n<p style=\"text-indent: 1cm;\"><a href=\"http:\/\/www.mbnp.archidiecezja.wroc.pl\/wp-content\/uploads\/2017\/07\/5.jpg\" rel=\"lightbox[2736]\"><img decoding=\"async\" loading=\"lazy\" class=\"size-medium wp-image-2776 alignleft\" src=\"http:\/\/www.mbnp.archidiecezja.wroc.pl\/wp-content\/uploads\/2017\/07\/5-225x300.jpg\" alt=\"5\" width=\"225\" height=\"300\" srcset=\"http:\/\/www.mbnp.archidiecezja.wroc.pl\/wp-content\/uploads\/2017\/07\/5-225x300.jpg 225w, http:\/\/www.mbnp.archidiecezja.wroc.pl\/wp-content\/uploads\/2017\/07\/5.jpg 350w\" sizes=\"(max-width: 225px) 100vw, 225px\" \/><\/a>Odprawiaj\u0105c ostatni\u0105 Msz\u0119 \u015awi\u0119t\u0105 w naszej \u015bwi\u0105tyni, odczyta\u0142 nam z Ewangelii \u015bw. \u0141ukasza s\u0142owa: \u201eS\u0142udzy nieu\u017cyteczni jeste\u015bmy; wykonali\u015bmy to, co powinni\u015bmy wykona\u0107\u201d. Odszed\u0142 do Pana w niedzielne popo\u0142udnie 3 pa\u017adziernika 2010 r. w przeddzie\u0144 swoich imienin. Pok\u00f3j Jego duszy.<\/p>\n<p>&nbsp;<\/p>\n<p style=\"font-size: small;\">(\u017byciorys zaczerpni\u0119to z ksi\u0105\u017cki: \u201eKsi\u0105dz Pra\u0142at Franciszek Skorusa 1940-2010\u201d, red. M. Budzi\u0144ska, E. Dobrza\u0144ski, J. Inglot, E. Koziarzewski, P. \u0141\u0105cki, W. Partyka, M. Sk\u00f3rzy\u0144ski, Wroc\u0142aw 2011, ss. 57-58)<\/p>\n","protected":false},"excerpt":{"rendered":"<p>KSI\u0104DZ FRANCISZEK SKORUSA (\u017bYCIORYS ODCZYTANY PRZED MSZ\u0104 \u015aWI\u0118T\u0104 POGRZEBOW\u0104 9 PA\u0179DZIERNIKA 2010 ROKU) Ksi\u0105dz Franciszek Skorusa urodzi\u0142 si\u0119 2 lipca 1940 r. w Chocho\u0142owie, jako jedno z dziewi\u0119ciorga dzieci Marii &#8230;<\/p>\n","protected":false},"author":7,"featured_media":0,"parent":2695,"menu_order":5,"comment_status":"closed","ping_status":"closed","template":"","meta":[],"_links":{"self":[{"href":"http:\/\/www.mbnp.archidiecezja.wroc.pl\/index.php?rest_route=\/wp\/v2\/pages\/2736"}],"collection":[{"href":"http:\/\/www.mbnp.archidiecezja.wroc.pl\/index.php?rest_route=\/wp\/v2\/pages"}],"about":[{"href":"http:\/\/www.mbnp.archidiecezja.wroc.pl\/index.php?rest_route=\/wp\/v2\/types\/page"}],"author":[{"embeddable":true,"href":"http:\/\/www.mbnp.archidiecezja.wroc.pl\/index.php?rest_route=\/wp\/v2\/users\/7"}],"replies":[{"embeddable":true,"href":"http:\/\/www.mbnp.archidiecezja.wroc.pl\/index.php?rest_route=%2Fwp%2Fv2%2Fcomments&post=2736"}],"version-history":[{"count":6,"href":"http:\/\/www.mbnp.archidiecezja.wroc.pl\/index.php?rest_route=\/wp\/v2\/pages\/2736\/revisions"}],"predecessor-version":[{"id":2777,"href":"http:\/\/www.mbnp.archidiecezja.wroc.pl\/index.php?rest_route=\/wp\/v2\/pages\/2736\/revisions\/2777"}],"up":[{"embeddable":true,"href":"http:\/\/www.mbnp.archidiecezja.wroc.pl\/index.php?rest_route=\/wp\/v2\/pages\/2695"}],"wp:attachment":[{"href":"http:\/\/www.mbnp.archidiecezja.wroc.pl\/index.php?rest_route=%2Fwp%2Fv2%2Fmedia&parent=2736"}],"curies":[{"name":"wp","href":"https:\/\/api.w.org\/{rel}","templated":true}]}}