{"id":2693,"date":"2017-07-16T22:04:05","date_gmt":"2017-07-16T20:04:05","guid":{"rendered":"http:\/\/www.mbnp.archidiecezja.wroc.pl\/?page_id=2693"},"modified":"2017-07-28T14:00:35","modified_gmt":"2017-07-28T12:00:35","slug":"ks-kan-aleksander-oberc-wspomnienia","status":"publish","type":"page","link":"http:\/\/www.mbnp.archidiecezja.wroc.pl\/?page_id=2693","title":{"rendered":"Ks. Kan. Aleksander Oberc &#8211; wspomnienia"},"content":{"rendered":"<h2>WSPOMNIENIA O KSI\u0118DZU KANONIKU ALEKSANDRZE OBERCU<\/h2>\n<p style=\"text-indent: 1cm;\">Zosta\u0142em zaproszony do napisania wspomnie\u0144 o ks. kan. Aleksandrze Obercu. A zatem moich \u201es\u0142\u00f3w kilkoro\u201d. Takimi s\u0142owami Ks. Kanonik rozpoczyna\u0142 kazanie na Pasterce albo na Rezurekcji po obszernych og\u0142oszeniach duszpasterskich i informacjach o tym co si\u0119 dzia\u0142o w parafii, a dzia\u0142o si\u0119 wiele i du\u017co.<\/p>\n<p style=\"text-indent: 1cm;\">Proboszczem w parafii Muchob\u00f3r Wielki zosta\u0142 w 1967 r. By\u0142 to m\u0119\u017cczyzna wysoki, dobrze zbudowany, wygl\u0105dem budzi\u0142 respekt i szacunek. Ale po pierwszych s\u0142owach rozmowy okazywa\u0142o si\u0119, \u017ce by\u0142 to cz\u0142owiek o go\u0142\u0119bim sercu, sympatyczny i z wielkim poczuciem humoru. Ka\u017cdego cz\u0142owieka darzy\u0142 wielkim szacunkiem. By\u0142 bardzo bezpo\u015bredni i szybko nawi\u0105zywa\u0142 kontakty. Gdy Ks. Oberc zosta\u0142 proboszczem, by\u0142em ministrantem z dwuletnim sta\u017cem. Do 1977 roku by\u0142em \u015bwiadkiem Jego oddanej pracy i pos\u0142ugi kap\u0142a\u0144skiej. Ks. Aleksander Oberc stawia\u0142 na pierwszym miejscu kap\u0142a\u0144sk\u0105 s\u0142u\u017cb\u0119. Uroczysto\u015bci ko\u015bcielne takie jak \u2013 \u015awi\u0119ta Bo\u017cego Narodzenia, \u015awi\u0119ta Wielkanocne, Odpusty, Bo\u017ce Cia\u0142o i rekolekcje \u2013 by\u0142y organizowane z udzia\u0142em parafian z wielkim rozmachem i czci\u0105 dla Pana Boga.<\/p>\n<p style=\"text-indent: 1cm;\">Ks. Aleksander du\u017co wiedzia\u0142 o mieszka\u0144cach parafii. Lata siedemdziesi\u0105te by\u0142y to czasy gdy artyku\u0142y \u017cywno\u015bciowe si\u0119 zdobywa\u0142o, a nie kupowa\u0142o. Cz\u0119sto po wieczornej Mszy \u015aw. w tygodniu m\u00f3wi\u0142 kr\u00f3tko do mnie i m\u0142odszego brata: \u201echod\u017acie ze mn\u0105\u201d. Wi\u0119c szli\u015bmy na plebani\u0119, a On wr\u0119cza\u0142 nam wypakowan\u0105 artyku\u0142ami \u017cywno\u015bciowymi sk\u00f3rzan\u0105 teczk\u0119 zapi\u0119t\u0105 paskiem i kaza\u0142 zanie\u015b\u0107 pod wskazany adres. Gdy zosta\u0142 Proboszczem mia\u0142 wiedz\u0119 na temat rozbudowy Muchoboru Ma\u0142ego i Nowego Dworu. Gdy na Nowym Dworze powsta\u0142y pierwsze bloki mieszkalne wzi\u0105\u0142 mnie pod r\u0119k\u0119, jak to mia\u0142 w zwyczaju i spaceruj\u0105c wok\u00f3\u0142 ko\u015bcio\u0142a da\u0142 mi zadanie i zrobi\u0142 to w taki spos\u00f3b, \u017ce nie mog\u0142em odm\u00f3wi\u0107. Mia\u0142em zrobi\u0107 plan Nowego Dworu z nowymi blokami. By\u0142 to grudzie\u0144 i Ks. Proboszczowi zale\u017ca\u0142o, aby plan by\u0142 gotowy do czasu rozpocz\u0119cia kol\u0119dy. Gdy pokaza\u0142em ten plan, Ks. Kanonik popatrzy\u0142 i g\u0142osem stanowczym, nie znosz\u0105cym sprzeciwu powiedzia\u0142: \u201ezr\u00f3b to jeszcze raz, ale porz\u0105dnie\u201d. Wtedy przekona\u0142em si\u0119 i zrozumia\u0142em, \u017ce nie znosi\u0142 bylejako\u015bci. Wiedzia\u0142, \u017ce nast\u0105pi podzia\u0142 parafii. Tote\u017c wcze\u015bniej, bo pod koniec lat siedemdziesi\u0105tych, zleci\u0142 mojej obecnej \u017conie Teresie przepisywanie ksi\u0105g parafialnych z rozdzieleniem na Muchob\u00f3r Ma\u0142y i Nowy Dw\u00f3r. Bardzo szanowa\u0142 czas po\u015bwi\u0119cony na prac\u0119 na rzecz parafii. Opr\u00f3cz s\u0142owa \u201edzi\u0119kuj\u0119\u201d by\u0142o r\u00f3wnie\u017c \u201edzi\u0119kuje materialne\u201d.<\/p>\n<p style=\"text-indent: 1cm;\">By\u0142 przewiduj\u0105cy. Do dzi\u015b s\u0142ysz\u0119 Jego s\u0142owa: \u201eG\u0142upi\u015b, b\u0119dziesz \u017ca\u0142owa\u0142\u201d \u2013 gdy oferowa\u0142 mi Swoj\u0105 pomoc w przyj\u0119ciu na studia \u2013 mia\u0142em tylko pozytywnie zda\u0107 egzamin.<\/p>\n<p style=\"text-indent: 1cm;\">Ksi\u0105dz Aleksander Oberc by\u0142 wspania\u0142ym KAP\u0141ANEM oraz organizatorem. Zrobi\u0142 du\u017co dobrego na rzecz parafii oraz dla ludzi w bardzo trudnych czasach. Mam nadziej\u0119, \u017ce chocia\u017c w ma\u0142ej cz\u0105stce przyczyni\u0119 si\u0119 do zachowania pami\u0119ci o TYM WSPANIA\u0141YM KAP\u0141ANIE.<\/p>\n<div style=\"text-align: right;\">Wiktor Dziadkiewicz<br \/>\nw\u00f3wczas \u201ema\u0142y ministrant\u201d<\/div>\n","protected":false},"excerpt":{"rendered":"<p>WSPOMNIENIA O KSI\u0118DZU KANONIKU ALEKSANDRZE OBERCU Zosta\u0142em zaproszony do napisania wspomnie\u0144 o ks. kan. Aleksandrze Obercu. A zatem moich \u201es\u0142\u00f3w kilkoro\u201d. Takimi s\u0142owami Ks. Kanonik rozpoczyna\u0142 kazanie na Pasterce albo &#8230;<\/p>\n","protected":false},"author":7,"featured_media":0,"parent":2695,"menu_order":3,"comment_status":"closed","ping_status":"closed","template":"","meta":[],"_links":{"self":[{"href":"http:\/\/www.mbnp.archidiecezja.wroc.pl\/index.php?rest_route=\/wp\/v2\/pages\/2693"}],"collection":[{"href":"http:\/\/www.mbnp.archidiecezja.wroc.pl\/index.php?rest_route=\/wp\/v2\/pages"}],"about":[{"href":"http:\/\/www.mbnp.archidiecezja.wroc.pl\/index.php?rest_route=\/wp\/v2\/types\/page"}],"author":[{"embeddable":true,"href":"http:\/\/www.mbnp.archidiecezja.wroc.pl\/index.php?rest_route=\/wp\/v2\/users\/7"}],"replies":[{"embeddable":true,"href":"http:\/\/www.mbnp.archidiecezja.wroc.pl\/index.php?rest_route=%2Fwp%2Fv2%2Fcomments&post=2693"}],"version-history":[{"count":2,"href":"http:\/\/www.mbnp.archidiecezja.wroc.pl\/index.php?rest_route=\/wp\/v2\/pages\/2693\/revisions"}],"predecessor-version":[{"id":2738,"href":"http:\/\/www.mbnp.archidiecezja.wroc.pl\/index.php?rest_route=\/wp\/v2\/pages\/2693\/revisions\/2738"}],"up":[{"embeddable":true,"href":"http:\/\/www.mbnp.archidiecezja.wroc.pl\/index.php?rest_route=\/wp\/v2\/pages\/2695"}],"wp:attachment":[{"href":"http:\/\/www.mbnp.archidiecezja.wroc.pl\/index.php?rest_route=%2Fwp%2Fv2%2Fmedia&parent=2693"}],"curies":[{"name":"wp","href":"https:\/\/api.w.org\/{rel}","templated":true}]}}