{"id":258,"date":"2015-11-24T19:16:36","date_gmt":"2015-11-24T18:16:36","guid":{"rendered":"http:\/\/serwer1527024.home.pl\/pub\/wordpress\/?page_id=258"},"modified":"2026-04-18T20:38:47","modified_gmt":"2026-04-18T18:38:47","slug":"ogloszenia-duszpasterskie","status":"publish","type":"page","link":"http:\/\/www.mbnp.archidiecezja.wroc.pl\/?page_id=258","title":{"rendered":"Og\u0142oszenia Duszpasterskie"},"content":{"rendered":"<p style=\"text-align: center;\"><strong>O G \u0141 O S Z E N I A\u00a0 D U S Z P A S T E R S K I E<\/strong><\/p>\n<p style=\"text-align: center;\"><b>III <\/b><b>NIEDZIELA WIELKANOCNA<\/b><\/p>\n<p style=\"text-align: center;\"><b>NIEDZIELA BIBLIJNA<\/b><\/p>\n<p style=\"text-align: center;\"><strong>19 kwietnia 2026 r.<\/strong><\/p>\n<p>1. W dzisiejsz\u0105 niedziel\u0119 rozpoczynamy Tydzie\u0144 Biblijny pod has\u0142em \u201eOdwa\u017cnie g\u0142osi\u0107 Ewangeli\u0119 Boga\u201d.<\/p>\n<p>Wierni, kt\u00f3rzy bez przerwy minimum p\u00f3\u0142 godziny w ci\u0105gu dnia oddadz\u0105 si\u0119 lekturze Pisma \u015awi\u0119tego, mog\u0105 uzyska\u0107 odpust zupe\u0142ny pod zwyk\u0142ymi warunkami.<span class=\"Apple-converted-space\">\u00a0<\/span><\/p>\n<p>O godz. 17.30 nabo\u017ce\u0144stwo do \u015bw. Charbela.<\/p>\n<p>2. We wtorek m\u00f3dlmy si\u0119 o dar nieba dla Papie\u017ca Franciszka w pierwsz\u0105 rocznic\u0119 \u015bmierci.<\/p>\n<p>3. W \u015brod\u0119, o godz. od 15.00 do godz. 18.00 wystawienie i adoracja Naj\u015bwi\u0119tszego Sakramentu. O godz. 15.00 Koronka do Bo\u017cego Mi\u0142osierdzia, nast\u0119pnie adoracja w ciszy, o godz. 17.30 godzinki i nowenna do NMP Nieustaj\u0105cej Pomocy.<\/p>\n<p>4. W czwartek, w liturgii obchodzimy uroczysto\u015b\u0107 \u015bw. Wojciecha, g\u0142\u00f3wnego patrona Polski.<\/p>\n<p>5. W sobot\u0119 obchodzimy \u015bwi\u0119to \u015bw. Marka, ewangelisty.<\/p>\n<p>6. W sobot\u0119 zapraszamy na procesj\u0119 za Polsk\u0119 ulicami Wroc\u0142awia z relikwiami \u015bw. Andrzeja Boboli, o godz. 11.15 w Ko\u015bciele Uniwersyteckim. Szczeg\u00f3\u0142y na plakacie.<\/p>\n<p>7. W przysz\u0142\u0105 niedziel\u0119, o godz. 12.30 Msza \u015bw. w intencji Akcji Katolickiej z okazji patronalnego \u015bwi\u0119ta Wsp\u00f3lnoty.<\/p>\n<p>8. Zapraszamy na pielgrzymk\u0119 do Cz\u0119stochowy w dniu 6 czerwca z okazji 200 &#8211; lecia powo\u0142ania Wsp\u00f3lnoty \u017bywego R\u00f3\u017ca\u0144ca. Zapisy w zakrystii.<\/p>\n<p>9. Dzi\u0119kujemy za z\u0142o\u017cone ofiary na kwiaty do Ko\u015bcio\u0142a i na gr\u00f3b Ksi\u0119dza Pra\u0142ata Franciszka. Szczeg\u00f3lne s\u0142owa podzi\u0119kowania kierujemy tak\u017ce do naszych Parafian, kt\u00f3rzy opiekuj\u0105 si\u0119 ogr\u00f3dkiem kwiatowym przed domem parafialnym i Krzy\u017cem Misyjnym.<\/p>\n<p>10. Dzi\u0119kujemy naszym Parafianom za obecno\u015b\u0107, wszelkie wyrazy zrozumienia, \u017cyczliwo\u015bci i przekazane ofiary na potrzeby Ko\u015bcio\u0142a. \u017byczymy b\u0142ogos\u0142awionego, bezpiecznego i zdrowego tygodnia.<\/p>\n<p>11. Zach\u0119camy do czytania czasopism katolickich, a tak\u017ce cytat\u00f3w z Pisma \u015awi\u0119tego.<\/p>\n","protected":false},"excerpt":{"rendered":"<p>O G \u0141 O S Z E N I A\u00a0 D U S Z P A S T E R S K I E III NIEDZIELA WIELKANOCNA NIEDZIELA BIBLIJNA 19 &#8230;<\/p>\n","protected":false},"author":7,"featured_media":0,"parent":256,"menu_order":0,"comment_status":"closed","ping_status":"closed","template":"","meta":[],"_links":{"self":[{"href":"http:\/\/www.mbnp.archidiecezja.wroc.pl\/index.php?rest_route=\/wp\/v2\/pages\/258"}],"collection":[{"href":"http:\/\/www.mbnp.archidiecezja.wroc.pl\/index.php?rest_route=\/wp\/v2\/pages"}],"about":[{"href":"http:\/\/www.mbnp.archidiecezja.wroc.pl\/index.php?rest_route=\/wp\/v2\/types\/page"}],"author":[{"embeddable":true,"href":"http:\/\/www.mbnp.archidiecezja.wroc.pl\/index.php?rest_route=\/wp\/v2\/users\/7"}],"replies":[{"embeddable":true,"href":"http:\/\/www.mbnp.archidiecezja.wroc.pl\/index.php?rest_route=%2Fwp%2Fv2%2Fcomments&post=258"}],"version-history":[{"count":867,"href":"http:\/\/www.mbnp.archidiecezja.wroc.pl\/index.php?rest_route=\/wp\/v2\/pages\/258\/revisions"}],"predecessor-version":[{"id":8294,"href":"http:\/\/www.mbnp.archidiecezja.wroc.pl\/index.php?rest_route=\/wp\/v2\/pages\/258\/revisions\/8294"}],"up":[{"embeddable":true,"href":"http:\/\/www.mbnp.archidiecezja.wroc.pl\/index.php?rest_route=\/wp\/v2\/pages\/256"}],"wp:attachment":[{"href":"http:\/\/www.mbnp.archidiecezja.wroc.pl\/index.php?rest_route=%2Fwp%2Fv2%2Fmedia&parent=258"}],"curies":[{"name":"wp","href":"https:\/\/api.w.org\/{rel}","templated":true}]}}