{"id":240,"date":"2015-11-24T12:52:59","date_gmt":"2015-11-24T11:52:59","guid":{"rendered":"http:\/\/serwer1527024.home.pl\/pub\/wordpress\/?page_id=240"},"modified":"2026-04-18T22:12:46","modified_gmt":"2026-04-18T20:12:46","slug":"intencje-mszalne-2","status":"publish","type":"page","link":"http:\/\/www.mbnp.archidiecezja.wroc.pl\/?page_id=240","title":{"rendered":"Intencje Mszalne"},"content":{"rendered":"\n\n\n\n\n<table width=\"728\">\n<tbody>\n<tr>\n<td colspan=\"2\" width=\"728\">\n<p><strong><em>III TYDZIE\u0143 WIELKANOCY<\/em><\/strong><\/p>\n<\/td>\n<\/tr>\n<tr>\n<td width=\"174\">\n<p><strong><em><u>III Niedziela Wielkanocna<br \/>19 IV<\/u><\/em><\/strong><\/p>\n<p><strong><em><u><br \/><br \/><\/u><\/em><\/strong><\/p>\n<p><strong><em><u><br \/><br \/><\/u><\/em><\/strong><\/p>\n<\/td>\n<td width=\"553\">\n<p><strong><em>7:30 O Bo\u017ce b\u0142 i opiek\u0119 MBNP dla Kazimiery<br \/>9:30 1. Dz\/b\u0142. W int Wac\u0142awa z okazji 80 r. ur, z pro\u015bb\u0105 o Bo\u017ce b\u0142, opiek\u0119 MBNP i zdrowie, potrzebne \u0142aski<br \/>2. + Genowefa 2 r. \u015bm, Ma\u0142gorzata, Ewa, Micha\u0142, Marek, + z Rodziny: Besz, Grab, Kordas<br \/>11;00 1. + Jadwiga i J\u00f3zef Sie\u0144kowscy w 7 r. \u015bm.<br \/>2. + Maria Bajor 1 r. \u015bm, El\u017cbieta Czudziak<br \/>12:30 1. O Bo\u017ce b\u0142, opiek\u0119 MBNP i zdrowie, potrzebne \u0142aski dla Wiktora <br \/>i Jadwigi G\u0142ownia z okazji 50 r. \u015blubu<br \/>2. Dz\/b\u0142. W int. Renaty i Marcina z okazji 21 r. \u015blubu, dzi\u0119kuj\u0105c za wszelkie zes\u0142ane \u0142aski na Nich oraz na Ich Rodzin\u0119: C\u00f3rk\u0119 Ann\u0119 i Syna Mateusza<br \/>18:00 + Aleksander Pelc gr. 19<\/em><\/strong><\/p>\n<\/td>\n<\/tr>\n<tr>\n<td width=\"174\">\n<p><strong><em><u>Poniedzia\u0142ek<br \/>20 IV<\/u><\/em><\/strong><\/p>\n<\/td>\n<td width=\"553\">\n<p><strong><em>7:00 z pro\u015bb\u0105 o Bo\u017ce b\u0142, opiek\u0119 MBNP i zdrowie, potrzebne \u0142aski, oraz <br \/>z pro\u015bb\u0105 o opiek\u0119 MBNP z okazji imienin: Julianny, Filipa, Agnieszki, Bartosza, Wojciecha, Katarzyny, z okazji urodzin: Agaty, Filipa, Jana,, rocznicy \u015blubu Gabrieli i Adam, oraz o pomy\u015blno\u015b\u0107 na egzaminach maturalnych Antoniego i Stanis\u0142awa (m)<br \/>18:00 + Aleksander Pelc gr. 20<\/em><\/strong><\/p>\n<\/td>\n<\/tr>\n<tr>\n<td width=\"174\">\n<p><strong><em><u>Wtorek<br \/>21 IV<\/u><\/em><\/strong><\/p>\n<\/td>\n<td width=\"553\">\n<p><strong><em>7:00 + El\u017cbieta Jerzak od I R\u00f3\u017cy \u015bw. Franciszka<br \/>18:00 \u00a0+ Aleksander Pelc gr. 21<\/em><\/strong><\/p>\n<\/td>\n<\/tr>\n<tr>\n<td width=\"174\">\n<p><strong><em><u>\u015aroda <br \/>22 IV<\/u><\/em><\/strong><\/p>\n<\/td>\n<td width=\"553\">\n<p><strong><em>7:00 + Aleksander Pelc gr. 22<br \/>18;00 1. + Genowefa Kasprzycka od uczestnik\u00f3w pogrzebu<br \/>2. + Maria Kawka od Rodziny B\u0142azenk\u00f3w<br \/>3. + Stanis\u0142aw W\u0142odarski 22 r. \u015bm, + z Rodziny<br \/>4. + El\u017cbieta Guziejewska 5 r. \u015bm, + Rodzice: Zofiai Edward, oraz + Henryka (k) Tomaszewska 13 r. \u015bm.<\/em><\/strong><\/p>\n<\/td>\n<\/tr>\n<tr>\n<td width=\"174\">\n<p><strong><em><u>Czwartek <br \/>23 IV<\/u><\/em><\/strong><\/p>\n<\/td>\n<td width=\"553\">\n<p><strong><em>7:00 + Aleksander Pelc gr. 23<br \/>18:00 + Aleksander Kempin 9 r. \u015bm, Teresa Kempin<\/em><\/strong><\/p>\n<\/td>\n<\/tr>\n<tr>\n<td width=\"174\">\n<p><strong><em><u>Pi\u0105tek<br \/>24 IV<\/u><\/em><\/strong><\/p>\n<\/td>\n<td width=\"553\">\n<p><strong><em>7:00 + Aleksander Pelc gr. 24<br \/>18:00 \u00a0O dar nieba dla + El\u017cbiety<\/em><\/strong><\/p>\n<\/td>\n<\/tr>\n<tr>\n<td width=\"174\">\n<p><strong><em><u>Sobota<br \/>25 IV<\/u><\/em><\/strong><\/p>\n<\/td>\n<td width=\"553\">\n<p><strong><em>7:00 + Teresa Stachowska od uczestnik\u00f3w pogrzebu<br \/>14:00 \u015alub<\/em><\/strong><\/p>\n<p><strong><em>18:00 + Aleksander Pelc gr. 25<\/em><\/strong><\/p>\n<\/td>\n<\/tr>\n<tr>\n<td width=\"174\">\n<p><strong><em><u>\u00a0<\/u><\/em><\/strong><\/p>\n<p><strong><em><u>IV Niedziela Wielkanocna<br \/>26 IV<\/u><\/em><\/strong><\/p>\n<p><strong><em><u><br \/><br \/><br \/><\/u><\/em><\/strong><\/p>\n<\/td>\n<td width=\"553\">\n<p><strong><em>7:30 + Jerzy Nych od uczestnik\u00f3w pogrzebu<br \/>9:30 1. Dz\/b\u0142. W int. Leokadii, Bogdana i Mariusza z pro\u015bb\u0105 o Bo\u017ce b\u0142, opiek\u0119 MBNP i zdrowie, potrzebne \u0142aski<br \/>2. + Czes\u0142awa\u00a0 (k) Podruczna m-c po \u015bm.<br \/>11;00 1. + Jan, Kazimierz, Jan, Walenty<br \/>2. + Czes\u0142awa (k) 27 r. \u015bm, Eugeniusz 27 r. \u015bm, + z Rodziny i Bliskich<br \/>12:30 1. O Bo\u017ce b\u0142, potrzebne \u0142aski i opiek\u0119 \u015bw. Patrona Jana Paw\u0142a II<br \/>dla Wsp\u00f3lnoty AKCJI KATOLICKIEJ<br \/>2. + W\u0142adys\u0142awa (k) K\u0119dzierska<br \/>3. + Eugeniusz Dudek<br \/>18:00 + Aleksander Pelc gr. 26<\/em><\/strong><\/p>\n<\/td>\n<\/tr>\n<\/tbody>\n<\/table>\n<p><strong><em>\u00a0\u00a0<\/em><\/strong><\/p>\n<p><strong><em>\u00a0<\/em><\/strong><\/p>\n<p><strong><em>\u00a0<\/em><\/strong><\/p>\n","protected":false},"excerpt":{"rendered":"<p>III TYDZIE\u0143 WIELKANOCY III Niedziela Wielkanocna19 IV 7:30 O Bo\u017ce b\u0142 i opiek\u0119 MBNP dla Kazimiery9:30 1. Dz\/b\u0142. W int Wac\u0142awa z okazji 80 r. ur, z pro\u015bb\u0105 o Bo\u017ce &#8230;<\/p>\n","protected":false},"author":123460,"featured_media":0,"parent":256,"menu_order":0,"comment_status":"closed","ping_status":"closed","template":"","meta":[],"_links":{"self":[{"href":"http:\/\/www.mbnp.archidiecezja.wroc.pl\/index.php?rest_route=\/wp\/v2\/pages\/240"}],"collection":[{"href":"http:\/\/www.mbnp.archidiecezja.wroc.pl\/index.php?rest_route=\/wp\/v2\/pages"}],"about":[{"href":"http:\/\/www.mbnp.archidiecezja.wroc.pl\/index.php?rest_route=\/wp\/v2\/types\/page"}],"author":[{"embeddable":true,"href":"http:\/\/www.mbnp.archidiecezja.wroc.pl\/index.php?rest_route=\/wp\/v2\/users\/123460"}],"replies":[{"embeddable":true,"href":"http:\/\/www.mbnp.archidiecezja.wroc.pl\/index.php?rest_route=%2Fwp%2Fv2%2Fcomments&post=240"}],"version-history":[{"count":1065,"href":"http:\/\/www.mbnp.archidiecezja.wroc.pl\/index.php?rest_route=\/wp\/v2\/pages\/240\/revisions"}],"predecessor-version":[{"id":8295,"href":"http:\/\/www.mbnp.archidiecezja.wroc.pl\/index.php?rest_route=\/wp\/v2\/pages\/240\/revisions\/8295"}],"up":[{"embeddable":true,"href":"http:\/\/www.mbnp.archidiecezja.wroc.pl\/index.php?rest_route=\/wp\/v2\/pages\/256"}],"wp:attachment":[{"href":"http:\/\/www.mbnp.archidiecezja.wroc.pl\/index.php?rest_route=%2Fwp%2Fv2%2Fmedia&parent=240"}],"curies":[{"name":"wp","href":"https:\/\/api.w.org\/{rel}","templated":true}]}}