{"id":182,"date":"2015-11-21T17:33:04","date_gmt":"2015-11-21T16:33:04","guid":{"rendered":"http:\/\/serwer1527024.home.pl\/pub\/wordpress\/?page_id=182"},"modified":"2024-01-02T19:40:52","modified_gmt":"2024-01-02T18:40:52","slug":"kontakt","status":"publish","type":"page","link":"http:\/\/www.mbnp.archidiecezja.wroc.pl\/?page_id=182","title":{"rendered":"Kontakt"},"content":{"rendered":"<p>Parafia pw. Naj\u015bwi\u0119tszej Maryi Panny Nieustaj\u0105cej Pomocy we Wroc\u0142awiu<\/p>\n<p>ul. Szkocka 35<br \/>\n54-402 Wroc\u0142aw (Muchob\u00f3r Ma\u0142y)<br \/>\nWojew\u00f3dztwo Dolno\u015bl\u0105skie<\/p>\n<p>E-mail: <a href=\"mailto:muchobormaly@archidiecezja.wroc.pl\">muchobormaly@archidiecezja.wroc.pl<\/a><br \/>\nTelefon: 71-373-72-45<\/p>\n<p>Nr konta bankowego:<\/p>\n<p>69 1090 2398 0000 0001 2256 0556<\/p>\n<p><iframe loading=\"lazy\" style=\"border: 0;\" src=\"https:\/\/www.google.com\/maps\/embed?pb=!1m18!1m12!1m3!1d2504.9503195001275!2d16.959539715755366!3d51.10937677957164!2m3!1f0!2f0!3f0!3m2!1i1024!2i768!4f13.1!3m3!1m2!1s0x470fc1c28c98c3ad%3A0x3a146785a16951a8!2sParafia+rzymskokatolicka+Matki+Bo%C5%BCej+Nieustaj%C4%85cej+Pomocy!5e0!3m2!1spl!2spl!4v1448126894533\" width=\"600\" height=\"250\" frameborder=\"0\" allowfullscreen=\"allowfullscreen\"><\/iframe><\/p>\n","protected":false},"excerpt":{"rendered":"<p>Parafia pw. Naj\u015bwi\u0119tszej Maryi Panny Nieustaj\u0105cej Pomocy we Wroc\u0142awiu ul. Szkocka 35 54-402 Wroc\u0142aw (Muchob\u00f3r Ma\u0142y) Wojew\u00f3dztwo Dolno\u015bl\u0105skie E-mail: muchobormaly@archidiecezja.wroc.pl Telefon: 71-373-72-45 Nr konta bankowego: 69 1090 2398 0000 0001 &#8230;<\/p>\n","protected":false},"author":7,"featured_media":0,"parent":0,"menu_order":3,"comment_status":"closed","ping_status":"closed","template":"","meta":[],"_links":{"self":[{"href":"http:\/\/www.mbnp.archidiecezja.wroc.pl\/index.php?rest_route=\/wp\/v2\/pages\/182"}],"collection":[{"href":"http:\/\/www.mbnp.archidiecezja.wroc.pl\/index.php?rest_route=\/wp\/v2\/pages"}],"about":[{"href":"http:\/\/www.mbnp.archidiecezja.wroc.pl\/index.php?rest_route=\/wp\/v2\/types\/page"}],"author":[{"embeddable":true,"href":"http:\/\/www.mbnp.archidiecezja.wroc.pl\/index.php?rest_route=\/wp\/v2\/users\/7"}],"replies":[{"embeddable":true,"href":"http:\/\/www.mbnp.archidiecezja.wroc.pl\/index.php?rest_route=%2Fwp%2Fv2%2Fcomments&post=182"}],"version-history":[{"count":5,"href":"http:\/\/www.mbnp.archidiecezja.wroc.pl\/index.php?rest_route=\/wp\/v2\/pages\/182\/revisions"}],"predecessor-version":[{"id":4422,"href":"http:\/\/www.mbnp.archidiecezja.wroc.pl\/index.php?rest_route=\/wp\/v2\/pages\/182\/revisions\/4422"}],"wp:attachment":[{"href":"http:\/\/www.mbnp.archidiecezja.wroc.pl\/index.php?rest_route=%2Fwp%2Fv2%2Fmedia&parent=182"}],"curies":[{"name":"wp","href":"https:\/\/api.w.org\/{rel}","templated":true}]}}