{"id":18,"date":"2015-11-21T13:22:05","date_gmt":"2015-11-21T12:22:05","guid":{"rendered":"http:\/\/serwer1527024.home.pl\/pub\/wordpress\/?page_id=18"},"modified":"2025-11-30T18:45:53","modified_gmt":"2025-11-30T17:45:53","slug":"strona-glowna","status":"publish","type":"page","link":"http:\/\/www.mbnp.archidiecezja.wroc.pl\/","title":{"rendered":"Strona G\u0142\u00f3wna"},"content":{"rendered":"<article> <div class = 'blog-item-wrap'><div class=\"image-placeholder\"><img src=\"http:\/\/www.mbnp.archidiecezja.wroc.pl\/wp-content\/uploads\/2026\/05\/POPE-LEO-XIV-Audience-May-28-2025-AM_4664.jpg\" \/><\/div><div class=\"post-inner-content\"><h2 class='entry-title'><a href='http:\/\/www.mbnp.archidiecezja.wroc.pl\/?p=7622'>Pierwsza Rocznica Wyboru Papie\u017ca Leona XIV na Stolic\u0119 Piotrow\u0105<\/a><\/h2><div class='entry-meta'><i class=\"fa fa-calendar\"><\/i>Opublikowano : 2 maja, 2026<\/div>8 maja 2025r., po smieci Papie\u017ca Franciszka na Stolic\u0119 Piotrow\u0105 zosta\u0142 wybrany kard. Robert Francis Prevost staj\u0105c si\u0119 267 papie\u017cem Kosciola Katolickiego. Rok jego pontyfikatu pokaza\u0142, \u017ce jest to cz\u0142owiek ...<p><a class=\"btn btn-default read-more\" href=http:\/\/www.mbnp.archidiecezja.wroc.pl\/?p=7622>Czytaj wi\u0119cej\u00bb<\/a> <br\/><\/p><\/div><div class='clear'><\/div><\/div><\/article><article> <div class = 'blog-item-wrap'><img decoding=\"async\" loading=\"lazy\" width=\"840\" height=\"440\" src=\"http:\/\/www.mbnp.archidiecezja.wroc.pl\/wp-content\/uploads\/2021\/04\/litania-loretanska.jpg\" alt=\"\" class=\"wp-image-5289\" srcset=\"http:\/\/www.mbnp.archidiecezja.wroc.pl\/wp-content\/uploads\/2021\/04\/litania-loretanska.jpg 840w, http:\/\/www.mbnp.archidiecezja.wroc.pl\/wp-content\/uploads\/2021\/04\/litania-loretanska-300x157.jpg 300w, http:\/\/www.mbnp.archidiecezja.wroc.pl\/wp-content\/uploads\/2021\/04\/litania-loretanska-768x402.jpg 768w\" sizes=\"(max-width: 840px) 100vw, 840px\" \/><div class=\"post-inner-content\"><h2 class='entry-title'><a href='http:\/\/www.mbnp.archidiecezja.wroc.pl\/?p=7627'>Nabo\u017ce\u0144stwa Majowe<\/a><\/h2><div class='entry-meta'><i class=\"fa fa-calendar\"><\/i>Opublikowano : 1 maja, 2026<\/div>W maju zapraszamy na nabo\u017ce\u0144stwa ku czci Matki Bo\u017cej codziennie o godz. 17:30. W czasie nabo\u017ce\u0144stw s\u0142ucha\u0107 b\u0119dziemy rozwa\u017ca\u0144 o Matce Bo\u017cej i modli\u0107 si\u0119 \u015bpiewan\u0105 Litani\u0105 Loreta\u0144sk\u0105.<p><a class=\"btn btn-default read-more\" href=http:\/\/www.mbnp.archidiecezja.wroc.pl\/?p=7627>Czytaj wi\u0119cej\u00bb<\/a> <br\/><\/p><\/div><div class='clear'><\/div><\/div><\/article><article> <div class = 'blog-item-wrap'><img decoding=\"async\" loading=\"lazy\" width=\"275\" height=\"183\" src=\"http:\/\/www.mbnp.archidiecezja.wroc.pl\/wp-content\/uploads\/2023\/01\/pobrane.jpeg.jpg\" alt=\"\" class=\"wp-image-6361\"\/><div class=\"post-inner-content\"><h2 class='entry-title'><a href='http:\/\/www.mbnp.archidiecezja.wroc.pl\/?p=8161'>Intencje Papieskie na rok 2026<\/a><\/h2><div class='entry-meta'><i class=\"fa fa-calendar\"><\/i>Opublikowano : 10 stycznia, 2026<\/div>Intencje Papieskie 2026 Ojciec \u015awi\u0119ty wyznaczy\u0142 nast\u0119puj\u0105ce intencje na poszczeg\u00f3lne miesi\u0105ce 2026 roku: Stycze\u0144 2026 O modlitw\u0119 S\u0142owem Bo\u017cymM\u00f3dlmy si\u0119, aby modlitwa S\u0142owem Bo\u017cym by\u0142a pokarmem dla naszego \u017cycia i ...<p><a class=\"btn btn-default read-more\" href=http:\/\/www.mbnp.archidiecezja.wroc.pl\/?p=8161>Czytaj wi\u0119cej\u00bb<\/a> <br\/><\/p><\/div><div class='clear'><\/div><\/div><\/article><article> <div class = 'blog-item-wrap'><div class=\"image-placeholder\"><img src=\"http:\/\/www.mbnp.archidiecezja.wroc.pl\/wp-content\/uploads\/2025\/11\/Vatican-News.png\" \/><\/div><div class=\"post-inner-content\"><h2 class='entry-title'><a href='http:\/\/www.mbnp.archidiecezja.wroc.pl\/?p=7951'>Wiadomo\u015bci Watyka\u0144skiej<\/a><\/h2><div class='entry-meta'><i class=\"fa fa-calendar\"><\/i>Opublikowano : 23 listopada, 2025<\/div>Nasza strona internetowa zyska\u0142a now\u0105 funkcjonalno\u015b\u0107. Wchodz\u0105c na stopk\u0119, czyli schodz\u0105c na d\u00f3\u0142 strony znajdziemy linki przekierowuj\u0105ce nas na stron\u0119 Vatican News, kt\u00f3ra jest bezpo\u015brednim \u017ar\u00f3d\u0142em informacji podawanych przez Stolic\u0119 ...<p><a class=\"btn btn-default read-more\" href=http:\/\/www.mbnp.archidiecezja.wroc.pl\/?p=7951>Czytaj wi\u0119cej\u00bb<\/a> <br\/><\/p><\/div><div class='clear'><\/div><\/div><\/article><article> <div class = 'blog-item-wrap'><div class=\"image-placeholder\"><img src=\"http:\/\/www.mbnp.archidiecezja.wroc.pl\/wp-content\/uploads\/2023\/09\/synod_diecezjalny.jpg\" \/><\/div><div class=\"post-inner-content\"><h2 class='entry-title'><a href='http:\/\/www.mbnp.archidiecezja.wroc.pl\/?p=6737'>Synod Archidiecezji Wroc\u0142awskiej<\/a><\/h2><div class='entry-meta'><i class=\"fa fa-calendar\"><\/i>Opublikowano : 23 listopada, 2025<\/div>W maju 2024 rozpocz\u0105\u0142 si\u0119 Synod Archidiecezji Wroc\u0142awskiej. Wszystkie bie\u017c\u0105ce informacje, materia\u0142y i relacje s\u0105 zamieszczane pod poni\u017cszym adresem:https:\/\/synodwroclaw.pl<p><a class=\"btn btn-default read-more\" href=http:\/\/www.mbnp.archidiecezja.wroc.pl\/?p=6737>Czytaj wi\u0119cej\u00bb<\/a> <br\/><\/p><\/div><div class='clear'><\/div><\/div><\/article><article> <div class = 'blog-item-wrap'><div class=\"image-placeholder\"><img src=\"http:\/\/www.mbnp.archidiecezja.wroc.pl\/wp-content\/uploads\/2019\/11\/Obraz-Baranieccy.jpg\" \/><\/div><div class=\"post-inner-content\"><h2 class='entry-title'><a href='http:\/\/www.mbnp.archidiecezja.wroc.pl\/?p=4129'>Peregrynacja Obrazu Matki Bo\u017cej Nieustaj\u0105cej Pomocy<\/a><\/h2><div class='entry-meta'><i class=\"fa fa-calendar\"><\/i>Opublikowano : 23 listopada, 2025<\/div>26 maja 2019r. rozpocz\u0119\u0142a si\u0119 peregrynacja Obrazu Naszej Patronki, Naj\u015bwi\u0119tszej Maryi Panny Nieustaj\u0105cej Pomocy, po domach naszych Parafian. Przypadaj\u0105cy wtedy Dzie\u0144 Matki nie by\u0142 przypadkowym zbiegiem okoliczno\u015bci, ale \u015bwiadomym wyborem ...<p><a class=\"btn btn-default read-more\" href=http:\/\/www.mbnp.archidiecezja.wroc.pl\/?p=4129>Czytaj wi\u0119cej\u00bb<\/a> <br\/><\/p><\/div><div class='clear'><\/div><\/div><\/article>\n","protected":false},"excerpt":{"rendered":"","protected":false},"author":7,"featured_media":0,"parent":0,"menu_order":8,"comment_status":"closed","ping_status":"closed","template":"","meta":[],"_links":{"self":[{"href":"http:\/\/www.mbnp.archidiecezja.wroc.pl\/index.php?rest_route=\/wp\/v2\/pages\/18"}],"collection":[{"href":"http:\/\/www.mbnp.archidiecezja.wroc.pl\/index.php?rest_route=\/wp\/v2\/pages"}],"about":[{"href":"http:\/\/www.mbnp.archidiecezja.wroc.pl\/index.php?rest_route=\/wp\/v2\/types\/page"}],"author":[{"embeddable":true,"href":"http:\/\/www.mbnp.archidiecezja.wroc.pl\/index.php?rest_route=\/wp\/v2\/users\/7"}],"replies":[{"embeddable":true,"href":"http:\/\/www.mbnp.archidiecezja.wroc.pl\/index.php?rest_route=%2Fwp%2Fv2%2Fcomments&post=18"}],"version-history":[{"count":31,"href":"http:\/\/www.mbnp.archidiecezja.wroc.pl\/index.php?rest_route=\/wp\/v2\/pages\/18\/revisions"}],"predecessor-version":[{"id":8088,"href":"http:\/\/www.mbnp.archidiecezja.wroc.pl\/index.php?rest_route=\/wp\/v2\/pages\/18\/revisions\/8088"}],"wp:attachment":[{"href":"http:\/\/www.mbnp.archidiecezja.wroc.pl\/index.php?rest_route=%2Fwp%2Fv2%2Fmedia&parent=18"}],"curies":[{"name":"wp","href":"https:\/\/api.w.org\/{rel}","templated":true}]}}