{"id":162,"date":"2015-11-21T17:28:29","date_gmt":"2015-11-21T16:28:29","guid":{"rendered":"http:\/\/serwer1527024.home.pl\/pub\/wordpress\/?page_id=162"},"modified":"2016-08-08T17:20:07","modified_gmt":"2016-08-08T15:20:07","slug":"kaplanstwo","status":"publish","type":"page","link":"http:\/\/www.mbnp.archidiecezja.wroc.pl\/?page_id=162","title":{"rendered":"Kap\u0142a\u0144stwo"},"content":{"rendered":"<h3>I.\u00a0\u00a0 \u00a0O Kap\u0142a\u0144stwie<\/h3>\n<p style=\"text-align: right;\"><a href=\"http:\/\/www.mbnp.archidiecezja.wroc.pl\/wp-content\/uploads\/2015\/11\/\u015awi\u0119cenia.jpg\" rel=\"lightbox[162]\"><img decoding=\"async\" loading=\"lazy\" class=\"alignleft wp-image-1870 size-medium\" src=\"http:\/\/www.mbnp.archidiecezja.wroc.pl\/wp-content\/uploads\/2015\/11\/\u015awi\u0119cenia-199x300.jpg\" alt=\"\u015awi\u0119cenia\" width=\"199\" height=\"300\" srcset=\"http:\/\/www.mbnp.archidiecezja.wroc.pl\/wp-content\/uploads\/2015\/11\/\u015awi\u0119cenia-199x300.jpg 199w, http:\/\/www.mbnp.archidiecezja.wroc.pl\/wp-content\/uploads\/2015\/11\/\u015awi\u0119cenia-680x1024.jpg 680w, http:\/\/www.mbnp.archidiecezja.wroc.pl\/wp-content\/uploads\/2015\/11\/\u015awi\u0119cenia.jpg 854w\" sizes=\"(max-width: 199px) 100vw, 199px\" \/><\/a><em>\u201eWy jeste\u015bcie przyjaci\u00f3\u0142mi moimi, je\u017celi czynicie to, co wam przykazuj\u0119. Ju\u017c was nie nazywam s\u0142ugami, bo s\u0142uga nie wie, co czyni pan jego, ale nazwa\u0142em was przyjaci\u00f3\u0142mi, albowiem oznajmi\u0142em wam wszystko, co us\u0142ysza\u0142em od Ojca mego. Nie wy\u015bcie Mnie wybrali, ale Ja was wybra\u0142em i przeznaczy\u0142em was na to, aby\u015bcie szli i owoc przynosili, i by owoc wasz trwa\u0142 &#8211; aby wszystko da\u0142 wam Ojciec, o cokolwiek Go poprosicie w imi\u0119 moje. To wam przykazuj\u0119, aby\u015bcie si\u0119 wzajemnie mi\u0142owali\u201d.<\/em><br \/>\n(J 15,14-17)<\/p>\n<p style=\"text-indent: 1cm;\">Wiernych w Ko\u015bciele nazywamy Ludem kap\u0142a\u0144skim, poniewa\u017c przez chrzest wszyscy uczestnicz\u0105 w kap\u0142a\u0144stwie Chrystusa. To uczestniczenie w kap\u0142a\u0144stwie Chrystusa nazywa si\u0119 \u201ewsp\u00f3lnym kap\u0142a\u0144stwem wiernych\u201d lub \u201ekap\u0142a\u0144stwem powszechnym\u201d. Opr\u00f3cz kap\u0142a\u0144stwa powszechnego wiernych istnieje jeszcze urz\u0119dowe zwane te\u017c kap\u0142a\u0144stwem s\u0142u\u017cebnym. Kap\u0142a\u0144stwo s\u0142u\u017cebne przekazywane jest przez sakrament \u015bwi\u0119ce\u0144, a zadaniem jego jest pe\u0142nienie s\u0142u\u017cby we wsp\u00f3lnocie, w imieniu i w osobie Chrystusa.<\/p>\n<p style=\"text-indent: 1cm;\">Mi\u0119dzy kap\u0142a\u0144stwem urz\u0119dowym, a kap\u0142a\u0144stwem wiernych r\u00f3\u017cnica jest istotna, poniewa\u017c kap\u0142a\u0144stwo urz\u0119dowe udziela \u015bwi\u0119tej w\u0142adzy, moc\u0105 kt\u00f3rej kap\u0142ani s\u0142u\u017c\u0105 Ludowi Bo\u017cemu przez nauczanie, sprawowanie kultu Bo\u017cego i duszpasterstwo. Kap\u0142a\u0144stwo powszechne natomiast uzdalnia i zobowi\u0105zuje wiernych do udzia\u0142u w kulcie Bo\u017cym.<\/p>\n<p>Od pocz\u0105tku pos\u0142uga \u015bwi\u0119ce\u0144 by\u0142a udzielana i wykonywana wed\u0142ug trzech stopni:<\/p>\n<ul>\n<li>episkopatu,<\/li>\n<li>prezbiteratu,<\/li>\n<li>diakonatu.<\/li>\n<\/ul>\n<p>W strukturze Ko\u015bcio\u0142a stopnie te s\u0105 niezast\u0105pione i bez nich nie ma mowy o Ko\u015bciele.<\/p>\n<p style=\"text-indent: 1cm;\">Sakramentu \u015bwi\u0119ce\u0144 udziela si\u0119 przez w\u0142o\u017cenie r\u0105k i uroczyst\u0105 modlitw\u0119 konsekracyjn\u0105. \u015awi\u0119cenia wyciskaj\u0105 na duszy niezatarty charakter sakramentalny, wskutek czego przyjmuje si\u0119 je tylko jeden raz.<\/p>\n<h3>II.\u00a0\u00a0 \u00a0W naszej parafii<\/h3>\n<p style=\"text-indent: 1cm;\">Osoby zainteresowane powo\u0142aniem kap\u0142a\u0144skim mog\u0105 si\u0119 kontaktowa\u0107 z miejscowymi duszpasterzami.<br \/>\nWi\u0119cej informacji mo\u017cna uzyska\u0107 na stronie internetowej Metropolitarnego Wy\u017cszego Seminarium Duchownego we Wroc\u0142awiu: <a href=\"http:\/\/www.seminarium.wroclaw.pl\">www.seminarium.wroclaw.pl<\/a><\/p>\n","protected":false},"excerpt":{"rendered":"<p>I.\u00a0\u00a0 \u00a0O Kap\u0142a\u0144stwie \u201eWy jeste\u015bcie przyjaci\u00f3\u0142mi moimi, je\u017celi czynicie to, co wam przykazuj\u0119. Ju\u017c was nie nazywam s\u0142ugami, bo s\u0142uga nie wie, co czyni pan jego, ale nazwa\u0142em was przyjaci\u00f3\u0142mi, &#8230;<\/p>\n","protected":false},"author":7,"featured_media":0,"parent":150,"menu_order":6,"comment_status":"closed","ping_status":"closed","template":"","meta":[],"_links":{"self":[{"href":"http:\/\/www.mbnp.archidiecezja.wroc.pl\/index.php?rest_route=\/wp\/v2\/pages\/162"}],"collection":[{"href":"http:\/\/www.mbnp.archidiecezja.wroc.pl\/index.php?rest_route=\/wp\/v2\/pages"}],"about":[{"href":"http:\/\/www.mbnp.archidiecezja.wroc.pl\/index.php?rest_route=\/wp\/v2\/types\/page"}],"author":[{"embeddable":true,"href":"http:\/\/www.mbnp.archidiecezja.wroc.pl\/index.php?rest_route=\/wp\/v2\/users\/7"}],"replies":[{"embeddable":true,"href":"http:\/\/www.mbnp.archidiecezja.wroc.pl\/index.php?rest_route=%2Fwp%2Fv2%2Fcomments&post=162"}],"version-history":[{"count":8,"href":"http:\/\/www.mbnp.archidiecezja.wroc.pl\/index.php?rest_route=\/wp\/v2\/pages\/162\/revisions"}],"predecessor-version":[{"id":1871,"href":"http:\/\/www.mbnp.archidiecezja.wroc.pl\/index.php?rest_route=\/wp\/v2\/pages\/162\/revisions\/1871"}],"up":[{"embeddable":true,"href":"http:\/\/www.mbnp.archidiecezja.wroc.pl\/index.php?rest_route=\/wp\/v2\/pages\/150"}],"wp:attachment":[{"href":"http:\/\/www.mbnp.archidiecezja.wroc.pl\/index.php?rest_route=%2Fwp%2Fv2%2Fmedia&parent=162"}],"curies":[{"name":"wp","href":"https:\/\/api.w.org\/{rel}","templated":true}]}}