{"id":1589,"date":"2016-05-18T16:26:25","date_gmt":"2016-05-18T14:26:25","guid":{"rendered":"http:\/\/www.mbnp.archidiecezja.wroc.pl\/?page_id=1589"},"modified":"2026-01-13T11:09:54","modified_gmt":"2026-01-13T10:09:54","slug":"rada-parafialna","status":"publish","type":"page","link":"http:\/\/www.mbnp.archidiecezja.wroc.pl\/?page_id=1589","title":{"rendered":"Rada Duszpasterska i Rada Ekonomiczna"},"content":{"rendered":"\n<p>Na mocy kanon\u00f3w 536 i 537 Prawa Kanonicznego w Parafii powinny funkcjonowa\u0107 dwie niezale\u017cne cho\u0107 wsp\u00f3\u0142pracuj\u0105ce ze sob\u0105 rady: duszpasterska i ekonomiczna. Ich zadania i kompetencje reguluj\u0105 za\u0142\u0105czone Statuty, zgodnie z kt\u00f3rymi kadencja ka\u017cdej z rad trwa 4 lata. Zadania tych organ\u00f3w pi\u0119knie definiuje Ojciec \u015awi\u0119ty Jan Pawe\u0142 II Jana Paw\u0142a II, kt\u00f3ry w li\u015bcie apostolskim <strong><em>Novo millennio ineunte<\/em><\/strong>, odnosz\u0105c si\u0119 m. in. do rad duszpasterskich napisa\u0142: <em>&#8222;Jak wiadomo, nie kieruj\u0105 si\u0119 one zasadami demokracji parlamentarnej, poniewa\u017c maj\u0105 uprawnienia doradcze, a nie decyzyjne, ale nie s\u0105 z tego powodu pozbawione znaczenia, ani mo\u017cliwo\u015bci skutecznego oddzia\u0142ywania. Teologia i duchowo\u015b\u0107 komunii pobudzaj\u0105 bowiem pasterzy i wiernych do uwa\u017cnego s\u0142uchania siebie nawzajem i z jednej strony jednocz\u0105 ich a priori we wszystkich kwestiach istotnych, a z drugiej sprawiaj\u0105, \u017ce tak\u017ce w kwestiach podlegaj\u0105cych dyskusji udaje si\u0119 im zwykle uzgodni\u0107 wsp\u00f3lne, przemy\u015blane stanowisko. Z my\u015bl\u0105 o tym powinni\u015bmy przyswaja\u0107 sobie odwieczne zasady m\u0105dro\u015bci, kt\u00f3ra nie podwa\u017caj\u0105c bynajmniej autorytetu pasterzy zach\u0119ca ich do jak najszerszej konsultacji z ca\u0142ym Ludem Bo\u017cym&#8221;.<\/em><\/p>\n\n\n\n<figure class=\"wp-block-image size-full\"><a href=\"http:\/\/www.mbnp.archidiecezja.wroc.pl\/wp-content\/uploads\/2026\/01\/rada-fajne__FitMaxWzgwMCw2MDBd.jpg\" rel=\"lightbox[1589]\"><img decoding=\"async\" loading=\"lazy\" width=\"193\" height=\"181\" src=\"http:\/\/www.mbnp.archidiecezja.wroc.pl\/wp-content\/uploads\/2026\/01\/rada-fajne__FitMaxWzgwMCw2MDBd.jpg\" alt=\"\" class=\"wp-image-8178\"\/><\/a><\/figure>\n\n\n","protected":false},"excerpt":{"rendered":"<p>Na mocy kanon\u00f3w 536 i 537 Prawa Kanonicznego w Parafii powinny funkcjonowa\u0107 dwie niezale\u017cne cho\u0107 wsp\u00f3\u0142pracuj\u0105ce ze sob\u0105 rady: duszpasterska i ekonomiczna. Ich zadania i kompetencje reguluj\u0105 za\u0142\u0105czone Statuty, zgodnie &#8230;<\/p>\n","protected":false},"author":7,"featured_media":8179,"parent":87,"menu_order":11,"comment_status":"closed","ping_status":"closed","template":"","meta":[],"_links":{"self":[{"href":"http:\/\/www.mbnp.archidiecezja.wroc.pl\/index.php?rest_route=\/wp\/v2\/pages\/1589"}],"collection":[{"href":"http:\/\/www.mbnp.archidiecezja.wroc.pl\/index.php?rest_route=\/wp\/v2\/pages"}],"about":[{"href":"http:\/\/www.mbnp.archidiecezja.wroc.pl\/index.php?rest_route=\/wp\/v2\/types\/page"}],"author":[{"embeddable":true,"href":"http:\/\/www.mbnp.archidiecezja.wroc.pl\/index.php?rest_route=\/wp\/v2\/users\/7"}],"replies":[{"embeddable":true,"href":"http:\/\/www.mbnp.archidiecezja.wroc.pl\/index.php?rest_route=%2Fwp%2Fv2%2Fcomments&post=1589"}],"version-history":[{"count":9,"href":"http:\/\/www.mbnp.archidiecezja.wroc.pl\/index.php?rest_route=\/wp\/v2\/pages\/1589\/revisions"}],"predecessor-version":[{"id":8180,"href":"http:\/\/www.mbnp.archidiecezja.wroc.pl\/index.php?rest_route=\/wp\/v2\/pages\/1589\/revisions\/8180"}],"up":[{"embeddable":true,"href":"http:\/\/www.mbnp.archidiecezja.wroc.pl\/index.php?rest_route=\/wp\/v2\/pages\/87"}],"wp:featuredmedia":[{"embeddable":true,"href":"http:\/\/www.mbnp.archidiecezja.wroc.pl\/index.php?rest_route=\/wp\/v2\/media\/8179"}],"wp:attachment":[{"href":"http:\/\/www.mbnp.archidiecezja.wroc.pl\/index.php?rest_route=%2Fwp%2Fv2%2Fmedia&parent=1589"}],"curies":[{"name":"wp","href":"https:\/\/api.w.org\/{rel}","templated":true}]}}