{"id":158,"date":"2015-11-21T17:27:24","date_gmt":"2015-11-21T16:27:24","guid":{"rendered":"http:\/\/serwer1527024.home.pl\/pub\/wordpress\/?page_id=158"},"modified":"2016-02-25T22:13:11","modified_gmt":"2016-02-25T21:13:11","slug":"pokuta","status":"publish","type":"page","link":"http:\/\/www.mbnp.archidiecezja.wroc.pl\/?page_id=158","title":{"rendered":"Pokuta i pojednanie"},"content":{"rendered":"<h3>I.\u00a0\u00a0 \u00a0O Sakramencie pokuty<\/h3>\n<p><a href=\"http:\/\/www.mbnp.archidiecezja.wroc.pl\/wp-content\/uploads\/2015\/11\/Pokuta.jpg\" rel=\"lightbox[158]\"><img decoding=\"async\" loading=\"lazy\" class=\"alignleft wp-image-813 size-medium\" src=\"http:\/\/www.mbnp.archidiecezja.wroc.pl\/wp-content\/uploads\/2015\/11\/Pokuta-300x201.jpg\" alt=\"SONY DSC\" width=\"300\" height=\"201\" srcset=\"http:\/\/www.mbnp.archidiecezja.wroc.pl\/wp-content\/uploads\/2015\/11\/Pokuta-300x201.jpg 300w, http:\/\/www.mbnp.archidiecezja.wroc.pl\/wp-content\/uploads\/2015\/11\/Pokuta-1024x685.jpg 1024w\" sizes=\"(max-width: 300px) 100vw, 300px\" \/><\/a><\/p>\n<p style=\"text-align: right;\"><em>\u201eJe\u015bli m\u00f3wimy, \u017ce nie zgrzeszyli\u015bmy, czynimy Go k\u0142amc\u0105 i nie ma w nas Jego nauki.<\/em><br \/>\n<em>Je\u017celi wyznajemy nasze grzechy, B\u00f3g jako wierny i sprawiedliwy odpu\u015bci je nam i oczy\u015bci nas z wszelkiej nieprawo\u015bci\u201d.<\/em><br \/>\n(1 J 1, 10.9)<\/p>\n<p style=\"text-indent: 1cm;\">\n<p style=\"text-indent: 1cm;\">Sakrament pokuty ustanowi\u0142 Pan Jezus w dniu zmartwychwstania, gdy stan\u0105\u0142 w\u015br\u00f3d Aposto\u0142\u00f3w w Wieczerniku, tchn\u0105\u0142 na nich i powiedzia\u0142:<em> \u201eWe\u017amijcie Ducha \u015awi\u0119tego! Kt\u00f3rym odpu\u015bcicie grzechy, s\u0105 im odpuszczone, a kt\u00f3rym zatrzymacie, s\u0105 im zatrzymane\u201d<\/em> (J 20, 19-23).<\/p>\n<p>W sakramencie pokuty B\u00f3g przebacza grzechy pope\u0142nione po chrzcie \u015bwi\u0119tym, przez rozgrzeszenie kap\u0142a\u0144skie. Sakrament ten nazywany jest tak\u017ce:<\/p>\n<ul>\n<li>sakramentem nawr\u00f3cenia,<\/li>\n<li>spowiedzi\u0105 \u015bwi\u0119ta,<\/li>\n<li>sakramentem pojednania.<\/li>\n<\/ul>\n<p>Sakrament pokuty sk\u0142ada si\u0119 z trzech akt\u00f3w penitenta oraz z rozgrzeszenia kap\u0142a\u0144skiego. Aktami penitenta s\u0105:<\/p>\n<ul>\n<li><strong>\u017cal za grzechy<\/strong> \u2013 (skrucha) jest to bole\u015b\u0107 duszy z powodu obra\u017cenia Pana Boga, najlepszego Ojca. Je\u017celi \u017ar\u00f3d\u0142em \u017calu jest mi\u0142o\u015b\u0107 do Boga, wtedy \u017cal jest \u201edoskona\u0142ym\u201d; je\u015bli opiera si\u0119 na innych motywach, wtedy nazywamy go \u201eniedoskona\u0142ym\u201d.<\/li>\n<li><strong>spowied\u017a przed kap\u0142anem<\/strong> \u2013 jest to wyznanie przed kap\u0142anem wszystkich grzech\u00f3w ci\u0119\u017ckich, kt\u00f3rych penitent jeszcze nie wyzna\u0142, a kt\u00f3re przypomnia\u0142 sobie po starannym zbadaniu swego sumienia. Wyznanie grzech\u00f3w powszednich nie jest samo w sobie konieczne, niemniej jest przez Ko\u015bci\u00f3\u0142 \u017cywo zalecane.<\/li>\n<li><strong>postanowienie wype\u0142nienia zado\u015b\u0107uczynienia<\/strong> \u2013 kap\u0142an na spowiedzi zadaje penitentowi wype\u0142nienie pewnych czyn\u00f3w \u201ezado\u015b\u0107uczynienia\u201d lub \u201epokuty\u201d, by wynagrodzi\u0142 szkody spowodowane przez grzech i post\u0119powa\u0142 w spos\u00f3b godny ucznia Chrystusa.<\/li>\n<\/ul>\n<p>Skutkami duchowymi sakramentu pokuty s\u0105:<\/p>\n<ul>\n<li>pojednanie z Bogiem, przez kt\u00f3re penitent odzyska\u0142 \u0142ask\u0119 Bo\u017c\u0105,<\/li>\n<li>pojednanie z Ko\u015bcio\u0142em,<\/li>\n<li>darowanie kary wiecznej, zwi\u0105zanej z grzechami \u015bmiertelnymi,<\/li>\n<li>darowanie, przynajmniej cz\u0119\u015bciowe, kar doczesnych, b\u0119d\u0105cych skutkiem grzech\u00f3w<\/li>\n<li>pok\u00f3j i pogoda sumienia oraz pociecha duchowa,<\/li>\n<li>wzrost si\u0142 duchowych do walki ze z\u0142em.<\/li>\n<\/ul>\n<p style=\"text-indent: 1cm;\"><strong>Indywidualna i kompletna spowied\u017a z grzech\u00f3w ci\u0119\u017ckich oraz rozgrzeszenie, stanowi\u0105 jedyny zwyczajny spos\u00f3b pojednania si\u0119 z Bogiem i Ko\u015bcio\u0142em.<\/strong><\/p>\n<p style=\"text-indent: 1cm;\">Drog\u0119 powrotu do Boga nazywamy nawr\u00f3ceniem si\u0119 od pope\u0142nionych grzech\u00f3w oraz mocne postanowienie poprawy na przysz\u0142o\u015b\u0107. \u0179r\u00f3d\u0142em nawr\u00f3cenia jest nadzieja na mi\u0142osierdzie Bo\u017ce.<\/p>\n<h3>II.\u00a0\u00a0 \u00a0W naszej parafii<\/h3>\n<p>Sakrament pokuty i pojednania w naszej parafii jest sprawowany:<\/p>\n<ul>\n<li>w niedziel\u0119 podczas ka\u017cdej Mszy \u015aw. (czyli o 7.00, 8.00, 9.30, 11.00, 12.30 i 18.00),<\/li>\n<li>w dni powszednie 15 min przed Msz\u0105 \u015aw.,<\/li>\n<li>w ka\u017cdy pierwszy pi\u0105tek miesi\u0105ca od godziny 17.15,<\/li>\n<li>na indywidualn\u0105 pro\u015bb\u0119 osoby zainteresowanej.<\/li>\n<\/ul>\n","protected":false},"excerpt":{"rendered":"<p>I.\u00a0\u00a0 \u00a0O Sakramencie pokuty \u201eJe\u015bli m\u00f3wimy, \u017ce nie zgrzeszyli\u015bmy, czynimy Go k\u0142amc\u0105 i nie ma w nas Jego nauki. Je\u017celi wyznajemy nasze grzechy, B\u00f3g jako wierny i sprawiedliwy odpu\u015bci je &#8230;<\/p>\n","protected":false},"author":7,"featured_media":0,"parent":150,"menu_order":4,"comment_status":"closed","ping_status":"closed","template":"","meta":[],"_links":{"self":[{"href":"http:\/\/www.mbnp.archidiecezja.wroc.pl\/index.php?rest_route=\/wp\/v2\/pages\/158"}],"collection":[{"href":"http:\/\/www.mbnp.archidiecezja.wroc.pl\/index.php?rest_route=\/wp\/v2\/pages"}],"about":[{"href":"http:\/\/www.mbnp.archidiecezja.wroc.pl\/index.php?rest_route=\/wp\/v2\/types\/page"}],"author":[{"embeddable":true,"href":"http:\/\/www.mbnp.archidiecezja.wroc.pl\/index.php?rest_route=\/wp\/v2\/users\/7"}],"replies":[{"embeddable":true,"href":"http:\/\/www.mbnp.archidiecezja.wroc.pl\/index.php?rest_route=%2Fwp%2Fv2%2Fcomments&post=158"}],"version-history":[{"count":8,"href":"http:\/\/www.mbnp.archidiecezja.wroc.pl\/index.php?rest_route=\/wp\/v2\/pages\/158\/revisions"}],"predecessor-version":[{"id":1169,"href":"http:\/\/www.mbnp.archidiecezja.wroc.pl\/index.php?rest_route=\/wp\/v2\/pages\/158\/revisions\/1169"}],"up":[{"embeddable":true,"href":"http:\/\/www.mbnp.archidiecezja.wroc.pl\/index.php?rest_route=\/wp\/v2\/pages\/150"}],"wp:attachment":[{"href":"http:\/\/www.mbnp.archidiecezja.wroc.pl\/index.php?rest_route=%2Fwp%2Fv2%2Fmedia&parent=158"}],"curies":[{"name":"wp","href":"https:\/\/api.w.org\/{rel}","templated":true}]}}