{"id":156,"date":"2015-11-21T17:26:49","date_gmt":"2015-11-21T16:26:49","guid":{"rendered":"http:\/\/serwer1527024.home.pl\/pub\/wordpress\/?page_id=156"},"modified":"2024-08-26T16:17:26","modified_gmt":"2024-08-26T14:17:26","slug":"eucharystia","status":"publish","type":"page","link":"http:\/\/www.mbnp.archidiecezja.wroc.pl\/?page_id=156","title":{"rendered":"Eucharystia"},"content":{"rendered":"<h3><strong>I. O Eucharystii<\/strong><\/h3>\n<p style=\"text-align: right;\"><em><a href=\"http:\/\/www.mbnp.archidiecezja.wroc.pl\/wp-content\/uploads\/2015\/11\/Eucharystia.jpg\" rel=\"lightbox[156]\"><img decoding=\"async\" loading=\"lazy\" class=\"alignleft wp-image-818 size-medium\" src=\"http:\/\/www.mbnp.archidiecezja.wroc.pl\/wp-content\/uploads\/2015\/11\/Eucharystia-300x201.jpg\" alt=\"Eucharystia\" width=\"300\" height=\"201\" srcset=\"http:\/\/www.mbnp.archidiecezja.wroc.pl\/wp-content\/uploads\/2015\/11\/Eucharystia-300x201.jpg 300w, http:\/\/www.mbnp.archidiecezja.wroc.pl\/wp-content\/uploads\/2015\/11\/Eucharystia.jpg 640w\" sizes=\"(max-width: 300px) 100vw, 300px\" \/><\/a>\u201eJa jestem chlebem \u017cywym, kt\u00f3ry zst\u0105pi\u0142 z nieba. Je\u015bli kto spo\u017cywa ten chleb, b\u0119dzie \u017cy\u0142 na wieki. Chlebem, kt\u00f3ry Ja dam, jest moje cia\u0142o za \u017cycie \u015bwiata. (\u2026) Kto spo\u017cywa moje Cia\u0142o i pije moj\u0105 Krew, ma \u017cycie wieczne, a Ja go wskrzesz\u0119 w dniu ostatecznym. Cia\u0142o moje jest prawdziwym pokarmem, a Krew moja jest prawdziwym napojem. Kto spo\u017cywa moje Cia\u0142o i Krew moj\u0105 pije, trwa we Mnie, a Ja w nim\u201d.<\/em><br \/>\n(J 6, 51.54-56)<\/p>\n<p style=\"text-indent: 1cm;\">Na ustanowienie Eucharystii Chrystus Pan przygotowywa\u0142 s\u0142uchaczy przez cudowne rozmno\u017cenie chleba i przez mow\u0119 eucharystyczn\u0105, w kt\u00f3rej powiedzia\u0142: <em>\u201eJa jestem chlebem \u017cywym, kt\u00f3ry zst\u0105pi\u0142 z nieba. Je\u015bli kto po\u017cywa ten chleb, b\u0119dzie \u017cy\u0142 na wieki&#8230; Kto spo\u017cywa moje Cia\u0142o i pije moj\u0105 Krew, ma \u017cycie wieczne&#8230; trwa we Mnie, a ja w nim\u201d<\/em> (J 6, 51.54.56).<\/p>\n<p style=\"text-indent: 1cm;\">Chrystus ustanowi\u0142 Eucharysti\u0119 podczas Ostatniej Wieczerzy, gdy wzi\u0105\u0142 chleb, dzi\u0119ki czyni\u0142, po\u0142ama\u0142 go i poda\u0142 uczniom, m\u00f3wi\u0105c: \u201e<em>To jest Cia\u0142o moje, kt\u00f3re za was b\u0119dzie wydane; czy\u0144cie to na moj\u0105 pami\u0105tk\u0119\u201d.<\/em> Po Wieczerzy powiedzia\u0142 nad kielichem: <em>\u201eTen kielich, to Nowe Przymierze we Krwi mojej, kt\u00f3ra za was b\u0119dzie wylana\u201d<\/em> (\u0141k 22, 19-20).<\/p>\n<p>Msza \u015bwi\u0119ta jest celebracj\u0105 Eucharystii i obejmuje:<\/p>\n<ul>\n<li>g\u0142oszenie s\u0142owa Bo\u017cego,<\/li>\n<li>dzi\u0119kczynienie sk\u0142adane Bogu Ojcu za wszystkie Jego dobrodziejstwa, a zw\u0142aszcza za to, \u017ce darowa\u0142 nam Syna,<\/li>\n<li>konsekracj\u0119 chleba i wina,<\/li>\n<li>uczestniczenie w uczcie liturgicznej przez przyjmowanie Cia\u0142a i Krwi Pa\u0144skiej.<\/li>\n<\/ul>\n<p style=\"text-indent: 1cm;\">Tylko kap\u0142ani mog\u0105 przewodniczy\u0107 Ofierze eucharystycznej i konsekrowa\u0107 chleb i wino, aby sta\u0142o si\u0119 Cia\u0142em i Krwi\u0105 Chrystusa Pana. Konsekracja jest to przeistoczenie chleba w Cia\u0142o i wina w Krew Chrystusa.<\/p>\n<p style=\"text-indent: 1cm;\">Komuni\u0119 \u015bwi\u0119t\u0105 mo\u017ce przyjmowa\u0107 ten, kto jest w stanie \u0142aski. Je\u017celi ma \u015bwiadomo\u015b\u0107, \u017ce pope\u0142ni\u0142 grzech \u015bmiertelny, powinien najpierw otrzyma\u0107 rozgrzeszenie w sakramencie pokuty. Grzechy lekkie s\u0105 odpuszczane na pocz\u0105tku Mszy \u015bw. podczas aktu pokutnego. Jest rzecz\u0105 w\u0142a\u015bciw\u0105, by wierni, je\u015bli tylko s\u0105 odpowiednio usposobieni, przyjmowali Komuni\u0119 za ka\u017cdym razem, gdy uczestnicz\u0105 we Mszy \u015bwi\u0119tej (KPK 917). Zobowi\u0105zani s\u0105 do tego przynajmniej raz w roku, mo\u017cliwie w okresie Wielkanocy (KPK 920).<\/p>\n<p>Przyjmowanie Chrystusa w Komunii \u015bwi\u0119tej:<\/p>\n<ul>\n<li>pog\u0142\u0119bia zjednoczenie z Nim,<\/li>\n<li>g\u0142adzi grzechy powszednie i chroni przed ci\u0119\u017ckimi,<\/li>\n<li>umacnia jedno\u015b\u0107 Ko\u015bcio\u0142a,<\/li>\n<li>jest zadatkiem przysz\u0142ej chwa\u0142y.<\/li>\n<\/ul>\n<p style=\"text-indent: 1cm;\">W Naj\u015bwi\u0119tszym Sakramencie obecny jest sam Chrystus, nale\u017cy Go czci\u0107 kultem adoracji. Nawiedzenie Naj\u015bwi\u0119tszego Sakramentu jest dowodem wdzi\u0119czno\u015bci, mi\u0142o\u015bci i obowi\u0105zkiem wzgl\u0119dem Chrystusa Pana.<\/p>\n<h3><strong>II. W naszej parafii<\/strong><\/h3>\n<ol>\n<li><strong>Czas odprawiania Mszy \u015aw. \u2013 celebrowania Eucharystii:<\/strong><br \/>\nMsze \u015aw. odprawiane s\u0105 w naszej parafii:<br \/>\nw niedziele o: 7.30, 9.30, 11.00 \u2013 z udzia\u0142em dzieci, 12.30 \u2013 suma i 18.00 \u2013 z udzia\u0142em m\u0142odzie\u017cy<br \/>\nw dni powszednie o: 7.00 i 18.00<\/li>\n<li><strong>Przygotowanie do I Komunii \u015aw. i Rocznica I Komunii \u015aw.:<\/strong><br \/>\nI Komunia \u015aw. odbywa sie w 3. niedziel\u0119 maja. Wi\u0119cej informacji dla dzieci i rodzic\u00f3w mo\u017cna znale\u017a\u0107 w zak\u0142adkach:<br \/>\nPierwsza Komunia \u015awi\u0119ta (<a href=\"http:\/\/www.mbnp.archidiecezja.wroc.pl\/?page_id=805\">link<\/a>),<br \/>\nRocznica Pierwszej Komunii \u015awi\u0119tej (<a href=\"http:\/\/www.mbnp.archidiecezja.wroc.pl\/?page_id=807\">link<\/a>).<\/li>\n<\/ol>\n","protected":false},"excerpt":{"rendered":"<p>I. O Eucharystii \u201eJa jestem chlebem \u017cywym, kt\u00f3ry zst\u0105pi\u0142 z nieba. Je\u015bli kto spo\u017cywa ten chleb, b\u0119dzie \u017cy\u0142 na wieki. Chlebem, kt\u00f3ry Ja dam, jest moje cia\u0142o za \u017cycie \u015bwiata. &#8230;<\/p>\n","protected":false},"author":7,"featured_media":0,"parent":150,"menu_order":3,"comment_status":"closed","ping_status":"closed","template":"","meta":[],"_links":{"self":[{"href":"http:\/\/www.mbnp.archidiecezja.wroc.pl\/index.php?rest_route=\/wp\/v2\/pages\/156"}],"collection":[{"href":"http:\/\/www.mbnp.archidiecezja.wroc.pl\/index.php?rest_route=\/wp\/v2\/pages"}],"about":[{"href":"http:\/\/www.mbnp.archidiecezja.wroc.pl\/index.php?rest_route=\/wp\/v2\/types\/page"}],"author":[{"embeddable":true,"href":"http:\/\/www.mbnp.archidiecezja.wroc.pl\/index.php?rest_route=\/wp\/v2\/users\/7"}],"replies":[{"embeddable":true,"href":"http:\/\/www.mbnp.archidiecezja.wroc.pl\/index.php?rest_route=%2Fwp%2Fv2%2Fcomments&post=156"}],"version-history":[{"count":13,"href":"http:\/\/www.mbnp.archidiecezja.wroc.pl\/index.php?rest_route=\/wp\/v2\/pages\/156\/revisions"}],"predecessor-version":[{"id":7316,"href":"http:\/\/www.mbnp.archidiecezja.wroc.pl\/index.php?rest_route=\/wp\/v2\/pages\/156\/revisions\/7316"}],"up":[{"embeddable":true,"href":"http:\/\/www.mbnp.archidiecezja.wroc.pl\/index.php?rest_route=\/wp\/v2\/pages\/150"}],"wp:attachment":[{"href":"http:\/\/www.mbnp.archidiecezja.wroc.pl\/index.php?rest_route=%2Fwp%2Fv2%2Fmedia&parent=156"}],"curies":[{"name":"wp","href":"https:\/\/api.w.org\/{rel}","templated":true}]}}