{"id":154,"date":"2015-11-21T17:26:22","date_gmt":"2015-11-21T16:26:22","guid":{"rendered":"http:\/\/serwer1527024.home.pl\/pub\/wordpress\/?page_id=154"},"modified":"2022-06-05T12:15:11","modified_gmt":"2022-06-05T10:15:11","slug":"bierzmowanie","status":"publish","type":"page","link":"http:\/\/www.mbnp.archidiecezja.wroc.pl\/?page_id=154","title":{"rendered":"Bierzmowanie"},"content":{"rendered":"<h3 style=\"text-align: left;\"><strong>I.\u00a0\u00a0 \u00a0O Bierzmowaniu<\/strong><br \/><a href=\"http:\/\/www.mbnp.archidiecezja.wroc.pl\/wp-content\/uploads\/2015\/11\/Bierzmowanie.jpg\" rel=\"lightbox[154]\"><img decoding=\"async\" loading=\"lazy\" class=\"alignleft wp-image-677 size-medium\" src=\"http:\/\/www.mbnp.archidiecezja.wroc.pl\/wp-content\/uploads\/2015\/11\/Bierzmowanie-300x201.jpg\" alt=\"Bierzmowanie\" width=\"300\" height=\"201\" srcset=\"http:\/\/www.mbnp.archidiecezja.wroc.pl\/wp-content\/uploads\/2015\/11\/Bierzmowanie-300x201.jpg 300w, http:\/\/www.mbnp.archidiecezja.wroc.pl\/wp-content\/uploads\/2015\/11\/Bierzmowanie.jpg 800w\" sizes=\"(max-width: 300px) 100vw, 300px\" \/><\/a><\/h3>\n<p style=\"text-align: right;\"><em>\u201eA Pocieszyciel, Duch \u015awi\u0119ty, kt\u00f3rego Ojciec po\u015ble w moim imieniu, <\/em><br \/><em>On was wszystkiego nauczy i przypomni wam wszystko, co Ja wam powiedzia\u0142em.\u201d<\/em><br \/>(J 14,26)<\/p>\n<p style=\"text-indent: 1cm;\">Bierzmowanie jest to sakrament, w kt\u00f3rym Duch \u015awi\u0119ty udziela si\u0119 cz\u0142owiekowi ochrzczonemu jako Dar i umacnia go aby swoj\u0105 wiar\u0119 m\u0119\u017cnie wyznawa\u0142, broni\u0142 jej i wed\u0142ug niej \u017cy\u0142. Cz\u0142owiek zostaje obdarowany siedmioma darami:<\/p>\n<ul>\n<li>Dar M\u0105dro\u015bci \u2013 by uzna\u0107, \u017ce B\u00f3g jest mi\u0142o\u015bci\u0105<\/li>\n<li>Dar Rozumu \u2013 by rozumie\u0107 prawdy wiary<\/li>\n<li>Dar Rady \u2013 by podejmowa\u0107 w\u0142a\u015bciwe decyzje<\/li>\n<li>Dar M\u0119stwa \u2013 by broni\u0107 warto\u015bci<\/li>\n<li>Dar Umiej\u0119tno\u015bci \u2013 by dostrzega\u0107 Boga w \u015bwiecie<\/li>\n<li>Dar Pobo\u017cno\u015bci \u2013 by doskonali\u0107 relacje z Bogiem i lud\u017ami<\/li>\n<li>Dar Boja\u017ani Bo\u017cej \u2013 by by\u0107 ufnym.<\/li>\n<\/ul>\n<p>Skutki bierzmowania s\u0105 nast\u0119puj\u0105ce:<\/p>\n<ul>\n<li>udoskonala \u0142ask\u0119 chrztu,<\/li>\n<li>g\u0142\u0119biej zakorzenia nas w synostwie Bo\u017cym,<\/li>\n<li>\u015bci\u015blej jednoczy nas z Chrystusem,<\/li>\n<li>pomna\u017ca w nas dary Ducha \u015awi\u0119tego,<\/li>\n<li>udoskonala nasz\u0105 wi\u0119\u017a z Ko\u015bcio\u0142em,<\/li>\n<li>umacnia do \u015bwiadczenia o wierze chrze\u015bcija\u0144skiej s\u0142owem i czynem.<\/li>\n<\/ul>\n<p style=\"text-indent: 1cm;\">Zwyczajnym szafarzem bierzmowania jest biskup. W pewnych okoliczno\u015bciach bierzmowa\u0107 mo\u017ce kap\u0142an upowa\u017cniony do tego przez prawo ko\u015bcielne. Istotny obrz\u0119d bierzmowania sk\u0142ada si\u0119 z trzech element\u00f3w wykonywanych r\u00f3wnocze\u015bnie. S\u0105 to:<\/p>\n<ul>\n<li>namaszczenie olejem Krzy\u017cma na czole ochrzczonego,<\/li>\n<li>na\u0142o\u017cenie r\u0119ki biskupa na jego g\u0142ow\u0119,<\/li>\n<li>s\u0142owa: \u201ePrzyjmij znami\u0119 daru Ducha \u015awi\u0119tego\u201d.<\/li>\n<\/ul>\n<p style=\"text-indent: 1cm;\">Bierzmowanie, podobnie jak chrzest, nie mo\u017ce by\u0107 powtarzane ze wzgl\u0119du na niezatarty charakter czyli znami\u0119 Chrystusa, kt\u00f3re wyciska na duszy chrze\u015bcijanina.<\/p>\n<h3><strong>II.\u00a0\u00a0 \u00a0W naszej parafii<\/strong><\/h3>\n<ol>\n<li>Przygotowanie kandydat\u00f3w do Bierzmowania w naszej parafii trwa dwa lata.<br \/>Osoby doros\u0142e, kt\u00f3re pragn\u0105 przyj\u0105\u0107 ten sakrament proszone s\u0105 o zg\u0142oszenie si\u0119 do Centralnego O\u015brodka Przygotowania Os\u00f3b Doros\u0142ych do Sakramentu Bierzmowania w Archidiecezji Wroc\u0142awskiej przy ul. Katedralnej 4 we Wroc\u0142awiu.<\/li>\n<li>Spotkania formacyjne odbywaj\u0105 si\u0119 w ka\u017cd\u0105 <strong>trzeci\u0105 niedziel\u0119 miesi\u0105ca<\/strong><strong> o godz. 19:00<\/strong> z animatorami w wyznaczonych salkach. <strong>Odpowiedzialny za przygotowanie kandydat\u00f3w jest ks. Marek Gorbenko.<\/strong><\/li>\n<\/ol>\n<h3><strong>III.\u00a0 \u00a0 Og\u0142oszenia<\/strong><\/h3>\n<div id=\":nw\" class=\"ii gt\">\n<div id=\":nv\" class=\"a3s aiL \">\n<div dir=\"ltr\">\n<div>\n<div>W dniu <strong>19.06<\/strong>\u00a0w auli spotkanie dla roku I godz. <span style=\"text-decoration: underline;\">19:00<\/span>.<\/div>\n<\/div>\n<\/div>\n<\/div>\n<\/div>\n<div id=\":nw\" class=\"ii gt\">\n<div id=\":nv\" class=\"a3s aiL \">\n<div dir=\"ltr\">\n<h5>\u00a0<\/h5>\n<\/div>\n<\/div>\n<\/div>\n\n\n<p><\/p>\n","protected":false},"excerpt":{"rendered":"<p>I.\u00a0\u00a0 \u00a0O Bierzmowaniu \u201eA Pocieszyciel, Duch \u015awi\u0119ty, kt\u00f3rego Ojciec po\u015ble w moim imieniu, On was wszystkiego nauczy i przypomni wam wszystko, co Ja wam powiedzia\u0142em.\u201d(J 14,26) Bierzmowanie jest to sakrament, &#8230;<\/p>\n","protected":false},"author":7,"featured_media":0,"parent":150,"menu_order":2,"comment_status":"closed","ping_status":"closed","template":"","meta":[],"_links":{"self":[{"href":"http:\/\/www.mbnp.archidiecezja.wroc.pl\/index.php?rest_route=\/wp\/v2\/pages\/154"}],"collection":[{"href":"http:\/\/www.mbnp.archidiecezja.wroc.pl\/index.php?rest_route=\/wp\/v2\/pages"}],"about":[{"href":"http:\/\/www.mbnp.archidiecezja.wroc.pl\/index.php?rest_route=\/wp\/v2\/types\/page"}],"author":[{"embeddable":true,"href":"http:\/\/www.mbnp.archidiecezja.wroc.pl\/index.php?rest_route=\/wp\/v2\/users\/7"}],"replies":[{"embeddable":true,"href":"http:\/\/www.mbnp.archidiecezja.wroc.pl\/index.php?rest_route=%2Fwp%2Fv2%2Fcomments&post=154"}],"version-history":[{"count":12,"href":"http:\/\/www.mbnp.archidiecezja.wroc.pl\/index.php?rest_route=\/wp\/v2\/pages\/154\/revisions"}],"predecessor-version":[{"id":1145,"href":"http:\/\/www.mbnp.archidiecezja.wroc.pl\/index.php?rest_route=\/wp\/v2\/pages\/154\/revisions\/1145"}],"up":[{"embeddable":true,"href":"http:\/\/www.mbnp.archidiecezja.wroc.pl\/index.php?rest_route=\/wp\/v2\/pages\/150"}],"wp:attachment":[{"href":"http:\/\/www.mbnp.archidiecezja.wroc.pl\/index.php?rest_route=%2Fwp%2Fv2%2Fmedia&parent=154"}],"curies":[{"name":"wp","href":"https:\/\/api.w.org\/{rel}","templated":true}]}}