{"id":152,"date":"2015-11-21T17:23:10","date_gmt":"2015-11-21T16:23:10","guid":{"rendered":"http:\/\/serwer1527024.home.pl\/pub\/wordpress\/?page_id=152"},"modified":"2016-02-25T22:10:29","modified_gmt":"2016-02-25T21:10:29","slug":"chrzest","status":"publish","type":"page","link":"http:\/\/www.mbnp.archidiecezja.wroc.pl\/?page_id=152","title":{"rendered":"Chrzest"},"content":{"rendered":"<h3>I.\u00a0\u00a0 \u00a0O Chrzcie \u015awi\u0119tym<\/h3>\n<p><a href=\"http:\/\/www.mbnp.archidiecezja.wroc.pl\/wp-content\/uploads\/2015\/11\/Chrzest1.jpg\" rel=\"lightbox[152]\"><img decoding=\"async\" loading=\"lazy\" class=\"alignleft wp-image-688 size-medium\" src=\"http:\/\/www.mbnp.archidiecezja.wroc.pl\/wp-content\/uploads\/2015\/11\/Chrzest1-300x201.jpg\" alt=\"SONY DSC\" width=\"300\" height=\"201\" srcset=\"http:\/\/www.mbnp.archidiecezja.wroc.pl\/wp-content\/uploads\/2015\/11\/Chrzest1-300x201.jpg 300w, http:\/\/www.mbnp.archidiecezja.wroc.pl\/wp-content\/uploads\/2015\/11\/Chrzest1-1024x685.jpg 1024w\" sizes=\"(max-width: 300px) 100vw, 300px\" \/><\/a><\/p>\n<p style=\"text-align: right;\"><em>\u201eZaprawd\u0119, zaprawd\u0119, powiadam ci, je\u015bli si\u0119 kto\u015b nie narodzi z wody i z Ducha, nie mo\u017ce wej\u015b\u0107 do kr\u00f3lestwa Bo\u017cego\u201d.<\/em><br \/>\n(J 3,5)<\/p>\n<p style=\"text-indent: 1cm;\">Chrzest jest pierwszym (bez tego sakramentu nie mo\u017cna przyj\u0105\u0107 pozosta\u0142ych) i najwa\u017cniejszym sakramentem, bo przez niego dokonuje si\u0119 odpuszczenie grzechu pierworodnego i wszystkich grzech\u00f3w osobistych, narodzenie do nowego \u017cycia, przez kt\u00f3re cz\u0142owiek staje si\u0119 przybranym dzieckiem Bo\u017cym, cz\u0142onkiem Chrystusa, \u015bwi\u0105tyni\u0105 Ducha \u015awi\u0119tego. Przez fakt przyj\u0119cia tego sakramentu ochrzczony jest w\u0142\u0105czony we wsp\u00f3lnot\u0119 Ko\u015bcio\u0142a, Cia\u0142o Chrystusa i staje si\u0119 uczestnikiem Chrystusowego kap\u0142a\u0144stwa.<\/p>\n<p style=\"text-indent: 1cm;\">Sakrament Chrztu \u015awi\u0119tego ustanowi\u0142 Jezus Chrystus, a jego sprawowanie powierzy\u0142 wraz z misj\u0105 g\u0142oszenia Ewangelii swojemu Ko\u015bcio\u0142owi, gdy nakaza\u0142 Aposto\u0142om: <em>\u201eId\u017acie i nauczajcie wszystkie narody, udzielaj\u0105c im chrztu w imi\u0119 Ojca i Syna i Ducha \u015awi\u0119tego.\u201d<\/em> (Mt 28,19).<\/p>\n<p style=\"text-indent: 1cm;\">Chrztu udziela biskup, kap\u0142an lub diakon przez zanurzenie kandydata w wodzie lub przez polanie wod\u0105 jego g\u0142owy, wypowiadaj\u0105c przy tym s\u0142owa: \u201eN., ja ciebie chrzcz\u0119 w imi\u0119 Ojca i Syna, i Ducha \u015awi\u0119tego\u201d. Konieczno\u015bci przyjmowania chrztu domaga si\u0119 Pan Jezus, kt\u00f3ry powiedzia\u0142: <em>\u201eKto wierzy i przyjmie chrzest, b\u0119dzie zbawiony; a kto nie wierzy, b\u0119dzie pot\u0119piony\u201d<\/em> (Mk 16, 16). W razie nag\u0142ej konieczno\u015bci (np. niebezpiecze\u0144stwo \u015bmierci) ka\u017cda osoba mo\u017ce udzieli\u0107 chrztu, pod warunkiem, \u017ce ma intencj\u0119 uczynienia tego, co czyni Ko\u015bci\u00f3\u0142, i poleje kandydata wod\u0105, m\u00f3wi\u0105c: \u201eN., ja ciebie chrzcz\u0119 w imi\u0119 Ojca i Syna, i Ducha \u015awi\u0119tego\u201d.<\/p>\n<p style=\"text-indent: 1cm;\">Chrzest przyjmuje si\u0119 jeden raz w \u017cyciu, poniewa\u017c wyciska on na duszy niezatarte, duchowe znami\u0119, \u201echarakter\u201d, kt\u00f3ry uzdalnia ochrzczonego do uczestnictwa w kulcie chrze\u015bcija\u0144skim.<\/p>\n<h3>II.\u00a0\u00a0 \u00a0Rodzice dziecka<\/h3>\n<p style=\"text-indent: 1cm;\">Przed chrztem dziecka rodzice s\u0105 zobowi\u0105zani do wys\u0142uchania nauki przedchrzcielnej. Powinni r\u00f3wnie\u017c przyst\u0105pi\u0107 do Sakramentu Pokuty, a podczas Mszy \u015bwi\u0119tej chrzcielnej do Komunii \u015bwi\u0119tej (dotyczy rodzic\u00f3w \u017cyj\u0105cych w Sakramencie Ma\u0142\u017ce\u0144stwa).<\/p>\n<p style=\"text-indent: 1cm;\">Po udzieleniu chrztu, rodzice dziecka wdzi\u0119czni Bogu i wierni podj\u0119tym zadaniom, maj\u0105 obowi\u0105zek rozwija\u0107 nowe \u017cycie zapocz\u0105tkowane na chrzcie przez:<\/p>\n<ul>\n<li>chrze\u015bcija\u0144skie wychowanie w rodzinie (czyli wsp\u00f3lna modlitwa ca\u0142ej rodziny, \u017cycie sakramentalne rodzic\u00f3w i rodze\u0144stwa, okazywanie wzajemnej mi\u0142o\u015bci, b\u0119d\u0105cej dla dziecka najlepsz\u0105 szko\u0142\u0105 wiary),<\/li>\n<li>nauczenie dziecka modlitwy,<\/li>\n<li>posy\u0142anie na katechizacj\u0119,<\/li>\n<li>przygotowanie do uczestnictwa w Eucharystii,<\/li>\n<li>przygotowanie do sakramentu bierzmowania.<\/li>\n<\/ul>\n<h3>III.\u00a0\u00a0 \u00a0Rodzice chrzestni<\/h3>\n<p style=\"text-indent: 1cm;\">Odno\u015bnie wyboru rodzic\u00f3w chrzestnych obowi\u0105zuj\u0105 nast\u0119puj\u0105ce przepisy ko\u015bcielne, kt\u00f3re nale\u017cy uwzgl\u0119dni\u0107 przed podj\u0119ciem decyzji wyboru ojca i matki chrzestnej. Rodzicami chrzestnymi mog\u0105 by\u0107:<\/p>\n<ul>\n<li>osoby religijne (wyznania katolickiego), bierzmowane, przyst\u0119puj\u0105ce do Sakrament\u00f3w \u015bwi\u0119tych, a je\u015bli s\u0105 ma\u0142\u017conkami, \u017cyj\u0105ce w sakramentalnym zwi\u0105zku ma\u0142\u017ce\u0144skim,<\/li>\n<li>odznaczaj\u0105ce si\u0119 wystarczaj\u0105c\u0105 dojrza\u0142o\u015bci\u0105 do wype\u0142nienia swoich obowi\u0105zk\u00f3w (sko\u0144czony przynajmniej 16 rok \u017cycia).<\/li>\n<\/ul>\n<p style=\"text-indent: 1cm;\">Ko\u015bci\u00f3\u0142 stawia takie wymagania rodzicom chrzestnym, poniewa\u017c podczas obrz\u0119du Chrztu \u015awi\u0119tego sk\u0142adaj\u0105 wyznanie wiary we w\u0142asnym imieniu oraz przyjmuj\u0105 na siebie wsp\u00f3\u0142odpowiedzialno\u015b\u0107 za chrze\u015bcija\u0144skie wychowanie dziecka, zw\u0142aszcza w przypadku, gdy dziecko utraci jedno lub oboje rodzic\u00f3w.<\/p>\n<p style=\"text-indent: 1cm;\">Rodzice chrzestni maja r\u00f3wnie\u017c obowi\u0105zek uczestnictwa w nauce przedchrzcielnej. Z okazji chrztu dziecka chrzestni powinni przyst\u0105pi\u0107 do Spowiedzi i Komunii \u015bwi\u0119tej. W przysz\u0142o\u015bci rodzice chrzestni powinni by\u0107 tak\u017ce \u015bwiadkami Bierzmowania swego chrze\u015bniaka i uczestniczy\u0107 w wa\u017cniejszych wydarzeniach jego \u017cycia (I Komunia \u015bwi\u0119ta, \u015alub).<\/p>\n<h3>IV.\u00a0\u00a0 \u00a0W naszej parafii<\/h3>\n<ol>\n<li><strong>Czas udzielania Chrztu \u015awi\u0119tego:<\/strong><br \/>\nChrzest dzieci w naszej parafii odbywa si\u0119 w <strong>drug\u0105 niedziel\u0119 miesi\u0105ca podczas Mszy \u015aw. o 12.30<\/strong> oraz wyj\u0105tkowo w czwart\u0105 po Mszy \u015aw. o godz. 12.30.<\/li>\n<li><strong>Czas zg\u0142oszenia dziecka do chrztu:<\/strong><br \/>\nCo najmniej miesi\u0105c przed zamierzonym terminem chrztu.<\/li>\n<li><strong>Dokumenty potrzebne do spisania aktu chrztu:<\/strong>\n<ul>\n<li>Dow\u00f3d osobisty.<\/li>\n<li>Akt urodzenia dziecka z USC.<\/li>\n<li>Dane o rodzicach chrzestnych (imiona, nazwisko, data i miejsce urodzenia, adres zamieszkania). Rodzice chrzestni dziecka mieszkaj\u0105cy na terenie innych parafii potrzebuj\u0105 za\u015bwiadczenie, \u017ce s\u0105 praktykuj\u0105cymi katolikami. Za\u015bwiadczenia te otrzymuje si\u0119 w kancelarii parafialnej miejsca zamieszkania.<\/li>\n<li>Potwierdzenie odbytej spowiedzi.<\/li>\n<\/ul>\n<\/li>\n<li><strong>Katechezy przedchrzcielne:<\/strong><br \/>\nW naszej parafii odbywaj\u0105 si\u0119 w <strong>ka\u017cdy czwarty pi\u0105tek miesi\u0105ca o godz. 19.00.<\/strong><\/li>\n<\/ol>\n","protected":false},"excerpt":{"rendered":"<p>I.\u00a0\u00a0 \u00a0O Chrzcie \u015awi\u0119tym \u201eZaprawd\u0119, zaprawd\u0119, powiadam ci, je\u015bli si\u0119 kto\u015b nie narodzi z wody i z Ducha, nie mo\u017ce wej\u015b\u0107 do kr\u00f3lestwa Bo\u017cego\u201d. (J 3,5) Chrzest jest pierwszym (bez &#8230;<\/p>\n","protected":false},"author":7,"featured_media":0,"parent":150,"menu_order":1,"comment_status":"closed","ping_status":"closed","template":"","meta":[],"_links":{"self":[{"href":"http:\/\/www.mbnp.archidiecezja.wroc.pl\/index.php?rest_route=\/wp\/v2\/pages\/152"}],"collection":[{"href":"http:\/\/www.mbnp.archidiecezja.wroc.pl\/index.php?rest_route=\/wp\/v2\/pages"}],"about":[{"href":"http:\/\/www.mbnp.archidiecezja.wroc.pl\/index.php?rest_route=\/wp\/v2\/types\/page"}],"author":[{"embeddable":true,"href":"http:\/\/www.mbnp.archidiecezja.wroc.pl\/index.php?rest_route=\/wp\/v2\/users\/7"}],"replies":[{"embeddable":true,"href":"http:\/\/www.mbnp.archidiecezja.wroc.pl\/index.php?rest_route=%2Fwp%2Fv2%2Fcomments&post=152"}],"version-history":[{"count":19,"href":"http:\/\/www.mbnp.archidiecezja.wroc.pl\/index.php?rest_route=\/wp\/v2\/pages\/152\/revisions"}],"predecessor-version":[{"id":1273,"href":"http:\/\/www.mbnp.archidiecezja.wroc.pl\/index.php?rest_route=\/wp\/v2\/pages\/152\/revisions\/1273"}],"up":[{"embeddable":true,"href":"http:\/\/www.mbnp.archidiecezja.wroc.pl\/index.php?rest_route=\/wp\/v2\/pages\/150"}],"wp:attachment":[{"href":"http:\/\/www.mbnp.archidiecezja.wroc.pl\/index.php?rest_route=%2Fwp%2Fv2%2Fmedia&parent=152"}],"curies":[{"name":"wp","href":"https:\/\/api.w.org\/{rel}","templated":true}]}}