{"id":145,"date":"2015-11-21T17:21:00","date_gmt":"2015-11-21T16:21:00","guid":{"rendered":"http:\/\/serwer1527024.home.pl\/pub\/wordpress\/?page_id=145"},"modified":"2019-08-19T15:38:08","modified_gmt":"2019-08-19T13:38:08","slug":"wspolnota-rozancowa","status":"publish","type":"page","link":"http:\/\/www.mbnp.archidiecezja.wroc.pl\/?page_id=145","title":{"rendered":"Wsp\u00f3lnota R\u00f3\u017ca\u0144cowa"},"content":{"rendered":"<h3>Stowarzyszenie \u017bywego R\u00f3\u017ca\u0144ca oraz Nieustannego R\u00f3\u017ca\u0144ca Papieskiego<\/h3>\n<figure id=\"attachment_1119\" aria-describedby=\"caption-attachment-1119\" style=\"width: 191px\" class=\"wp-caption alignleft\"><a href=\"http:\/\/www.mbnp.archidiecezja.wroc.pl\/wp-content\/uploads\/2015\/11\/rozaniec_paulina.jpg\" rel=\"lightbox[145]\"><img decoding=\"async\" loading=\"lazy\" class=\"wp-image-1119 size-full\" src=\"http:\/\/www.mbnp.archidiecezja.wroc.pl\/wp-content\/uploads\/2015\/11\/rozaniec_paulina.jpg\" alt=\"rozaniec_paulina\" width=\"191\" height=\"250\" \/><\/a><figcaption id=\"caption-attachment-1119\" class=\"wp-caption-text\">Matka \u017bywego R\u00f3\u017ca\u0144ca &#8211; s\u0142uga Bo\u017ca Paulina Jaricot<\/figcaption><\/figure>\n<p style=\"text-align: right;\"><em>\u201eKocha\u0142am Jezusa Chrystusa ponad wszystko na ziemi i z mi\u0142o\u015bci ku Niemu bardziej ni\u017c sam\u0105 siebie kocha\u0142am wszystkich, kt\u00f3rzy byli obci\u0105\u017ceni prac\u0105 lub cierpieniem\u201d.<\/em><br \/>\n(s\u0142uga Bo\u017ca Paulina Jaricot)<\/p>\n<p style=\"text-indent: 1cm;\">W ci\u0105gu kilku lat sta\u0142a si\u0119 jedn\u0105 z najwi\u0119kszych postaci Ko\u015bcio\u0142a w XIX w. Chcia\u0142a ratowa\u0107 \u015bwiat. Za\u0142o\u017cy\u0142a wielkie Dzie\u0142a Rozkrzewiania Wiary, w tym \u017bywy R\u00f3\u017caniec (1826r.), kt\u00f3re papie\u017c Pius XI w 1922 r. uczyni\u0142 Papieskimi Dzie\u0142ami Rozkrzewiania Wiary (PDRW). Stwierdzaj\u0105c heroiczno\u015b\u0107 cn\u00f3t Pauliny Jaricot papie\u017c Jan XXIII og\u0142osi\u0142 j\u0105 S\u0142ug\u0105 Bo\u017c\u0105 25 lutego 1963 r.<\/p>\n<p style=\"text-indent: 1cm;\">09.01.2016 r. min\u0119\u0142a 154 r. \u015bmierci S\u0142ugi Bo\u017cej Pauliny. M\u00f3dlmy si\u0119 o cud za Jej wstawiennictwem i Jej rych\u0142\u0105 beatyfikacj\u0119.<\/p>\n<p style=\"text-indent: 1cm;\"><strong>Nasza Wsp\u00f3lnota rozpocz\u0119\u0142a swoj\u0105 dzia\u0142alno\u015b\u0107 na pocz\u0105tku lat osiemdziesi\u0105tych, w Muchoborze Wielkim.<\/strong> Z chwil\u0105 powstania naszej parafii mieli\u015bmy ju\u017c kilka R\u00f3\u017c. Na przestrzeni lat zawi\u0105zywa\u0142y si\u0119 kolejne. Do maja 2007 r. by\u0142o 10 R\u00f3\u017c, a ka\u017cda liczy\u0142a 15 os\u00f3b. Kiedy Ojciec \u015aw. Jan Pawe\u0142 II ustanowi\u0142 IV cz\u0119\u015b\u0107 R\u00f3\u017ca\u0144ca rozwi\u0105zano jedn\u0105 R\u00f3\u017c\u0119, aby uzupe\u0142ni\u0107 pozosta\u0142e, kt\u00f3re powinny liczy\u0107 po 20 os\u00f3b. <strong>Od 9 maja 2010 r. jest 8 R\u00f3\u017c: 1 m\u0119ska,6 \u017ce\u0144skich, 1 mieszana.<\/strong> Niestety nie wszystkie s\u0105 pe\u0142ne, gdy\u017c osoby choruj\u0105, umieraj\u0105, wyje\u017cd\u017caj\u0105, a trudno znale\u017a\u0107 ch\u0119tnych do podj\u0119cia tego modlitewnego trudu \u2013 <strong>obecnie liczymy 147 os\u00f3b.<\/strong><\/p>\n<p style=\"text-indent: 1cm;\">Ka\u017cda R\u00f3\u017ca ma swojego Patrona. R\u00f3\u017ca I-\u015aw.Franciszek z Asy\u017cu (liczy 19 os\u00f3b), R. II-\u015aw.El\u017cbieta (14 os\u00f3b), R. III-\u015aw.Jadwiga (19 os\u00f3b), R. IV-\u015aw.Stanis\u0142aw Kostka (19 os\u00f3b), R. V-\u015aw.J\u00f3zef (20 os\u00f3b), R.VI-\u015aw.Antoni Padewski (20 os\u00f3b), R.VII-\u015aw.Ojciec Pio (18 os\u00f3b), R.VIII-\u015aw.Krzysztof (18 os\u00f3b). Na czele ka\u017cdej R\u00f3\u017cy jest zelator i dw\u00f3ch zast\u0119pc\u00f3w, kt\u00f3rzy wsp\u00f3\u0142pracuj\u0105 z zelatork\u0105 g\u0142\u00f3wn\u0105. <strong>Od 6.09.2009 r. jest ni\u0105 Bernardyna Krzy\u017co\u015b.<\/strong> <strong>Opiek\u0119 duchow\u0105 pe\u0142ni ks. proboszcz Zbigniew Orda.<\/strong> W ka\u017cd\u0105 <strong>I niedziel\u0119 miesi\u0105ca o 17.00 jest zmiana Tajemnic R\u00f3\u017ca\u0144cowych<\/strong>, kt\u00f3re prowadzi przewa\u017cnie ks.Proboszcz. Po wsp\u00f3lnej modlitwie, om\u00f3wieniu intencji i po\u015bwi\u0119ceniu tajemnic zelatorka przedstawia og\u0142oszenia. S\u0105 to informacje o podejmowanych inicjatywach, o zam\u00f3wionych Mszach \u015aw., o rocznicach i \u015bwi\u0119tach, o mo\u017cliwo\u015bci uzyskania odpustu, o \u015bmierci i pogrzebie cz\u0142onk\u00f3w \u017bywego R\u00f3\u017ca\u0144ca, przedstawia nowe osoby wst\u0119puj\u0105ce do Wsp\u00f3lnoty, koordynuje zbieranie sk\u0142adek, rozdzielanie ich, wspieranie misji, mo\u017cliwo\u015bci uczestniczenia w pielgrzymkach, procesjach,czuwaniach i adoracjach modlitewnych oraz innych inicjatywach w ko\u015bciele.<\/p>\n<p style=\"text-indent: 1cm;\"><strong>W I sobot\u0119 grudnia 2008r. zainicjowali\u015bmy Msze \u015bwi\u0119te wynagradzaj\u0105ce Naj\u015bwi\u0119tszemu Sercu Pana Jezusa i Niepokalanemu Sercu Maryi.<\/strong> O modlitw\u0119 zado\u015b\u0107uczynienia prosi\u0142a Maryja siostr\u0119 \u0141ucj\u0119 podczas objawie\u0144 10.12.1925r. Obieca\u0142a w\u00f3wczas: <em>&#8222;Przyb\u0119d\u0119 w godzin\u0119 \u015bmierci z \u0142askami potrzebnymi do zbawienia do wszystkich, kt\u00f3rzy przez pi\u0119\u0107 miesi\u0119cy w pierwsze soboty odprawi\u0105 spowied\u017a, przyjm\u0105 Komuni\u0119 \u015bwi\u0119t\u0105, odm\u00f3wi\u0105 jeden r\u00f3\u017caniec i przez pi\u0119tna\u015bcie minut rozmy\u015blania nad pi\u0119tnastu tajemnicami r\u00f3\u017ca\u0144cowymi towarzyszy\u0107 mi b\u0119d\u0105 w intencji zado\u015b\u0107uczynienia&#8221;. <\/em><strong>W ka\u017cd\u0105 I sobot\u0119 miesi\u0105ca po mszy \u015bwi\u0119tej o godz. 7.00<\/strong> odmawiamy r\u00f3\u017caniec fatimski wynagradzaj\u0105cy Niepokalanemu Sercu Maryi za grzechy ca\u0142ego \u015bwiata. W czerwcu 2009r. w\u0142\u0105czyli\u015bmy si\u0119 w modlitw\u0119 Wielkiej Nowenny Fatimskiej, kt\u00f3ra trwa\u0107 b\u0119dzie do 2017 r. (stulecie Objawie\u0144). Opr\u00f3cz spowiedzi, Komunii \u015aw. i r\u00f3\u017ca\u0144ca wynagradzaj\u0105cego Niepokalanemu Sercu Maryi odmawiamy raz w tygodniu modlitw\u0119 Wielkiej Nowenny Fatimskiej wg s\u0142\u00f3w aktu zawierzenia Jana Paw\u0142a II z 1984r.<\/p>\n<p style=\"text-indent: 1cm;\">Swoj\u0105 modlitw\u0105 obejmujemy ca\u0142y Ko\u015bci\u00f3\u0142 \u015awi\u0119ty, intencje og\u00f3lne i misyjne Ojca \u015awi\u0119tego, kap\u0142an\u00f3w, nasze rodziny i przyjaci\u00f3\u0142, chorych, cierpi\u0105cych, zagubionych, dzieci i m\u0142odzie\u017c oraz zmar\u0142ych. Po\u015br\u00f3d nas jest wiele os\u00f3b, kt\u00f3re codziennie uczestnicz\u0105 we Mszy \u015aw. <strong>W ka\u017cdy czwartek tygodnia zbiera si\u0119 grupa os\u00f3b po Mszy \u015aw. porannej przed obrazem Pana Jezusa Mi\u0142osiernego<\/strong>, aby odmawia\u0107 Koronk\u0119 do Mi\u0142osierdzia Bo\u017cego w int. Ojca \u015aw., kap\u0142an\u00f3w, nowych powo\u0142a\u0144, naszych rodzin, za chorych, cierpi\u0105cych oraz zmar\u0142ych. Obejmujemy czuwaniem modlitewnym wszelkie adoracje, procesje, czuwania dekanalne, wieczyste, wielkopostne. Wspieramy inicjatywy innych Wsp\u00f3lnot, np. uczestniczymy w Drodze Krzy\u017cowej ulicami osiedla, opiekujemy si\u0119 nagrobkiem zmar\u0142ego pierwszego proboszcza \u2013 ks. pra\u0142ata Franciszka Skorusy, do\u0142\u0105czamy do pielgrzymek.<\/p>\n<p style=\"text-indent: 1cm;\">Ka\u017cdego roku, <strong>w uroczysto\u015b\u0107 Zwiastowania Naj\u015bwi\u0119tszej Maryi Panny wielu cz\u0142onk\u00f3w podejmuje duchow\u0105 adopcj\u0119 dziecka pocz\u0119tego<\/strong>, kt\u00f3ra trwa 9 miesi\u0119cy. W pa\u017adzierniku 2011r. <strong>21 os\u00f3b z\u00a0 \u017bywego R\u00f3\u017ca\u0144ca w\u0142\u0105czy\u0142o si\u0119 w modlitw\u0119 Krucjaty R\u00f3\u017ca\u0144cowej za Ojczyzn\u0119.<\/strong> Od 11.11.2014r. co miesi\u0105c zamawiamy msz\u0119 \u015bwi\u0119t\u0105 w intencji Ojczyzny.<\/p>\n<p style=\"text-indent: 1cm;\">Mamy wielki szacunek dla naszych kap\u0142an\u00f3w, opr\u00f3cz codziennej modlitwy osobistej i czwartkowej <strong>zamawiamy Msze \u015bw. Imieninowe i Jubileuszowe<\/strong> dzi\u0119kuj\u0105c Panu Bogu za Ich powo\u0142anie i pos\u0142ug\u0119 w naszej parafii.<\/p>\n<p style=\"text-indent: 1cm;\"><strong>Pismem formacyjnym jest miesi\u0119cznik &#8222;R\u00f3\u017caniec&#8221;<\/strong>, kt\u00f3rego red. naczelnym jest ks. Szymon Mucha. Jest on tw\u00f3rc\u0105\u00a0 konspektu spotka\u0144 i &#8222;zmiany tajemnic&#8221;, aby by\u0142y ujednolicone w ca\u0142ej Polsce. Od 2012r. ks. Szymon jest tak\u017ce Krajowym Moderatorem \u017bywego R\u00f3\u017ca\u0144ca. Przyczyni\u0142 si\u0119 do uporz\u0105dkowania r\u00f3\u017cnic w Ko\u0142ach R\u00f3\u017ca\u0144cowych w Polsce. Podczas obrad konferencji Episkopatu Polski w pa\u017adzierniku 2012r. zosta\u0142 powo\u0142any <strong>delegat Episkopatu d\/s Stowarzyszenia \u017bywego R\u00f3\u017ca\u0144ca &#8211; ks. arcybiskup Wac\u0142aw Depo.<\/strong> W Roku Wiary zosta\u0142 wydany statut \u017bywego R\u00f3\u017ca\u0144ca, w kt\u00f3rym s\u0105 zawarte prawa i obowi\u0105zki jego cz\u0142onk\u00f3w. Tak\u017ce w tym roku powsta\u0142 Hymn \u017bywego R\u00f3\u017ca\u0144ca, kt\u00f3rego s\u0142owa napisa\u0142 bp. J. Zawitkowski a muzyk\u0119 ks. W. K\u0105dziela. Od 01.06.2013r. odbywaj\u0105 si\u0119 Og\u00f3lnopolskie Pielgrzymki \u017bywego R\u00f3\u017ca\u0144ca na Jasn\u0105 G\u00f3r\u0119, w pierwsz\u0105 sobot\u0119 czerwca. Nasza Wsp\u00f3lnota uczestniczy\u0142a w I i II pielgrzymce, a <strong>we wrze\u015bniu 2015r. zorganizowali\u015bmy\u00a0 wyjazd do Barda \u015al\u0105skiego do\u0142\u0105czaj\u0105c do III Diecezjalnej Pielgrzymki \u017bywego R\u00f3\u017ca\u0144ca.<\/strong><\/p>\n<p><a href=\"http:\/\/www.mbnp.archidiecezja.wroc.pl\/wp-content\/uploads\/2015\/11\/DSC02325.jpg\" rel=\"lightbox[145]\"><img decoding=\"async\" loading=\"lazy\" class=\"alignleft wp-image-1396 size-medium\" src=\"http:\/\/www.mbnp.archidiecezja.wroc.pl\/wp-content\/uploads\/2015\/11\/DSC02325-e1457968240327-201x300.jpg\" alt=\"SONY DSC\" width=\"201\" height=\"300\" srcset=\"http:\/\/www.mbnp.archidiecezja.wroc.pl\/wp-content\/uploads\/2015\/11\/DSC02325-e1457968240327-201x300.jpg 201w, http:\/\/www.mbnp.archidiecezja.wroc.pl\/wp-content\/uploads\/2015\/11\/DSC02325-e1457968240327-685x1024.jpg 685w\" sizes=\"(max-width: 201px) 100vw, 201px\" \/><\/a><\/p>\n<p style=\"text-indent: 1cm;\">W 2014r. zosta\u0142y zakupione i wypisane legitymacje dla wszystkich Cz\u0142onk\u00f3w Stowarzyszenia. <strong>7.10.2014r. w \u015bwi\u0119to Kr\u00f3lowej R\u00f3\u017ca\u0144ca \u015awi\u0119tego, po Mszy \u015awi\u0119tej wieczornej by\u0142y one\u00a0 uroczy\u015bcie wr\u0119czone przez ks. kanonika Zbigniewa Ord\u0119 <\/strong>cz\u0142onkom naszej Wsp\u00f3lnoty. Uroczysto\u015b\u0107 odby\u0142a si\u0119 w auli Domu Parafialnego przy kawie, herbacie i w\u0142asnor\u0119cznych wypiekach.<\/p>\n<p style=\"text-indent: 1cm;\">W pa\u017adzierniku 2015r. przyjecha\u0142a do naszego ko\u015bcio\u0142a z dalekiej Fatimy upragniona figura Matki Bo\u017cej, kt\u00f3ra zosta\u0142a uroczy\u015bcie wniesiona w dniu 8 grudnia, w uroczysto\u015b\u0107 Niepokalanego Pocz\u0119cia NMP, przez sze\u015bciu uczestnik\u00f3w pielgrzymki, kt\u00f3rzy j\u0105 zakupili. <strong>Od 13 maja 2016r. b\u0119d\u0105 si\u0119 odbywa\u0142y w naszym ko\u015bciele Nabo\u017ce\u0144stwa Fatimskie z procesyjnie niesion\u0105 figur\u0105 Matki Bo\u017cej.<\/strong><\/p>\n<figure id=\"attachment_1124\" aria-describedby=\"caption-attachment-1124\" style=\"width: 648px\" class=\"wp-caption aligncenter\"><a href=\"http:\/\/www.mbnp.archidiecezja.wroc.pl\/wp-content\/uploads\/2015\/11\/Wspolnota_Rozancowa_-2008.jpg\" rel=\"lightbox[145]\"><img decoding=\"async\" loading=\"lazy\" class=\"wp-image-1124 size-large\" src=\"http:\/\/www.mbnp.archidiecezja.wroc.pl\/wp-content\/uploads\/2015\/11\/Wspolnota_Rozancowa_-2008-1024x768.jpg\" alt=\"Wspolnota_Rozancowa_ 2008\" width=\"648\" height=\"486\" srcset=\"http:\/\/www.mbnp.archidiecezja.wroc.pl\/wp-content\/uploads\/2015\/11\/Wspolnota_Rozancowa_-2008-1024x768.jpg 1024w, http:\/\/www.mbnp.archidiecezja.wroc.pl\/wp-content\/uploads\/2015\/11\/Wspolnota_Rozancowa_-2008-300x225.jpg 300w, http:\/\/www.mbnp.archidiecezja.wroc.pl\/wp-content\/uploads\/2015\/11\/Wspolnota_Rozancowa_-2008.jpg 1600w\" sizes=\"(max-width: 648px) 100vw, 648px\" \/><\/a><figcaption id=\"caption-attachment-1124\" class=\"wp-caption-text\">Wsp\u00f3lnota \u017bywego R\u00f3\u017ca\u0144ca w 2008 r.<\/figcaption><\/figure>\n","protected":false},"excerpt":{"rendered":"<p>Stowarzyszenie \u017bywego R\u00f3\u017ca\u0144ca oraz Nieustannego R\u00f3\u017ca\u0144ca Papieskiego \u201eKocha\u0142am Jezusa Chrystusa ponad wszystko na ziemi i z mi\u0142o\u015bci ku Niemu bardziej ni\u017c sam\u0105 siebie kocha\u0142am wszystkich, kt\u00f3rzy byli obci\u0105\u017ceni prac\u0105 lub &#8230;<\/p>\n","protected":false},"author":7,"featured_media":0,"parent":87,"menu_order":14,"comment_status":"closed","ping_status":"closed","template":"","meta":[],"_links":{"self":[{"href":"http:\/\/www.mbnp.archidiecezja.wroc.pl\/index.php?rest_route=\/wp\/v2\/pages\/145"}],"collection":[{"href":"http:\/\/www.mbnp.archidiecezja.wroc.pl\/index.php?rest_route=\/wp\/v2\/pages"}],"about":[{"href":"http:\/\/www.mbnp.archidiecezja.wroc.pl\/index.php?rest_route=\/wp\/v2\/types\/page"}],"author":[{"embeddable":true,"href":"http:\/\/www.mbnp.archidiecezja.wroc.pl\/index.php?rest_route=\/wp\/v2\/users\/7"}],"replies":[{"embeddable":true,"href":"http:\/\/www.mbnp.archidiecezja.wroc.pl\/index.php?rest_route=%2Fwp%2Fv2%2Fcomments&post=145"}],"version-history":[{"count":15,"href":"http:\/\/www.mbnp.archidiecezja.wroc.pl\/index.php?rest_route=\/wp\/v2\/pages\/145\/revisions"}],"predecessor-version":[{"id":3876,"href":"http:\/\/www.mbnp.archidiecezja.wroc.pl\/index.php?rest_route=\/wp\/v2\/pages\/145\/revisions\/3876"}],"up":[{"embeddable":true,"href":"http:\/\/www.mbnp.archidiecezja.wroc.pl\/index.php?rest_route=\/wp\/v2\/pages\/87"}],"wp:attachment":[{"href":"http:\/\/www.mbnp.archidiecezja.wroc.pl\/index.php?rest_route=%2Fwp%2Fv2%2Fmedia&parent=145"}],"curies":[{"name":"wp","href":"https:\/\/api.w.org\/{rel}","templated":true}]}}