{"id":143,"date":"2015-11-21T17:20:17","date_gmt":"2015-11-21T16:20:17","guid":{"rendered":"http:\/\/serwer1527024.home.pl\/pub\/wordpress\/?page_id=143"},"modified":"2016-02-27T11:14:02","modified_gmt":"2016-02-27T10:14:02","slug":"wspolnota-odnowy-w-duchu-swietym","status":"publish","type":"page","link":"http:\/\/www.mbnp.archidiecezja.wroc.pl\/?page_id=143","title":{"rendered":"Wsp\u00f3lnota Odnowy w Duchu \u015awi\u0119tym"},"content":{"rendered":"<p style=\"text-indent: 1cm;\"><strong>Wsp\u00f3lnota EMMANUEL istnieje w naszej parafii od 1992 roku.<\/strong> Jednak dwa lata wcze\u015bniej, w roku 1990, w spos\u00f3b do\u015b\u0107 nieoczekiwany Pan Jezus po\u0142\u0105czy\u0142 kilka os\u00f3b, kt\u00f3re nosi\u0142y w swoich sercach te same pragnienia: g\u0142\u0119bsze poznanie Boga oraz ch\u0119\u0107 przemiany swojego \u017cycia.<\/p>\n<p style=\"text-indent: 1cm;\">Najpierw by\u0142y spotkania w domach, w czasie kt\u00f3rych otwierali\u015bmy swoje serca i uszy na g\u0142os Bo\u017cy, potem pierwsze seminarium Odnowy w Duchu \u015awi\u0119tym w parafii \u015bw. Karola Boromeusza przy ul. Kruczej. Latem wi\u0119kszo\u015b\u0107 z nas uczestniczy\u0142a w rekolekcjach w Kro\u015bcienku. Owocem tego by\u0142o poznanie mi\u0142o\u015bci Boga prowadz\u0105cej do odkrycia: JESTEM KOCHANY, JESTEM JEGO DZIECKIEM UMI\u0141OWANYM oraz da\u0142o nam do\u015bwiadczenie g\u0142\u0119boko uzdrawiaj\u0105cej mocy Bo\u017cej Mi\u0142o\u015bci. Niejako naturaln\u0105 tego konsekwencj\u0105 by\u0142o pragnienie dzielenia si\u0119 tym, co prze\u017cyli\u015bmy i do\u015bwiadczyli\u015bmy z innymi lud\u017ami oraz zaproszenie ich do osobistego spotkania z Jezusem. Tak powsta\u0142a wsp\u00f3lnota, kt\u00f3ra przyj\u0119\u0142a imi\u0119 EMMANUEL.<br \/>\nOd pocz\u0105tku dniem naszych spotka\u0144 by\u0142 wtorek po Mszy \u015aw. i tak jest do dzisiaj. Od pocz\u0105tku te\u017c s\u0142owa Jezusa z Ewangelii \u015bw. Mateusza by\u0142y dla nas nieustannym zaproszeniem:<\/p>\n<p style=\"text-align: center;\"><strong><em>&#8222;Przyjd\u017acie do mnie wszyscy, kt\u00f3rzy utrudzeni i udr\u0119czeni i jeste\u015bcie, a Ja was pokrzepi\u0119&#8221;<\/em> (Mt 11, 28)<\/strong><\/p>\n<p>Spotykamy si\u0119 wi\u0119c ze wzgl\u0119du na Jezusa, chcemy ofiarowa\u0107 mu cz\u0105stk\u0119 darowanego nam czasu, chcemy uwielbia\u0107 Boga, oddawa\u0107 Mu chwa\u0142\u0119 i cze\u015b\u0107, zawierza\u0107 mu siebie, m\u00f3wi\u0107 Mu o swoich problemach, do\u015bwiadcza\u0107 Jego mi\u0142o\u015bci i mocy. Umacniamy si\u0119 w wierze przez g\u0142\u0119bsze poznawanie S\u0142owa Bo\u017cego, katechezy oparte o to S\u0142owo, kt\u00f3re g\u0142osz\u0105 osoby \u015bwieckie i ksi\u0119\u017ca oraz przez dawanie \u015bwiadectwa tego, jak B\u00f3g dzia\u0142a w naszym \u017cyciu.<\/p>\n<p style=\"text-indent: 1cm;\"><strong>W roku szkolnym opr\u00f3cz spotka\u0144 wtorkowych spotykamy si\u0119 co dwa tygodnie w Ma\u0142ych Grupach Dzielenia.<\/strong> Pozwala nam to uczy\u0107 si\u0119, jak budowa\u0107 relacje z bra\u0107mi i siostrami, jak wzajemnie sobie przebacza\u0107, jak doceni\u0107 inno\u015b\u0107 drugiego cz\u0142owieka. Oczywi\u015bcie wszystkie te &#8222;skarby&#8221; staramy si\u0119 nie\u015b\u0107 dalej, do naszych rodzin, szko\u0142y, miejsc pracy i wsz\u0119dzie tam, gdzie B\u00f3g nas posy\u0142a. Tak bowiem odczytujemy nasz\u0105 misj\u0119 EWANGELIZACJI. Dlatego te\u017c ju\u017c od kilku lat w naszej parafii organizujemy SEMINARIA POG\u0141\u0118BIENIA WIARY, kt\u00f3re kolejno prowadzili znani duszpasterze wroc\u0142awscy: ks. prof. A. Siemieniewski, ks. S. Orzechowski, ks. M. Mali\u0144ski, ks. Grzegorz Laszczy\u0144ski, Tomek Piechnik i Wsp\u00f3lnota &#8222;Hallelujah&#8221;. Ostatnie seminarium prowadzi\u0142 ks. Grzegorz Michalski. Wsp\u00f3lnota w\u0142\u0105cza si\u0119 tak\u017ce w cykl przygotowa\u0144 m\u0142odzie\u017cy do sakramentu bierzmowania w styczniu, kiedy kap\u0142ani odwiedzaj\u0105 rodziny z parafii w ramach tzw. kol\u0119dy.<\/p>\n<p style=\"text-indent: 1cm;\">Nasza Wsp\u00f3lnota jest w KOORDYNACJI WSP\u00d3LNOT ODNOWY W DUCHU \u015aWI\u0118TYM, kt\u00f3rej liderem \u015bwieckim jest Micha\u0142 Zdunek, a duchownym ks. Wojciech Ja\u015bkiewicz.<\/p>\n<p style=\"text-indent: 1cm;\"><strong>Aktualnie liderem wsp\u00f3lnoty jest Alicja \u015aciegienko, a opiekunem z ramienia Ko\u015bcio\u0142a &#8211; ks. Tomasz G\u0142odowicz.<\/strong> Pierwszym liderem \u015bwieckim by\u0142 Wacek Jakacki, potem &#8211; Jacek Jureczko.<\/p>\n<p style=\"text-indent: 1cm;\">Pierwszym opiekunem z ramienia ko\u015bcio\u0142a by\u0142 ks. Grzegorz Potrykus (aktualnie na misjach w Hiszpanii), nast\u0119pnie kolejno ks. Krzysztof Hajdun, ks. Darek Cedro, ks. Andrzej Paliszek, ks. Marcin Maciuk, ks. Pawe\u0142 Szerlowski.<\/p>\n<h4 style=\"text-align: center;\"><strong>Wsp\u00f3lnota &#8222;Emmanuel&#8221; zaprasza na spotkania modlitewne wszystkich, kt\u00f3rzy pragn\u0105 o\u017cywi\u0107 i pog\u0142\u0119bi\u0107 swoj\u0105 relacj\u0119 z Bogiem Ojcem, z Jezusem i z Duchem \u015awi\u0119tym!<\/strong><\/h4>\n<hr \/>\n<p><strong>\u015aWIADECTWO:<\/strong><\/p>\n<p style=\"text-indent: 1cm;\"><em>Tu\u017c po \u015blubie zamieszka\u0142am w dzielnicy Muchob\u00f3r Ma\u0142y i z wielkim ci\u0119\u017carem w sercu przyj\u0119\u0142am fakt braku parafii, a przede wszystkim braku \u015bwi\u0105tyni. M\u0119czy\u0142a mnie obawa, jak wychowa\u0107 dzieci z dala od parafii. Z czasem, pomimo wielu trudno\u015bci, przy pomocy Boga i ludzi zosta\u0142a zbudowana kaplica, powsta\u0142a parafia, a potem zosta\u0142 zbudowany ko\u015bci\u00f3\u0142. Z czasem parafia o\u017cywia\u0142a si\u0119, powstawa\u0142y wsp\u00f3lnoty.<\/em><\/p>\n<p style=\"text-indent: 1cm;\"><em>Tak si\u0119 z\u0142o\u017cy\u0142o, \u017ce zosta\u0142am zaproszona na spotkanie rodz\u0105cej si\u0119 Wsp\u00f3lnoty Odnowy w Duchu \u015awi\u0119tym. Od dawna nosi\u0142am w sercu pragnienie g\u0142\u0119bszego poznawania Boga, pog\u0142\u0119biania wiary i osobistej relacji z Bogiem. Po kilku spotkaniach modlitewnych by\u0142am prawie pewna, \u017ce jest to ta \u0142aska, kt\u00f3rej pragn\u0119\u0142am. Modlitwa spontaniczna, \u015bpiew uwielbienia Boga poruszy\u0142y moim wn\u0119trzem. Nie zra\u017caj\u0105c si\u0119 trudno\u015bciami i pokusami, jakie w takich sytuacjach zazwyczaj bywaj\u0105, trwa\u0142am we wsp\u00f3lnocie i trwam w niej do dzisiaj.<\/em><\/p>\n<p style=\"text-indent: 1cm;\"><em>Czytanie i rozwa\u017canie Pisma \u015awi\u0119tego, katechezy, \u015bwiadectwa innych cz\u0142onk\u00f3w wsp\u00f3lnoty pomagaj\u0105 mi w g\u0142\u0119bszym zrozumieniu mojej wiary i by\u0142y pomoc\u0105 w rozwi\u0105zywaniu powa\u017cnych problem\u00f3w duchowych. Uczestniczenie w seminariach i rekolekcjach zbli\u017cy\u0142o mnie do innych ludzi i zaowocowa\u0142o moj\u0105 wewn\u0119trzn\u0105 przemian\u0105. Zmieni\u0142 si\u0119 m\u00f3j stosunek do siebie i drugich ludzi. Ucz\u0119 si\u0119 mi\u0142o\u015bci i pokory, ucz\u0119 si\u0119 dostrzega\u0107 dobro w innych osobach. Wiem, \u017ce nie zawsze mi si\u0119 to udaje, ale dla Boga licz\u0105 si\u0119 intencje. Bardzo wa\u017cne jest dla mnie to, \u017ce nauczy\u0142am si\u0119 wszystkie sprawy osobiste, rodzinne i inne zawierza\u0107 przede wszystkim Panu Bogu, a potem dopiero w\u0142asnym wysi\u0142kom. Obecno\u015b\u0107 kap\u0142an\u00f3w, naszych duchowych opiekun\u00f3w na spotkaniach daje mi poczucie bezpiecze\u0144stwa, je\u015bli chodzi o kierunek formacji.<\/em><\/p>\n<p style=\"text-align: right;\">Janina<\/p>\n","protected":false},"excerpt":{"rendered":"<p>Wsp\u00f3lnota EMMANUEL istnieje w naszej parafii od 1992 roku. Jednak dwa lata wcze\u015bniej, w roku 1990, w spos\u00f3b do\u015b\u0107 nieoczekiwany Pan Jezus po\u0142\u0105czy\u0142 kilka os\u00f3b, kt\u00f3re nosi\u0142y w swoich sercach &#8230;<\/p>\n","protected":false},"author":7,"featured_media":0,"parent":87,"menu_order":13,"comment_status":"closed","ping_status":"closed","template":"","meta":[],"_links":{"self":[{"href":"http:\/\/www.mbnp.archidiecezja.wroc.pl\/index.php?rest_route=\/wp\/v2\/pages\/143"}],"collection":[{"href":"http:\/\/www.mbnp.archidiecezja.wroc.pl\/index.php?rest_route=\/wp\/v2\/pages"}],"about":[{"href":"http:\/\/www.mbnp.archidiecezja.wroc.pl\/index.php?rest_route=\/wp\/v2\/types\/page"}],"author":[{"embeddable":true,"href":"http:\/\/www.mbnp.archidiecezja.wroc.pl\/index.php?rest_route=\/wp\/v2\/users\/7"}],"replies":[{"embeddable":true,"href":"http:\/\/www.mbnp.archidiecezja.wroc.pl\/index.php?rest_route=%2Fwp%2Fv2%2Fcomments&post=143"}],"version-history":[{"count":5,"href":"http:\/\/www.mbnp.archidiecezja.wroc.pl\/index.php?rest_route=\/wp\/v2\/pages\/143\/revisions"}],"predecessor-version":[{"id":1117,"href":"http:\/\/www.mbnp.archidiecezja.wroc.pl\/index.php?rest_route=\/wp\/v2\/pages\/143\/revisions\/1117"}],"up":[{"embeddable":true,"href":"http:\/\/www.mbnp.archidiecezja.wroc.pl\/index.php?rest_route=\/wp\/v2\/pages\/87"}],"wp:attachment":[{"href":"http:\/\/www.mbnp.archidiecezja.wroc.pl\/index.php?rest_route=%2Fwp%2Fv2%2Fmedia&parent=143"}],"curies":[{"name":"wp","href":"https:\/\/api.w.org\/{rel}","templated":true}]}}