{"id":141,"date":"2015-11-21T17:19:37","date_gmt":"2015-11-21T16:19:37","guid":{"rendered":"http:\/\/serwer1527024.home.pl\/pub\/wordpress\/?page_id=141"},"modified":"2025-11-09T12:51:24","modified_gmt":"2025-11-09T11:51:24","slug":"swietlica-srodowiskowa","status":"publish","type":"page","link":"http:\/\/www.mbnp.archidiecezja.wroc.pl\/?page_id=141","title":{"rendered":"Centrum Rozwoju Dzieci i M\u0142odzie\u017cy"},"content":{"rendered":"<p style=\"text-align: left;\">Centrum Rozwoju Dzieci i M\u0142odzie\u017cy MUCHOBOREK , z przyczyn niezale\u017cnych od Parafii, po wielu latach funkcjonowania zako\u0144czy\u0142o swoj\u0105 dzia\u0142alno\u015b\u0107 w 2017roku. To miejsce by\u0142o czynne <strong>przez ca\u0142y rok<\/strong>, nie wy\u0142\u0105czaj\u0105c wakacji (bez pierwszych dw\u00f3ch tygodni sierpnia) i ferii zimowych. Centrum by\u0142o otwarte w <strong>dni robocze od godziny 15.00 do 19.00.<\/strong> Codzienne organizowane by\u0142y\u00a0 zaj\u0119cia tematyczne oraz pomoc w odrabianiu lekcji. Ka\u017cdego dnia przygotowywany by\u0142 te\u017c <strong>posi\u0142ek w formie podwieczorku<\/strong>. Organizowano ciekawe wyj\u015bcia na warsztaty, do\u00a0 r\u00f3\u017cnych miejsca kultury, w tym kina itp. <strong>Pobyt w naszym Centrum by\u0142 bezp\u0142atny<\/strong>.<\/p>\n<p><a href=\"http:\/\/www.mbnp.archidiecezja.wroc.pl\/wp-content\/uploads\/2015\/11\/CRDiM_1.jpg\" rel=\"lightbox[141]\"><img decoding=\"async\" loading=\"lazy\" class=\"padding_images alignleft wp-image-558 size-medium\" src=\"http:\/\/www.mbnp.archidiecezja.wroc.pl\/wp-content\/uploads\/2015\/11\/CRDiM_1-300x200.jpg\" alt=\"CRDiM_1\" width=\"300\" height=\"200\" srcset=\"http:\/\/www.mbnp.archidiecezja.wroc.pl\/wp-content\/uploads\/2015\/11\/CRDiM_1-300x200.jpg 300w, http:\/\/www.mbnp.archidiecezja.wroc.pl\/wp-content\/uploads\/2015\/11\/CRDiM_1-1024x683.jpg 1024w\" sizes=\"(max-width: 300px) 100vw, 300px\" \/><\/a><a href=\"http:\/\/www.mbnp.archidiecezja.wroc.pl\/wp-content\/uploads\/2015\/11\/CRDiM_2.jpg\" rel=\"lightbox[141]\"><img decoding=\"async\" loading=\"lazy\" class=\"padding_images alignright wp-image-559 size-medium\" src=\"http:\/\/www.mbnp.archidiecezja.wroc.pl\/wp-content\/uploads\/2015\/11\/CRDiM_2-300x200.jpg\" alt=\"CRDiM_2\" width=\"300\" height=\"200\" srcset=\"http:\/\/www.mbnp.archidiecezja.wroc.pl\/wp-content\/uploads\/2015\/11\/CRDiM_2-300x200.jpg 300w, http:\/\/www.mbnp.archidiecezja.wroc.pl\/wp-content\/uploads\/2015\/11\/CRDiM_2-1024x683.jpg 1024w\" sizes=\"(max-width: 300px) 100vw, 300px\" \/><\/a><\/p>\n<p><a href=\"http:\/\/www.mbnp.archidiecezja.wroc.pl\/wp-content\/uploads\/2015\/11\/CRDiM_3.jpg\" rel=\"lightbox[141]\"><img decoding=\"async\" loading=\"lazy\" class=\"padding_images alignleft wp-image-560 size-medium\" src=\"http:\/\/www.mbnp.archidiecezja.wroc.pl\/wp-content\/uploads\/2015\/11\/CRDiM_3-300x200.jpg\" alt=\"CRDiM_3\" width=\"300\" height=\"200\" srcset=\"http:\/\/www.mbnp.archidiecezja.wroc.pl\/wp-content\/uploads\/2015\/11\/CRDiM_3-300x200.jpg 300w, http:\/\/www.mbnp.archidiecezja.wroc.pl\/wp-content\/uploads\/2015\/11\/CRDiM_3-1024x683.jpg 1024w\" sizes=\"(max-width: 300px) 100vw, 300px\" \/><\/a> <a href=\"http:\/\/www.mbnp.archidiecezja.wroc.pl\/wp-content\/uploads\/2015\/11\/CRDiM_4.jpg\" rel=\"lightbox[141]\"><img decoding=\"async\" loading=\"lazy\" class=\"padding_images alignright wp-image-561 size-medium\" src=\"http:\/\/www.mbnp.archidiecezja.wroc.pl\/wp-content\/uploads\/2015\/11\/CRDiM_4-300x200.jpg\" alt=\"CRDiM_4\" width=\"300\" height=\"200\" srcset=\"http:\/\/www.mbnp.archidiecezja.wroc.pl\/wp-content\/uploads\/2015\/11\/CRDiM_4-300x200.jpg 300w, http:\/\/www.mbnp.archidiecezja.wroc.pl\/wp-content\/uploads\/2015\/11\/CRDiM_4-1024x683.jpg 1024w\" sizes=\"(max-width: 300px) 100vw, 300px\" \/><\/a><\/p>\n<p><a href=\"http:\/\/www.mbnp.archidiecezja.wroc.pl\/wp-content\/uploads\/2015\/11\/CRDiM_5.jpg\" rel=\"lightbox[141]\"><img decoding=\"async\" loading=\"lazy\" class=\"padding_images alignleft wp-image-562 size-medium\" src=\"http:\/\/www.mbnp.archidiecezja.wroc.pl\/wp-content\/uploads\/2015\/11\/CRDiM_5-300x200.jpg\" alt=\"CRDiM_5\" width=\"300\" height=\"200\" srcset=\"http:\/\/www.mbnp.archidiecezja.wroc.pl\/wp-content\/uploads\/2015\/11\/CRDiM_5-300x200.jpg 300w, http:\/\/www.mbnp.archidiecezja.wroc.pl\/wp-content\/uploads\/2015\/11\/CRDiM_5-1024x683.jpg 1024w\" sizes=\"(max-width: 300px) 100vw, 300px\" \/><\/a><br \/>\n<a href=\"http:\/\/www.mbnp.archidiecezja.wroc.pl\/wp-content\/uploads\/2015\/11\/CRDiM_6.jpg\" rel=\"lightbox[141]\"><img decoding=\"async\" loading=\"lazy\" class=\"padding_images alignright wp-image-564 size-medium\" src=\"http:\/\/www.mbnp.archidiecezja.wroc.pl\/wp-content\/uploads\/2015\/11\/CRDiM_6-300x200.jpg\" alt=\"CRDiM_6\" width=\"300\" height=\"200\" srcset=\"http:\/\/www.mbnp.archidiecezja.wroc.pl\/wp-content\/uploads\/2015\/11\/CRDiM_6-300x200.jpg 300w, http:\/\/www.mbnp.archidiecezja.wroc.pl\/wp-content\/uploads\/2015\/11\/CRDiM_6-1024x683.jpg 1024w\" sizes=\"(max-width: 300px) 100vw, 300px\" \/><\/a><\/p>\n<p><a href=\"http:\/\/www.mbnp.archidiecezja.wroc.pl\/wp-content\/uploads\/2015\/11\/CRDiM_7.jpg\" rel=\"lightbox[141]\"><img decoding=\"async\" loading=\"lazy\" class=\"padding_images alignleft wp-image-565 size-medium\" src=\"http:\/\/www.mbnp.archidiecezja.wroc.pl\/wp-content\/uploads\/2015\/11\/CRDiM_7-300x200.jpg\" alt=\"CRDiM_7\" width=\"300\" height=\"200\" srcset=\"http:\/\/www.mbnp.archidiecezja.wroc.pl\/wp-content\/uploads\/2015\/11\/CRDiM_7-300x200.jpg 300w, http:\/\/www.mbnp.archidiecezja.wroc.pl\/wp-content\/uploads\/2015\/11\/CRDiM_7-1024x683.jpg 1024w\" sizes=\"(max-width: 300px) 100vw, 300px\" \/><\/a> <a href=\"http:\/\/www.mbnp.archidiecezja.wroc.pl\/wp-content\/uploads\/2015\/11\/CRDiM_8.jpg\" rel=\"lightbox[141]\"><img decoding=\"async\" loading=\"lazy\" class=\"padding_images alignright wp-image-566 size-medium\" src=\"http:\/\/www.mbnp.archidiecezja.wroc.pl\/wp-content\/uploads\/2015\/11\/CRDiM_8-300x200.jpg\" alt=\"CRDiM_8\" width=\"300\" height=\"200\" srcset=\"http:\/\/www.mbnp.archidiecezja.wroc.pl\/wp-content\/uploads\/2015\/11\/CRDiM_8-300x200.jpg 300w, http:\/\/www.mbnp.archidiecezja.wroc.pl\/wp-content\/uploads\/2015\/11\/CRDiM_8-1024x683.jpg 1024w\" sizes=\"(max-width: 300px) 100vw, 300px\" \/><\/a><\/p>\n","protected":false},"excerpt":{"rendered":"<p>Centrum Rozwoju Dzieci i M\u0142odzie\u017cy MUCHOBOREK , z przyczyn niezale\u017cnych od Parafii, po wielu latach funkcjonowania zako\u0144czy\u0142o swoj\u0105 dzia\u0142alno\u015b\u0107 w 2017roku. To miejsce by\u0142o czynne przez ca\u0142y rok, nie wy\u0142\u0105czaj\u0105c &#8230;<\/p>\n","protected":false},"author":7,"featured_media":0,"parent":87,"menu_order":5,"comment_status":"closed","ping_status":"closed","template":"","meta":[],"_links":{"self":[{"href":"http:\/\/www.mbnp.archidiecezja.wroc.pl\/index.php?rest_route=\/wp\/v2\/pages\/141"}],"collection":[{"href":"http:\/\/www.mbnp.archidiecezja.wroc.pl\/index.php?rest_route=\/wp\/v2\/pages"}],"about":[{"href":"http:\/\/www.mbnp.archidiecezja.wroc.pl\/index.php?rest_route=\/wp\/v2\/types\/page"}],"author":[{"embeddable":true,"href":"http:\/\/www.mbnp.archidiecezja.wroc.pl\/index.php?rest_route=\/wp\/v2\/users\/7"}],"replies":[{"embeddable":true,"href":"http:\/\/www.mbnp.archidiecezja.wroc.pl\/index.php?rest_route=%2Fwp%2Fv2%2Fcomments&post=141"}],"version-history":[{"count":18,"href":"http:\/\/www.mbnp.archidiecezja.wroc.pl\/index.php?rest_route=\/wp\/v2\/pages\/141\/revisions"}],"predecessor-version":[{"id":7955,"href":"http:\/\/www.mbnp.archidiecezja.wroc.pl\/index.php?rest_route=\/wp\/v2\/pages\/141\/revisions\/7955"}],"up":[{"embeddable":true,"href":"http:\/\/www.mbnp.archidiecezja.wroc.pl\/index.php?rest_route=\/wp\/v2\/pages\/87"}],"wp:attachment":[{"href":"http:\/\/www.mbnp.archidiecezja.wroc.pl\/index.php?rest_route=%2Fwp%2Fv2%2Fmedia&parent=141"}],"curies":[{"name":"wp","href":"https:\/\/api.w.org\/{rel}","templated":true}]}}