{"id":131,"date":"2015-11-21T17:14:56","date_gmt":"2015-11-21T16:14:56","guid":{"rendered":"http:\/\/serwer1527024.home.pl\/pub\/wordpress\/?page_id=131"},"modified":"2024-01-08T22:43:53","modified_gmt":"2024-01-08T21:43:53","slug":"stowarzyszenie-apostolstwa-dobrej-smierci","status":"publish","type":"page","link":"http:\/\/www.mbnp.archidiecezja.wroc.pl\/?page_id=131","title":{"rendered":"Apostolstwo Dobrej \u015amierci"},"content":{"rendered":"<p style=\"text-indent: 1cm;\"><a href=\"http:\/\/www.mbnp.archidiecezja.wroc.pl\/wp-content\/uploads\/2015\/11\/apostolstwo_MB.jpg\" rel=\"lightbox[131]\"><img decoding=\"async\" loading=\"lazy\" class=\"alignleft wp-image-1465 size-medium\" src=\"http:\/\/www.mbnp.archidiecezja.wroc.pl\/wp-content\/uploads\/2015\/11\/apostolstwo_MB-201x300.jpg\" alt=\"apostolstwo_MB\" width=\"201\" height=\"300\" srcset=\"http:\/\/www.mbnp.archidiecezja.wroc.pl\/wp-content\/uploads\/2015\/11\/apostolstwo_MB-201x300.jpg 201w, http:\/\/www.mbnp.archidiecezja.wroc.pl\/wp-content\/uploads\/2015\/11\/apostolstwo_MB.jpg 250w\" sizes=\"(max-width: 201px) 100vw, 201px\" \/><\/a><strong>Apostolstwo Dobrej \u015amierci<\/strong> zwane tak\u017ce Stowarzyszeniem Matki Bo\u017cej Patronki Dobrej \u015amierci jest zrzeszeniem modlitewnym, kt\u00f3re przypomina o potrzebie dobrego przygotowania si\u0119 do ostatecznego spotkania z Bogiem. Cz\u0142onkowie ADS szczeg\u00f3lne nabo\u017ce\u0144stwo \u017cywi\u0105 do Matki Bo\u017cej Bolesnej i \u015aw. J\u00f3zefa.<\/p>\n<p style=\"text-indent: 1cm;\">Polsk\u0105 fili\u0119 stowarzyszenia zatwierdzi\u0142 30 maja 1987r. Prymas Polski Kard. J\u00f3zef Glemp, a opiekunami zostali Misjonarze \u015awi\u0119tej Rodziny w G\u00f3rce Klasztornej.<\/p>\n<p style=\"text-indent: 1cm;\">Oficjalnie w naszej parafii, dzi\u0119ki aprobacie obecnego Ksi\u0119dza Proboszcza, ADS powsta\u0142o w 2015 r., chocia\u017c ju\u017c od kilku lat kilkana\u015bcie os\u00f3b by\u0142o cz\u0142onkami Apostolstwa przy Parafii \u015awi\u0119tego Augustyna, a kontakt ze stowarzyszeniem utrzymywa\u0142o mi\u0119dzy innymi poprzez prenumerat\u0119 kwartalnika \u201eNadzieja i \u017bycie\u201d.<\/p>\n<p style=\"text-indent: 1cm;\"><strong>Cz\u0142onkowie Apostolstwa poprzez swoje modlitwy i ofiary pragn\u0105 wyjedna\u0107: dla wiernych katolik\u00f3w \u2013 wytrwanie w \u0142asce u\u015bwi\u0119caj\u0105cej, dla oboj\u0119tnych religijnie i grzesznik\u00f3w \u2013 \u0142ask\u0119 nawr\u00f3cenia, dla wszystkich dobr\u0105 i \u015bwi\u0119t\u0105 \u015bmier\u0107.<\/strong><\/p>\n<p style=\"text-indent: 1cm;\">Stowarzyszenie czci w szczeg\u00f3lny spos\u00f3b cierpienia Matki Bo\u017cej, kt\u00f3rej \u015bwi\u0119to obchodzimy 15 wrze\u015bnia jako dzie\u0144 liturgicznego wspomnienia Matki Bo\u017cej Bolesnej. W tym dniu uczestniczymy w Adoracji Naj\u015bwi\u0119tszego Sakramentu, odmawiamy R\u00f3\u017caniec do Siedmiu Bole\u015bci Matki Bo\u017cej oraz bierzemy udzia\u0142 we Mszy \u015aw. w intencjach naszej wsp\u00f3lnoty.<\/p>\n<p style=\"text-indent: 1cm;\"><strong>Obecnie do Apostolstwa w naszej parafii nale\u017cy 21 os\u00f3b. Opiekunem jest ks. Zbigniew Orda, a zelatork\u0105 Barbara Florczak.<\/strong><\/p>\n","protected":false},"excerpt":{"rendered":"<p>Apostolstwo Dobrej \u015amierci zwane tak\u017ce Stowarzyszeniem Matki Bo\u017cej Patronki Dobrej \u015amierci jest zrzeszeniem modlitewnym, kt\u00f3re przypomina o potrzebie dobrego przygotowania si\u0119 do ostatecznego spotkania z Bogiem. Cz\u0142onkowie ADS szczeg\u00f3lne nabo\u017ce\u0144stwo &#8230;<\/p>\n","protected":false},"author":7,"featured_media":0,"parent":87,"menu_order":4,"comment_status":"closed","ping_status":"closed","template":"","meta":[],"_links":{"self":[{"href":"http:\/\/www.mbnp.archidiecezja.wroc.pl\/index.php?rest_route=\/wp\/v2\/pages\/131"}],"collection":[{"href":"http:\/\/www.mbnp.archidiecezja.wroc.pl\/index.php?rest_route=\/wp\/v2\/pages"}],"about":[{"href":"http:\/\/www.mbnp.archidiecezja.wroc.pl\/index.php?rest_route=\/wp\/v2\/types\/page"}],"author":[{"embeddable":true,"href":"http:\/\/www.mbnp.archidiecezja.wroc.pl\/index.php?rest_route=\/wp\/v2\/users\/7"}],"replies":[{"embeddable":true,"href":"http:\/\/www.mbnp.archidiecezja.wroc.pl\/index.php?rest_route=%2Fwp%2Fv2%2Fcomments&post=131"}],"version-history":[{"count":9,"href":"http:\/\/www.mbnp.archidiecezja.wroc.pl\/index.php?rest_route=\/wp\/v2\/pages\/131\/revisions"}],"predecessor-version":[{"id":1470,"href":"http:\/\/www.mbnp.archidiecezja.wroc.pl\/index.php?rest_route=\/wp\/v2\/pages\/131\/revisions\/1470"}],"up":[{"embeddable":true,"href":"http:\/\/www.mbnp.archidiecezja.wroc.pl\/index.php?rest_route=\/wp\/v2\/pages\/87"}],"wp:attachment":[{"href":"http:\/\/www.mbnp.archidiecezja.wroc.pl\/index.php?rest_route=%2Fwp%2Fv2%2Fmedia&parent=131"}],"curies":[{"name":"wp","href":"https:\/\/api.w.org\/{rel}","templated":true}]}}