{"id":126,"date":"2015-11-21T17:12:51","date_gmt":"2015-11-21T16:12:51","guid":{"rendered":"http:\/\/serwer1527024.home.pl\/pub\/wordpress\/?page_id=126"},"modified":"2025-11-09T12:57:27","modified_gmt":"2025-11-09T11:57:27","slug":"ruch-swiatlo-zycie","status":"publish","type":"page","link":"http:\/\/www.mbnp.archidiecezja.wroc.pl\/?page_id=126","title":{"rendered":"Ruch \u015awiat\u0142o-\u017bycie"},"content":{"rendered":"\n<p><em>&#8222;\u017bycie jest pustyni\u0105. Grozi nam pustynia. Powiem\njeszcze inaczej: grozi\u0142aby nam pustynia, gdyby\u015bmy nie tworzyli oaz&#8221;<\/em><\/p>\n\n\n\n<p><em>\u015bw. Jan Pawe\u0142 II<\/em><\/p>\n\n\n\n<figure class=\"wp-block-image\"><img decoding=\"async\" loading=\"lazy\" width=\"1024\" height=\"768\" src=\"http:\/\/www.mbnp.archidiecezja.wroc.pl\/wp-content\/uploads\/2021\/06\/1-zdj\u0119cie-strona-5-1024x768.jpg\" alt=\"\" class=\"wp-image-5352\" srcset=\"http:\/\/www.mbnp.archidiecezja.wroc.pl\/wp-content\/uploads\/2021\/06\/1-zdj\u0119cie-strona-5.jpg 1024w, http:\/\/www.mbnp.archidiecezja.wroc.pl\/wp-content\/uploads\/2021\/06\/1-zdj\u0119cie-strona-5-300x225.jpg 300w, http:\/\/www.mbnp.archidiecezja.wroc.pl\/wp-content\/uploads\/2021\/06\/1-zdj\u0119cie-strona-5-768x576.jpg 768w\" sizes=\"(max-width: 1024px) 100vw, 1024px\" \/><\/figure>\n\n\n\n<p><strong>Ruch\n\u015awiat\u0142o- \u017bycie<\/strong><\/p>\n\n\n\n<p>Ruch\n\u015awiat\u0142o- \u017bycie, popularnie zwany te\u017c \u201coaz\u0105\u201d, jest jednym z ruch\u00f3w odnowy\nKo\u015bcio\u0142a wed\u0142ug nauczania Soboru Watyka\u0144skiego II, za\u0142o\u017conym przez ks.\nFranciszka Blachnickiego.<br>\nWsp\u00f3lnoty w Polsce, ale tak\u017ce poza ni\u0105 (w oko\u0142o trzydziestu krajach) gromadz\u0105\nosoby r\u00f3\u017cnego wieku i powo\u0142ania: dzieci, m\u0142odzie\u017c, doros\u0142ych, jak r\u00f3wnie\u017c\nkap\u0142an\u00f3w, zakonnice, zakonnik\u00f3w, cz\u0142onk\u00f3w \u015bwieckich instytut\u00f3w \u017cycia\nkonsekrowanego, a tak\u017ce ma\u0142\u017ce\u0144stwa i rodziny w ga\u0142\u0119zi rodzinnej Ruchu, jak\u0105\njest Domowy Ko\u015bci\u00f3\u0142.<br>\nPoprzez odpowiedni\u0105 dla ka\u017cdej z tych grup formacj\u0119 Ruch \u015awiat\u0142o-\u017bycie\nwychowuje dojrza\u0142ych chrze\u015bcijan i s\u0142u\u017cy odnowie Ko\u015bcio\u0142a przez przekszta\u0142canie\nparafii we wsp\u00f3lnot\u0119 wsp\u00f3lnot.<\/p>\n\n\n\n<ol><li><strong>W naszej parafii<\/strong><\/li><\/ol>\n\n\n\n<p>Jeste\u015bmy\nkilkunastoosobow\u0105 grup\u0105 m\u0142odzie\u017cy, kt\u00f3ra pragnie kszta\u0142towa\u0107 siebie oraz swoj\u0105\nrelacj\u0119 z Panem Bogiem zgodnie z niezawodn\u0105 zasad\u0105 \u201c\u015awiat\u0142o-\u017bycie\u201d; czytaj\u0105c\nPismo \u015awi\u0119te oraz ws\u0142uchuj\u0105c si\u0119 w nauczanie Ko\u015bcio\u0142a, poznajemy Bo\u017ce\n\u201c\u015awiat\u0142o\u201d, kt\u00f3re nast\u0119pnie w konkretnych postawach staramy si\u0119 wprowadza\u0107 w\n\u017cycie. Pomagaj\u0105 nam w tym cotygodniowe spotkania z animatorami w ma\u0142ych\ngrupach, wsp\u00f3lne wyjazdy oraz pi\u0119tnastodniowe rekolekcje letnie (oazy).<\/p>\n\n\n\n<p>W ka\u017cdy\npi\u0105tek spotykamy si\u0119 te\u017c w sali imienia ks. F. Blachnickiego na radosnych\nspotkaniach ca\u0142ej wsp\u00f3lnoty, podczas kt\u00f3rych razem modlimy si\u0119, dyskutujemy,\nbawimy, ta\u0144czymy, ogl\u0105damy filmy, \u015bpiewamy, spotykamy si\u0119 z go\u015b\u0107mi, czy\ns\u0142uchamy konferencji naszego ksi\u0119dza Moderatora \u2013 pami\u0119taj\u0105c, \u017ce Pana Boga\nmo\u017cna chwali\u0107 nie tylko modlitw\u0105, prze\u017cywamy rado\u015b\u0107 ze spotkania z Nim i drugim\ncz\u0142owiekiem.<\/p>\n\n\n\n<p><strong>Serdecznie\nzapraszamy wszystkich uczni\u00f3w klas 7-8, szk\u00f3\u0142 \u015brednich oraz student\u00f3w, kt\u00f3rzy\npragn\u0105 pog\u0142\u0119bia\u0107 swoj\u0105 wiar\u0119 w gronie r\u00f3wie\u015bnik\u00f3w&nbsp;na pi\u0105tkow\u0105\n&nbsp;Eucharysti\u0119 o 18.00, a po niej na spotkanie w salce!<\/strong><\/p>\n\n\n\n<p><a href=\"https:\/\/www.facebook.com\/Oaza-Muchob%C3%B3r-Ma%C5%82y-102324941728272\/?view_public_for=102324941728272\"><strong>Zapraszamy do odwiedzenia naszego fp<\/strong><\/a><strong>, tam\nmo\u017cecie znale\u017a\u0107 wi\u0119cej informacji o nas, inspiruj\u0105cych katolickich tre\u015bci czy w\nrazie jakichkolwiek w\u0105tpliwo\u015bci zada\u0107 pytanie. \ud83d\ude00 <\/strong><\/p>\n","protected":false},"excerpt":{"rendered":"<p>&#8222;\u017bycie jest pustyni\u0105. Grozi nam pustynia. Powiem jeszcze inaczej: grozi\u0142aby nam pustynia, gdyby\u015bmy nie tworzyli oaz&#8221; \u015bw. Jan Pawe\u0142 II Ruch \u015awiat\u0142o- \u017bycie Ruch \u015awiat\u0142o- \u017bycie, popularnie zwany te\u017c \u201coaz\u0105\u201d, &#8230;<\/p>\n","protected":false},"author":7,"featured_media":0,"parent":87,"menu_order":11,"comment_status":"closed","ping_status":"closed","template":"","meta":[],"_links":{"self":[{"href":"http:\/\/www.mbnp.archidiecezja.wroc.pl\/index.php?rest_route=\/wp\/v2\/pages\/126"}],"collection":[{"href":"http:\/\/www.mbnp.archidiecezja.wroc.pl\/index.php?rest_route=\/wp\/v2\/pages"}],"about":[{"href":"http:\/\/www.mbnp.archidiecezja.wroc.pl\/index.php?rest_route=\/wp\/v2\/types\/page"}],"author":[{"embeddable":true,"href":"http:\/\/www.mbnp.archidiecezja.wroc.pl\/index.php?rest_route=\/wp\/v2\/users\/7"}],"replies":[{"embeddable":true,"href":"http:\/\/www.mbnp.archidiecezja.wroc.pl\/index.php?rest_route=%2Fwp%2Fv2%2Fcomments&post=126"}],"version-history":[{"count":17,"href":"http:\/\/www.mbnp.archidiecezja.wroc.pl\/index.php?rest_route=\/wp\/v2\/pages\/126\/revisions"}],"predecessor-version":[{"id":7959,"href":"http:\/\/www.mbnp.archidiecezja.wroc.pl\/index.php?rest_route=\/wp\/v2\/pages\/126\/revisions\/7959"}],"up":[{"embeddable":true,"href":"http:\/\/www.mbnp.archidiecezja.wroc.pl\/index.php?rest_route=\/wp\/v2\/pages\/87"}],"wp:attachment":[{"href":"http:\/\/www.mbnp.archidiecezja.wroc.pl\/index.php?rest_route=%2Fwp%2Fv2%2Fmedia&parent=126"}],"curies":[{"name":"wp","href":"https:\/\/api.w.org\/{rel}","templated":true}]}}