{"id":1247,"date":"2016-02-27T11:08:45","date_gmt":"2016-02-27T10:08:45","guid":{"rendered":"http:\/\/www.mbnp.archidiecezja.wroc.pl\/?page_id=1247"},"modified":"2024-01-02T20:00:01","modified_gmt":"2024-01-02T19:00:01","slug":"parafialny-zespol-caritas","status":"publish","type":"page","link":"http:\/\/www.mbnp.archidiecezja.wroc.pl\/?page_id=1247","title":{"rendered":"Parafialny Zesp\u00f3\u0142 Caritas"},"content":{"rendered":"<p><a href=\"http:\/\/www.mbnp.archidiecezja.wroc.pl\/wp-content\/uploads\/2016\/02\/caritas_logo.jpg\" rel=\"lightbox[1247]\"><img decoding=\"async\" loading=\"lazy\" class=\"alignleft wp-image-1250 size-medium\" src=\"http:\/\/www.mbnp.archidiecezja.wroc.pl\/wp-content\/uploads\/2016\/02\/caritas_logo-228x300.jpg\" alt=\"caritas_logo\" width=\"228\" height=\"300\" srcset=\"http:\/\/www.mbnp.archidiecezja.wroc.pl\/wp-content\/uploads\/2016\/02\/caritas_logo-228x300.jpg 228w, http:\/\/www.mbnp.archidiecezja.wroc.pl\/wp-content\/uploads\/2016\/02\/caritas_logo.jpg 577w\" sizes=\"(max-width: 228px) 100vw, 228px\" \/><\/a>W zwi\u0105zku z Jubileuszowym Rokiem Mi\u0142osierdzia, z inicjatywy Ksi\u0119dza Proboszcza, <strong>zosta\u0142 powo\u0142any Parafialny Zesp\u00f3\u0142 Caritas.<\/strong> Pragniemy w ten spos\u00f3b odpowiedzie\u0107 na wezwanie Ko\u015bcio\u0142a do niesienia pomocy bli\u017aniemu b\u0119d\u0105cemu w potrzebie. Chcemy otoczy\u0107 opiek\u0105 osoby mieszkaj\u0105ce na terenie naszej parafii.<strong> Duchowym opiekunem Zespo\u0142u jest Ks. Proboszcz Zbigniew Orda.<\/strong><br \/>\nCz\u0142onkowie Parafialnego Zespo\u0142u Caritas b\u0119d\u0105 s\u0142u\u017cy\u0107 pomoc\u0105 <strong>w ka\u017cdy poniedzia\u0142ek, w godz. 17-18, w parafialnym punkcie Caritas.<\/strong> Zach\u0119camy do w\u0142\u0105czania si\u0119 w dzia\u0142alno\u015b\u0107 PZC i zg\u0142aszanie w\u0142asnych inicjatyw. Ufamy, \u017ce ka\u017cdy z nas odkryje w sobie prawdziwy TALENT MI\u0141OSIERDZIA i odpowie na wezwanie Chrystusa: <em>\u201eWszystko, co uczynili\u015bcie jednemu z tych braci moich najmniejszych, Mnie\u015bcie uczynili\u201d<\/em> (Mt 25,40).<\/p>\n<hr \/>\n<p><strong>Kontakt: caritasnmpnp@gmail.com<\/strong><br \/>\n<strong>Fanpage:<\/strong> <a href=\"https:\/\/www.facebook.com\/Deus-Caritas-Est-1124617647568456\/timeline\">https:\/\/www.facebook.com\/Deus-Caritas-Est-1124617647568456\/timeline<\/a><br \/>\n<strong>Nr konta PZC:<\/strong> 61 1020 5242 0000 2302 0138 5640 PKO PB SA Oddzia\u0142 7 we Wroc\u0142awiu<\/p>\n","protected":false},"excerpt":{"rendered":"<p>W zwi\u0105zku z Jubileuszowym Rokiem Mi\u0142osierdzia, z inicjatywy Ksi\u0119dza Proboszcza, zosta\u0142 powo\u0142any Parafialny Zesp\u00f3\u0142 Caritas. Pragniemy w ten spos\u00f3b odpowiedzie\u0107 na wezwanie Ko\u015bcio\u0142a do niesienia pomocy bli\u017aniemu b\u0119d\u0105cemu w potrzebie. &#8230;<\/p>\n","protected":false},"author":7,"featured_media":0,"parent":87,"menu_order":12,"comment_status":"closed","ping_status":"closed","template":"","meta":[],"_links":{"self":[{"href":"http:\/\/www.mbnp.archidiecezja.wroc.pl\/index.php?rest_route=\/wp\/v2\/pages\/1247"}],"collection":[{"href":"http:\/\/www.mbnp.archidiecezja.wroc.pl\/index.php?rest_route=\/wp\/v2\/pages"}],"about":[{"href":"http:\/\/www.mbnp.archidiecezja.wroc.pl\/index.php?rest_route=\/wp\/v2\/types\/page"}],"author":[{"embeddable":true,"href":"http:\/\/www.mbnp.archidiecezja.wroc.pl\/index.php?rest_route=\/wp\/v2\/users\/7"}],"replies":[{"embeddable":true,"href":"http:\/\/www.mbnp.archidiecezja.wroc.pl\/index.php?rest_route=%2Fwp%2Fv2%2Fcomments&post=1247"}],"version-history":[{"count":8,"href":"http:\/\/www.mbnp.archidiecezja.wroc.pl\/index.php?rest_route=\/wp\/v2\/pages\/1247\/revisions"}],"predecessor-version":[{"id":2825,"href":"http:\/\/www.mbnp.archidiecezja.wroc.pl\/index.php?rest_route=\/wp\/v2\/pages\/1247\/revisions\/2825"}],"up":[{"embeddable":true,"href":"http:\/\/www.mbnp.archidiecezja.wroc.pl\/index.php?rest_route=\/wp\/v2\/pages\/87"}],"wp:attachment":[{"href":"http:\/\/www.mbnp.archidiecezja.wroc.pl\/index.php?rest_route=%2Fwp%2Fv2%2Fmedia&parent=1247"}],"curies":[{"name":"wp","href":"https:\/\/api.w.org\/{rel}","templated":true}]}}