{"id":124,"date":"2015-11-21T17:12:07","date_gmt":"2015-11-21T16:12:07","guid":{"rendered":"http:\/\/serwer1527024.home.pl\/pub\/wordpress\/?page_id=124"},"modified":"2024-01-02T19:59:00","modified_gmt":"2024-01-02T18:59:00","slug":"liturgiczna-sluzba-oltarza","status":"publish","type":"page","link":"http:\/\/www.mbnp.archidiecezja.wroc.pl\/?page_id=124","title":{"rendered":"Liturgiczna S\u0142u\u017cba O\u0142tarza"},"content":{"rendered":"<p><a href=\"http:\/\/www.mbnp.archidiecezja.wroc.pl\/wp-content\/uploads\/2023\/11\/WhatsApp-Image-2023-11-12-at-19.32.40.jpeg\" rel=\"lightbox[124]\"><img decoding=\"async\" loading=\"lazy\" class=\"size-medium wp-image-6871 aligncenter\" src=\"http:\/\/www.mbnp.archidiecezja.wroc.pl\/wp-content\/uploads\/2023\/11\/WhatsApp-Image-2023-11-12-at-19.32.40-300x200.jpeg\" alt=\"\" width=\"300\" height=\"200\" srcset=\"http:\/\/www.mbnp.archidiecezja.wroc.pl\/wp-content\/uploads\/2023\/11\/WhatsApp-Image-2023-11-12-at-19.32.40-300x200.jpeg 300w, http:\/\/www.mbnp.archidiecezja.wroc.pl\/wp-content\/uploads\/2023\/11\/WhatsApp-Image-2023-11-12-at-19.32.40-768x512.jpeg 768w, http:\/\/www.mbnp.archidiecezja.wroc.pl\/wp-content\/uploads\/2023\/11\/WhatsApp-Image-2023-11-12-at-19.32.40.jpeg 1024w\" sizes=\"(max-width: 300px) 100vw, 300px\" \/><\/a><\/p>\n<p><center><iframe loading=\"lazy\" src=\"\/\/www.youtube.com\/embed\/MdBaXg3VWS8\" width=\"560\" height=\"314\" allowfullscreen=\"allowfullscreen\" data-mce-fragment=\"1\"><\/iframe><\/center><\/p>\n","protected":false},"excerpt":{"rendered":"","protected":false},"author":7,"featured_media":0,"parent":87,"menu_order":11,"comment_status":"closed","ping_status":"closed","template":"","meta":[],"_links":{"self":[{"href":"http:\/\/www.mbnp.archidiecezja.wroc.pl\/index.php?rest_route=\/wp\/v2\/pages\/124"}],"collection":[{"href":"http:\/\/www.mbnp.archidiecezja.wroc.pl\/index.php?rest_route=\/wp\/v2\/pages"}],"about":[{"href":"http:\/\/www.mbnp.archidiecezja.wroc.pl\/index.php?rest_route=\/wp\/v2\/types\/page"}],"author":[{"embeddable":true,"href":"http:\/\/www.mbnp.archidiecezja.wroc.pl\/index.php?rest_route=\/wp\/v2\/users\/7"}],"replies":[{"embeddable":true,"href":"http:\/\/www.mbnp.archidiecezja.wroc.pl\/index.php?rest_route=%2Fwp%2Fv2%2Fcomments&post=124"}],"version-history":[{"count":13,"href":"http:\/\/www.mbnp.archidiecezja.wroc.pl\/index.php?rest_route=\/wp\/v2\/pages\/124\/revisions"}],"predecessor-version":[{"id":6874,"href":"http:\/\/www.mbnp.archidiecezja.wroc.pl\/index.php?rest_route=\/wp\/v2\/pages\/124\/revisions\/6874"}],"up":[{"embeddable":true,"href":"http:\/\/www.mbnp.archidiecezja.wroc.pl\/index.php?rest_route=\/wp\/v2\/pages\/87"}],"wp:attachment":[{"href":"http:\/\/www.mbnp.archidiecezja.wroc.pl\/index.php?rest_route=%2Fwp%2Fv2%2Fmedia&parent=124"}],"curies":[{"name":"wp","href":"https:\/\/api.w.org\/{rel}","templated":true}]}}