{"id":122,"date":"2015-11-21T17:11:33","date_gmt":"2015-11-21T16:11:33","guid":{"rendered":"http:\/\/serwer1527024.home.pl\/pub\/wordpress\/?page_id=122"},"modified":"2024-01-02T19:58:38","modified_gmt":"2024-01-02T18:58:38","slug":"krag-biblijny","status":"publish","type":"page","link":"http:\/\/www.mbnp.archidiecezja.wroc.pl\/?page_id=122","title":{"rendered":"Kr\u0105g biblijny"},"content":{"rendered":"<p><strong><a href=\"http:\/\/www.mbnp.archidiecezja.wroc.pl\/wp-content\/uploads\/2015\/11\/Biblia.jpg\" rel=\"lightbox[122]\"><img decoding=\"async\" loading=\"lazy\" class=\"alignleft wp-image-1922 size-medium\" src=\"http:\/\/www.mbnp.archidiecezja.wroc.pl\/wp-content\/uploads\/2015\/11\/Biblia-300x225.jpg\" alt=\"Biblia\" width=\"300\" height=\"225\" srcset=\"http:\/\/www.mbnp.archidiecezja.wroc.pl\/wp-content\/uploads\/2015\/11\/Biblia-300x225.jpg 300w, http:\/\/www.mbnp.archidiecezja.wroc.pl\/wp-content\/uploads\/2015\/11\/Biblia.jpg 448w\" sizes=\"(max-width: 300px) 100vw, 300px\" \/><\/a>Chrze\u015bcijanie powinni dobrze zna\u0107 Ksi\u0119g\u0119, kt\u00f3ra jest podstaw\u0105 ich \u017cycia.<\/strong> S\u0142owo Bo\u017ce jest czytane w ko\u015bciele podczas Mszy \u015aw. Niemniej jednak wa\u017cne jest aby osobi\u015bcie pochyla\u0107 si\u0119 nad \u015bwi\u0119tym tekstem i zastanawia\u0107 jak mo\u017cna wprowadzi\u0107 tre\u015b\u0107 nauczania biblijnego do swojego \u017cycia. St\u0105d przed kilkoma laty zrodzi\u0142a si\u0119 idea powstania kr\u0119gu biblijnego w naszej parafii. Za\u0142o\u017cycielem i pierwszym opiekunem kr\u0119gu by\u0142 <strong>ks. Adam Stefan.<\/strong> Podpieraj\u0105c si\u0119 bogat\u0105 literatur\u0105 i osobist\u0105 wiedz\u0105 wyja\u015bnia\u0142 zawi\u0142o\u015bci tekstu.<\/p>\n<p><strong>Obecnie spotkania s\u0105 we wtorki o godz. 19.00. Spotkania odbywaj\u0105 si\u0119 co dwa tygodnie. Prowadzi je ks. Tomasz G\u0142odowicz.<\/strong><\/p>\n<p><strong>Schemat spotkania Kr\u0119gu:<\/strong><br \/>\n\u2022\u00a0\u00a0 \u00a0Modlitwa do Ducha \u015awi\u0119tego o zrozumienie tekstu.<br \/>\n\u2022\u00a0\u00a0 \u00a0Wprowadzenie og\u00f3lne do danej ksi\u0119gi.<br \/>\n\u2022\u00a0\u00a0 \u00a0Czytanie fragmentu Biblii.<br \/>\n\u2022\u00a0\u00a0 \u00a0Wprowadzenie w zagadnienia zwi\u0105zane z tekstem. Wyja\u015bniamy sobie jego znaczenie.<br \/>\n\u2022\u00a0\u00a0 \u00a0Postawienie pyta\u0144 dotycz\u0105cych realizacji S\u0142owa w \u017cyciu.<br \/>\n\u2022\u00a0\u00a0 \u00a0Dzielenie si\u0119 realizacj\u0105 w ramach ma\u0142ych grup.<br \/>\nCelem spotka\u0144 jest nie tylko poznanie Biblii, ale uczynienie z niej Ksi\u0119gi, kt\u00f3ra jest \u015bwiat\u0142em dla \u017cycia.<\/p>\n<p>Przydatne linki:<br \/>\n<a href=\"http:\/\/www.biblia.deon.pl\">http:\/\/www.biblia.deon.pl<\/a><br \/>\n<a href=\"http:\/\/www.biblista.pl\">http:\/\/www.biblista.pl<\/a><\/p>\n","protected":false},"excerpt":{"rendered":"<p>Chrze\u015bcijanie powinni dobrze zna\u0107 Ksi\u0119g\u0119, kt\u00f3ra jest podstaw\u0105 ich \u017cycia. S\u0142owo Bo\u017ce jest czytane w ko\u015bciele podczas Mszy \u015aw. Niemniej jednak wa\u017cne jest aby osobi\u015bcie pochyla\u0107 si\u0119 nad \u015bwi\u0119tym tekstem &#8230;<\/p>\n","protected":false},"author":7,"featured_media":0,"parent":87,"menu_order":10,"comment_status":"closed","ping_status":"closed","template":"","meta":[],"_links":{"self":[{"href":"http:\/\/www.mbnp.archidiecezja.wroc.pl\/index.php?rest_route=\/wp\/v2\/pages\/122"}],"collection":[{"href":"http:\/\/www.mbnp.archidiecezja.wroc.pl\/index.php?rest_route=\/wp\/v2\/pages"}],"about":[{"href":"http:\/\/www.mbnp.archidiecezja.wroc.pl\/index.php?rest_route=\/wp\/v2\/types\/page"}],"author":[{"embeddable":true,"href":"http:\/\/www.mbnp.archidiecezja.wroc.pl\/index.php?rest_route=\/wp\/v2\/users\/7"}],"replies":[{"embeddable":true,"href":"http:\/\/www.mbnp.archidiecezja.wroc.pl\/index.php?rest_route=%2Fwp%2Fv2%2Fcomments&post=122"}],"version-history":[{"count":7,"href":"http:\/\/www.mbnp.archidiecezja.wroc.pl\/index.php?rest_route=\/wp\/v2\/pages\/122\/revisions"}],"predecessor-version":[{"id":1923,"href":"http:\/\/www.mbnp.archidiecezja.wroc.pl\/index.php?rest_route=\/wp\/v2\/pages\/122\/revisions\/1923"}],"up":[{"embeddable":true,"href":"http:\/\/www.mbnp.archidiecezja.wroc.pl\/index.php?rest_route=\/wp\/v2\/pages\/87"}],"wp:attachment":[{"href":"http:\/\/www.mbnp.archidiecezja.wroc.pl\/index.php?rest_route=%2Fwp%2Fv2%2Fmedia&parent=122"}],"curies":[{"name":"wp","href":"https:\/\/api.w.org\/{rel}","templated":true}]}}