{"id":120,"date":"2015-11-21T17:11:08","date_gmt":"2015-11-21T16:11:08","guid":{"rendered":"http:\/\/serwer1527024.home.pl\/pub\/wordpress\/?page_id=120"},"modified":"2024-01-08T22:43:53","modified_gmt":"2024-01-08T21:43:53","slug":"kolo-misyjne","status":"publish","type":"page","link":"http:\/\/www.mbnp.archidiecezja.wroc.pl\/?page_id=120","title":{"rendered":"Ko\u0142o misyjne"},"content":{"rendered":"<p><a href=\"http:\/\/www.mbnp.archidiecezja.wroc.pl\/wp-content\/uploads\/2015\/11\/PDMD.jpg\" rel=\"lightbox[120]\"><img decoding=\"async\" loading=\"lazy\" class=\"alignleft wp-image-1920 size-medium\" src=\"http:\/\/www.mbnp.archidiecezja.wroc.pl\/wp-content\/uploads\/2015\/11\/PDMD-300x294.jpg\" alt=\"PDMD\" width=\"300\" height=\"294\" srcset=\"http:\/\/www.mbnp.archidiecezja.wroc.pl\/wp-content\/uploads\/2015\/11\/PDMD-300x294.jpg 300w, http:\/\/www.mbnp.archidiecezja.wroc.pl\/wp-content\/uploads\/2015\/11\/PDMD-60x60.jpg 60w, http:\/\/www.mbnp.archidiecezja.wroc.pl\/wp-content\/uploads\/2015\/11\/PDMD.jpg 508w\" sizes=\"(max-width: 300px) 100vw, 300px\" \/><\/a>Ko\u0142o misyjne jest jedn\u0105 z form zaanga\u017cowania si\u0119 w PDMD \u2013 Papieskie Dzie\u0142o Misyjne Dzieci. <strong>Zaj\u0119cia ko\u0142o misyjnego s\u0105 skierowane do uczni\u00f3w klas szko\u0142y podstawowej zainteresowanych tematyk\u0105 misyjn\u0105.<\/strong><\/p>\n<p>&nbsp;<\/p>\n<h4>CELE I ZADANIA SZKOLNEGO KO\u0141A MISYJNEGO<\/h4>\n<p><strong>Cele og\u00f3lne:<\/strong><br \/>\n\u2022 piel\u0119gnowanie i troska o misj\u0119 Ko\u015bcio\u0142a wyra\u017con\u0105 w s\u0142owach Jezusa: &#8222;Id\u017acie i nauczajcie wszystkie narody&#8221;,<br \/>\n\u2022 uwra\u017cliwienie najm\u0142odszych chrze\u015bcijan na potrzeby ich braci nieznaj\u0105cych jeszcze Chrystusa,<br \/>\n\u2022 rozpalenie w sercach katolickich dzieci mi\u0142o\u015bci do misji oraz poczucia solidarno\u015bci, tak duchowej jak i materialnej, wobec r\u00f3wie\u015bnik\u00f3w na ca\u0142ym \u015bwiecie.<\/p>\n<p><strong>Cele szczeg\u00f3\u0142owe:<\/strong><br \/>\n\u2022 budzenie i rozw\u00f3j \u015bwiadomo\u015bci oraz gorliwo\u015bci misyjnej w\u015br\u00f3d dzieci,<br \/>\n\u2022 w\u0142\u0105czenie si\u0119 w konkretn\u0105 dzia\u0142alno\u015b\u0107 misyjn\u0105 Ko\u015bcio\u0142a,<br \/>\n\u2022 uczenie si\u0119 otwarto\u015bci i bezinteresowno\u015bci \u2013 by\u0107 darem z siebie dla innych,<br \/>\n\u2022 zaszczepienie solidarno\u015bci pomi\u0119dzy dzie\u0107mi r\u00f3\u017cnych kontynent\u00f3w,<br \/>\n\u2022 poznawanie i wdra\u017canie w \u017cycie papieskich intencji misyjnych na ca\u0142y rok,<br \/>\n\u2022 poznawanie kraj\u00f3w misyjnych (historia, geografia, przyroda, wiara, Ko\u015bci\u00f3\u0142),<br \/>\n\u2022 poznawanie sylwetek znanych misjonarzy i misjonarek,<br \/>\n\u2022 poszukiwanie w\u015br\u00f3d misjonarzy wzorc\u00f3w do na\u015bladowania,<br \/>\n\u2022 poznawanie pracy misjonarzy,<br \/>\n\u2022 nawi\u0105zywanie kontakt\u00f3w z misjonarzami,<br \/>\n\u2022 modlitwa za misjonarzy i o rozw\u00f3j misji,<br \/>\n\u2022 zdobywanie sprawno\u015bci Misjonarza: Ameryki, Azji i Oceanii, Afryki, Europy,<br \/>\n\u2022 pozyskiwanie funduszy (zbi\u00f3rki, loteria fantowa, kiermasz kartek) na pomoc materialn\u0105 na rzecz misji i na programy misyjne,<br \/>\n\u2022 integracja grupy r\u00f3wie\u015bniczej,<br \/>\n\u2022 rozwijanie zdolno\u015bci i zainteresowa\u0144 oraz tw\u00f3rczego my\u015blenia,<br \/>\n\u2022 kszta\u0142towanie postawy otwarto\u015bci i tolerancji wobec ludzi innych ras, wyzna\u0144, innej kultury.<\/p>\n<p><strong>Opiekunem ko\u0142o w naszej parafii jest ks. Tomasz G\u0142odowicz. Spotkania odbywaj\u0105 si\u0119 w ka\u017cdy czwartek o godz.16.15.<\/strong><\/p>\n","protected":false},"excerpt":{"rendered":"<p>Ko\u0142o misyjne jest jedn\u0105 z form zaanga\u017cowania si\u0119 w PDMD \u2013 Papieskie Dzie\u0142o Misyjne Dzieci. Zaj\u0119cia ko\u0142o misyjnego s\u0105 skierowane do uczni\u00f3w klas szko\u0142y podstawowej zainteresowanych tematyk\u0105 misyjn\u0105. &nbsp; CELE &#8230;<\/p>\n","protected":false},"author":7,"featured_media":0,"parent":87,"menu_order":9,"comment_status":"closed","ping_status":"closed","template":"","meta":[],"_links":{"self":[{"href":"http:\/\/www.mbnp.archidiecezja.wroc.pl\/index.php?rest_route=\/wp\/v2\/pages\/120"}],"collection":[{"href":"http:\/\/www.mbnp.archidiecezja.wroc.pl\/index.php?rest_route=\/wp\/v2\/pages"}],"about":[{"href":"http:\/\/www.mbnp.archidiecezja.wroc.pl\/index.php?rest_route=\/wp\/v2\/types\/page"}],"author":[{"embeddable":true,"href":"http:\/\/www.mbnp.archidiecezja.wroc.pl\/index.php?rest_route=\/wp\/v2\/users\/7"}],"replies":[{"embeddable":true,"href":"http:\/\/www.mbnp.archidiecezja.wroc.pl\/index.php?rest_route=%2Fwp%2Fv2%2Fcomments&post=120"}],"version-history":[{"count":7,"href":"http:\/\/www.mbnp.archidiecezja.wroc.pl\/index.php?rest_route=\/wp\/v2\/pages\/120\/revisions"}],"predecessor-version":[{"id":1921,"href":"http:\/\/www.mbnp.archidiecezja.wroc.pl\/index.php?rest_route=\/wp\/v2\/pages\/120\/revisions\/1921"}],"up":[{"embeddable":true,"href":"http:\/\/www.mbnp.archidiecezja.wroc.pl\/index.php?rest_route=\/wp\/v2\/pages\/87"}],"wp:attachment":[{"href":"http:\/\/www.mbnp.archidiecezja.wroc.pl\/index.php?rest_route=%2Fwp%2Fv2%2Fmedia&parent=120"}],"curies":[{"name":"wp","href":"https:\/\/api.w.org\/{rel}","templated":true}]}}