{"id":118,"date":"2015-11-21T17:10:40","date_gmt":"2015-11-21T16:10:40","guid":{"rendered":"http:\/\/serwer1527024.home.pl\/pub\/wordpress\/?page_id=118"},"modified":"2025-02-07T13:30:17","modified_gmt":"2025-02-07T12:30:17","slug":"eucharystyczny-ruch-mlodych","status":"publish","type":"page","link":"http:\/\/www.mbnp.archidiecezja.wroc.pl\/?page_id=118","title":{"rendered":"Schola Liturgiczna"},"content":{"rendered":"<p>Schola Liturgiczna powsta\u0142a w styczniu 2017 roku. Celem jej dzia\u0142alno\u015bci jest s\u0142u\u017cba muzyczna w czasie sprawowania liturgii w tutejszej wsp\u00f3lnocie parafialnej, tj. prowadzenie \u015bpiewu podczas Mszy \u015bwi\u0119tych i nabo\u017ce\u0144stw, wykonywanie utwor\u00f3w o charakterze liturgicznym, w\u015br\u00f3d kt\u00f3rych szczeg\u00f3lne miejsce zajmuje chora\u0142 gregoria\u0144ski, wyrabianie wra\u017cliwo\u015bci na pi\u0119kno muzyki ko\u015bcielnej i dba\u0142o\u015b\u0107 o jej czysto\u015b\u0107 i \u015bwi\u0119to\u015b\u0107. Schola przygotowuje utwory jednog\u0142osowe i polifoniczne. Schola liczy kilkunastu cz\u0142onk\u00f3w w wieku od kilkunastu do pi\u0119\u0107dziesi\u0119ciu lat, a wi\u0119c jest grup\u0105 wielopokoleniow\u0105.&nbsp;<del><\/del><\/p>\n<p>Wszystkich ch\u0119tnych, pragn\u0105cych do\u0142\u0105czy\u0107 do tej grupy, zapraszamy na cotygodniowe pr\u00f3by, kt\u00f3re odbywaj\u0105 si\u0119 w ka\u017cdy czwartek,w auli parafialnej, w godzinach: 19:00- 20:30.<\/p>\n\n\n<figure class=\"wp-block-image\"><img decoding=\"async\" loading=\"lazy\" width=\"724\" height=\"1024\" src=\"http:\/\/www.mbnp.archidiecezja.wroc.pl\/wp-content\/uploads\/2025\/02\/Red-and-White-Classic-Elegant-Ornamental-Christmas-Concert-Flyer-1-724x1024.jpg\" alt=\"\" class=\"wp-image-7498\" srcset=\"http:\/\/www.mbnp.archidiecezja.wroc.pl\/wp-content\/uploads\/2025\/02\/Red-and-White-Classic-Elegant-Ornamental-Christmas-Concert-Flyer-1-724x1024.jpg 724w, http:\/\/www.mbnp.archidiecezja.wroc.pl\/wp-content\/uploads\/2025\/02\/Red-and-White-Classic-Elegant-Ornamental-Christmas-Concert-Flyer-1-212x300.jpg 212w, http:\/\/www.mbnp.archidiecezja.wroc.pl\/wp-content\/uploads\/2025\/02\/Red-and-White-Classic-Elegant-Ornamental-Christmas-Concert-Flyer-1-768x1086.jpg 768w, http:\/\/www.mbnp.archidiecezja.wroc.pl\/wp-content\/uploads\/2025\/02\/Red-and-White-Classic-Elegant-Ornamental-Christmas-Concert-Flyer-1.jpg 1414w\" sizes=\"(max-width: 724px) 100vw, 724px\" \/><\/figure>\n","protected":false},"excerpt":{"rendered":"<p>Schola Liturgiczna powsta\u0142a w styczniu 2017 roku. Celem jej dzia\u0142alno\u015bci jest s\u0142u\u017cba muzyczna w czasie sprawowania liturgii w tutejszej wsp\u00f3lnocie parafialnej, tj. prowadzenie \u015bpiewu podczas Mszy \u015bwi\u0119tych i nabo\u017ce\u0144stw, wykonywanie &#8230;<\/p>\n","protected":false},"author":7,"featured_media":0,"parent":87,"menu_order":8,"comment_status":"closed","ping_status":"closed","template":"","meta":[],"_links":{"self":[{"href":"http:\/\/www.mbnp.archidiecezja.wroc.pl\/index.php?rest_route=\/wp\/v2\/pages\/118"}],"collection":[{"href":"http:\/\/www.mbnp.archidiecezja.wroc.pl\/index.php?rest_route=\/wp\/v2\/pages"}],"about":[{"href":"http:\/\/www.mbnp.archidiecezja.wroc.pl\/index.php?rest_route=\/wp\/v2\/types\/page"}],"author":[{"embeddable":true,"href":"http:\/\/www.mbnp.archidiecezja.wroc.pl\/index.php?rest_route=\/wp\/v2\/users\/7"}],"replies":[{"embeddable":true,"href":"http:\/\/www.mbnp.archidiecezja.wroc.pl\/index.php?rest_route=%2Fwp%2Fv2%2Fcomments&post=118"}],"version-history":[{"count":5,"href":"http:\/\/www.mbnp.archidiecezja.wroc.pl\/index.php?rest_route=\/wp\/v2\/pages\/118\/revisions"}],"predecessor-version":[{"id":7499,"href":"http:\/\/www.mbnp.archidiecezja.wroc.pl\/index.php?rest_route=\/wp\/v2\/pages\/118\/revisions\/7499"}],"up":[{"embeddable":true,"href":"http:\/\/www.mbnp.archidiecezja.wroc.pl\/index.php?rest_route=\/wp\/v2\/pages\/87"}],"wp:attachment":[{"href":"http:\/\/www.mbnp.archidiecezja.wroc.pl\/index.php?rest_route=%2Fwp%2Fv2%2Fmedia&parent=118"}],"curies":[{"name":"wp","href":"https:\/\/api.w.org\/{rel}","templated":true}]}}