{"id":1142,"date":"2016-02-23T09:01:20","date_gmt":"2016-02-23T08:01:20","guid":{"rendered":"http:\/\/www.mbnp.archidiecezja.wroc.pl\/?page_id=1142"},"modified":"2024-01-02T19:39:40","modified_gmt":"2024-01-02T18:39:40","slug":"artykuly","status":"publish","type":"page","link":"http:\/\/www.mbnp.archidiecezja.wroc.pl\/?page_id=1142","title":{"rendered":"Artyku\u0142y"},"content":{"rendered":"<h3>Artyku\u0142 z portalu internetowego\u00a0Niedzieli Wroc\u0142awskiej &#8211; 26.06.2018 r.<\/h3>\n<h3><a href=\"http:\/\/www.mbnp.archidiecezja.wroc.pl\/wp-content\/uploads\/2016\/02\/Odpust-krew.jpg\" rel=\"lightbox[1142]\"><img decoding=\"async\" loading=\"lazy\" class=\"aligncenter wp-image-3227\" src=\"http:\/\/www.mbnp.archidiecezja.wroc.pl\/wp-content\/uploads\/2016\/02\/Odpust-krew.jpg\" alt=\"Odpust - krew\" width=\"600\" height=\"506\" srcset=\"http:\/\/www.mbnp.archidiecezja.wroc.pl\/wp-content\/uploads\/2016\/02\/Odpust-krew.jpg 731w, http:\/\/www.mbnp.archidiecezja.wroc.pl\/wp-content\/uploads\/2016\/02\/Odpust-krew-300x253.jpg 300w\" sizes=\"(max-width: 600px) 100vw, 600px\" \/><\/a><\/h3>\n<h3>Artyku\u0142 z portalu internetowego Go\u015bcia Niedzielnego &#8211; 27.12.2017 r.<\/h3>\n<h3 style=\"text-align: center;\"><a href=\"http:\/\/www.mbnp.archidiecezja.wroc.pl\/wp-content\/uploads\/2016\/02\/Pospieszalscy-e1514445584981.jpg\" rel=\"lightbox[1142]\"><img decoding=\"async\" loading=\"lazy\" class=\"aligncenter size-full wp-image-2933\" src=\"http:\/\/www.mbnp.archidiecezja.wroc.pl\/wp-content\/uploads\/2016\/02\/Pospieszalscy-e1514445584981.jpg\" alt=\"Pospieszalscy\" width=\"600\" height=\"403\" \/><\/a><\/h3>\n<h3>Artyku\u0142 z portalu internetowego Radia Rodzina &#8211; 24.12.2017 r.<\/h3>\n<h3 style=\"text-align: center;\"><a href=\"http:\/\/www.mbnp.archidiecezja.wroc.pl\/wp-content\/uploads\/2016\/02\/Pospieszalscy-2-e1514445753449.jpg\" rel=\"lightbox[1142]\"><img decoding=\"async\" loading=\"lazy\" class=\"aligncenter size-full wp-image-2935\" src=\"http:\/\/www.mbnp.archidiecezja.wroc.pl\/wp-content\/uploads\/2016\/02\/Pospieszalscy-2-e1514445753449.jpg\" alt=\"Pospieszalscy 2\" width=\"600\" height=\"507\" \/><\/a><\/h3>\n<h3>Artyku\u0142 z portalu internetowego Go\u015bcia Niedzielnego &#8211; 18.12.2017 r.<\/h3>\n<h3 style=\"text-align: center;\"><a href=\"http:\/\/www.mbnp.archidiecezja.wroc.pl\/wp-content\/uploads\/2016\/02\/HDK-e1514445941911.jpg\" rel=\"lightbox[1142]\"><img decoding=\"async\" loading=\"lazy\" class=\"aligncenter size-full wp-image-2936\" src=\"http:\/\/www.mbnp.archidiecezja.wroc.pl\/wp-content\/uploads\/2016\/02\/HDK-e1514445941911.jpg\" alt=\"HDK\" width=\"600\" height=\"431\" \/><\/a><\/h3>\n<h3>Artyku\u0142 z portalu internetowego Radia Rodzina &#8211; 25.06.2017 r.<\/h3>\n<h3 style=\"text-align: center;\"><a href=\"http:\/\/www.mbnp.archidiecezja.wroc.pl\/wp-content\/uploads\/2016\/02\/rr-e1498483860630.jpg\" rel=\"lightbox[1142]\"><img decoding=\"async\" loading=\"lazy\" class=\"aligncenter size-full wp-image-2651\" src=\"http:\/\/www.mbnp.archidiecezja.wroc.pl\/wp-content\/uploads\/2016\/02\/rr-e1498483860630.jpg\" alt=\"rr\" width=\"600\" height=\"469\" \/><\/a><\/h3>\n<h3>Artyku\u0142 z dodatku wroc\u0142awskiego Niedzieli &#8211; nr 3 z 15.01.2017 r.<\/h3>\n<h3 style=\"text-align: center;\"><a href=\"http:\/\/www.mbnp.archidiecezja.wroc.pl\/wp-content\/uploads\/2016\/02\/Eleni-N-e1484720204441.jpg\" rel=\"lightbox[1142]\"><img decoding=\"async\" loading=\"lazy\" class=\"aligncenter size-large wp-image-2363\" src=\"http:\/\/www.mbnp.archidiecezja.wroc.pl\/wp-content\/uploads\/2016\/02\/Eleni-N-1024x596.jpg\" alt=\"Eleni N\" width=\"648\" height=\"377\" \/><\/a><\/h3>\n<h3>Artyku\u0142 z portalu internetowego Telewizji\u00a0Rodzina &#8211; 06.01.2017 r.<\/h3>\n<h3 style=\"text-align: center;\"><a href=\"http:\/\/www.mbnp.archidiecezja.wroc.pl\/wp-content\/uploads\/2016\/02\/Eleni-2-e1483775359419.jpg\" rel=\"lightbox[1142]\"><img decoding=\"async\" loading=\"lazy\" class=\"aligncenter size-full wp-image-2300\" src=\"http:\/\/www.mbnp.archidiecezja.wroc.pl\/wp-content\/uploads\/2016\/02\/Eleni-2-e1483775359419.jpg\" alt=\"eleni-2\" width=\"600\" height=\"411\" \/><\/a><\/h3>\n<h3>Artyku\u0142 z portalu internetowego Radia Rodzina &#8211; 05.01.2017 r.<\/h3>\n<h3 style=\"text-align: center;\"><a href=\"http:\/\/www.mbnp.archidiecezja.wroc.pl\/wp-content\/uploads\/2016\/02\/Eleni.jpg\" rel=\"lightbox[1142]\"><img decoding=\"async\" loading=\"lazy\" class=\"aligncenter wp-image-2299 size-full\" src=\"http:\/\/www.mbnp.archidiecezja.wroc.pl\/wp-content\/uploads\/2016\/02\/Eleni-e1483775150897.jpg\" alt=\"eleni\" width=\"600\" height=\"499\" \/><\/a><\/h3>\n<h3>Artyku\u0142 z portalu internetowego\u00a0Prawy.pl &#8211; 27.07.2016 r.<\/h3>\n<h3 style=\"text-align: center;\"><a href=\"http:\/\/www.mbnp.archidiecezja.wroc.pl\/wp-content\/uploads\/2016\/02\/Prawy2-e1469631978736.jpg\" rel=\"lightbox[1142]\"><img decoding=\"async\" loading=\"lazy\" class=\"aligncenter size-full wp-image-1835\" src=\"http:\/\/www.mbnp.archidiecezja.wroc.pl\/wp-content\/uploads\/2016\/02\/Prawy2-e1469631978736.jpg\" alt=\"Prawy2\" width=\"600\" height=\"460\" \/><\/a><\/h3>\n<h3>Artyku\u0142 z portalu internetowego\u00a0Prawy.pl &#8211; 26.07.2016 r.<\/h3>\n<h3 style=\"text-align: center;\"><a href=\"http:\/\/www.mbnp.archidiecezja.wroc.pl\/wp-content\/uploads\/2016\/02\/prawy1-e1469608698119.jpg\" rel=\"lightbox[1142]\"><img decoding=\"async\" loading=\"lazy\" class=\"aligncenter wp-image-1832 size-full\" src=\"http:\/\/www.mbnp.archidiecezja.wroc.pl\/wp-content\/uploads\/2016\/02\/prawy1-e1469608729151.jpg\" alt=\"prawy1\" width=\"600\" height=\"460\" \/><\/a><\/h3>\n<h3>Artyku\u0142 z portalu internetowego\u00a0Prawy.pl &#8211; 25.07.2016 r.<\/h3>\n<h3><a href=\"http:\/\/www.mbnp.archidiecezja.wroc.pl\/wp-content\/uploads\/2016\/02\/Prawy1.jpg\" rel=\"lightbox[1142]\"><img decoding=\"async\" loading=\"lazy\" class=\"aligncenter wp-image-1818 size-full\" src=\"http:\/\/www.mbnp.archidiecezja.wroc.pl\/wp-content\/uploads\/2016\/02\/Prawy1-e1469479028865.jpg\" alt=\"Prawy1\" width=\"600\" height=\"459\" \/><\/a><\/h3>\n<h3>Artyku\u0142 z portalu internetowego Radia Rodzina &#8211; 01.04.2016 r.<\/h3>\n<h3><a href=\"http:\/\/www.mbnp.archidiecezja.wroc.pl\/wp-content\/uploads\/2016\/02\/RR.jpg\" rel=\"lightbox[1142]\"><img decoding=\"async\" loading=\"lazy\" class=\"aligncenter wp-image-1487\" src=\"http:\/\/www.mbnp.archidiecezja.wroc.pl\/wp-content\/uploads\/2016\/02\/RR.jpg\" alt=\"RR\" width=\"600\" height=\"406\" srcset=\"http:\/\/www.mbnp.archidiecezja.wroc.pl\/wp-content\/uploads\/2016\/02\/RR.jpg 994w, http:\/\/www.mbnp.archidiecezja.wroc.pl\/wp-content\/uploads\/2016\/02\/RR-300x203.jpg 300w\" sizes=\"(max-width: 600px) 100vw, 600px\" \/><\/a><\/h3>\n<h3>Artyku\u0142 z dodatku wroc\u0142awskiego Niedzieli &#8211; nr 12 z 20.03.2016 r.<\/h3>\n<h3 style=\"text-align: center;\"><a href=\"http:\/\/www.mbnp.archidiecezja.wroc.pl\/wp-content\/uploads\/2016\/02\/Caritas.jpg\" rel=\"lightbox[1142]\"><img decoding=\"async\" loading=\"lazy\" class=\"alignnone size-large wp-image-1456\" src=\"http:\/\/www.mbnp.archidiecezja.wroc.pl\/wp-content\/uploads\/2016\/02\/Caritas-1024x632.jpg\" alt=\"Caritas\" width=\"648\" height=\"400\" srcset=\"http:\/\/www.mbnp.archidiecezja.wroc.pl\/wp-content\/uploads\/2016\/02\/Caritas-1024x632.jpg 1024w, http:\/\/www.mbnp.archidiecezja.wroc.pl\/wp-content\/uploads\/2016\/02\/Caritas-300x185.jpg 300w, http:\/\/www.mbnp.archidiecezja.wroc.pl\/wp-content\/uploads\/2016\/02\/Caritas.jpg 1709w\" sizes=\"(max-width: 648px) 100vw, 648px\" \/><\/a><\/h3>\n<h3>Artyku\u0142 z portalu internetowego Radia Rodzina &#8211; 08.03.2016 r.<\/h3>\n<p><a href=\"http:\/\/www.mbnp.archidiecezja.wroc.pl\/wp-content\/uploads\/2016\/02\/RR1.jpg\" rel=\"lightbox[1142]\"><img decoding=\"async\" loading=\"lazy\" class=\"aligncenter wp-image-1402 size-large\" src=\"http:\/\/www.mbnp.archidiecezja.wroc.pl\/wp-content\/uploads\/2016\/02\/RR1-1024x620.jpg\" alt=\"RR1\" width=\"648\" height=\"392\" srcset=\"http:\/\/www.mbnp.archidiecezja.wroc.pl\/wp-content\/uploads\/2016\/02\/RR1-1024x620.jpg 1024w, http:\/\/www.mbnp.archidiecezja.wroc.pl\/wp-content\/uploads\/2016\/02\/RR1-300x182.jpg 300w, http:\/\/www.mbnp.archidiecezja.wroc.pl\/wp-content\/uploads\/2016\/02\/RR1.jpg 1030w\" sizes=\"(max-width: 648px) 100vw, 648px\" \/><\/a><\/p>\n","protected":false},"excerpt":{"rendered":"<p>Artyku\u0142 z portalu internetowego\u00a0Niedzieli Wroc\u0142awskiej &#8211; 26.06.2018 r. Artyku\u0142 z portalu internetowego Go\u015bcia Niedzielnego &#8211; 27.12.2017 r. Artyku\u0142 z portalu internetowego Radia Rodzina &#8211; 24.12.2017 r. Artyku\u0142 z portalu internetowego &#8230;<\/p>\n","protected":false},"author":7,"featured_media":0,"parent":174,"menu_order":13,"comment_status":"closed","ping_status":"closed","template":"","meta":[],"_links":{"self":[{"href":"http:\/\/www.mbnp.archidiecezja.wroc.pl\/index.php?rest_route=\/wp\/v2\/pages\/1142"}],"collection":[{"href":"http:\/\/www.mbnp.archidiecezja.wroc.pl\/index.php?rest_route=\/wp\/v2\/pages"}],"about":[{"href":"http:\/\/www.mbnp.archidiecezja.wroc.pl\/index.php?rest_route=\/wp\/v2\/types\/page"}],"author":[{"embeddable":true,"href":"http:\/\/www.mbnp.archidiecezja.wroc.pl\/index.php?rest_route=\/wp\/v2\/users\/7"}],"replies":[{"embeddable":true,"href":"http:\/\/www.mbnp.archidiecezja.wroc.pl\/index.php?rest_route=%2Fwp%2Fv2%2Fcomments&post=1142"}],"version-history":[{"count":14,"href":"http:\/\/www.mbnp.archidiecezja.wroc.pl\/index.php?rest_route=\/wp\/v2\/pages\/1142\/revisions"}],"predecessor-version":[{"id":3228,"href":"http:\/\/www.mbnp.archidiecezja.wroc.pl\/index.php?rest_route=\/wp\/v2\/pages\/1142\/revisions\/3228"}],"up":[{"embeddable":true,"href":"http:\/\/www.mbnp.archidiecezja.wroc.pl\/index.php?rest_route=\/wp\/v2\/pages\/174"}],"wp:attachment":[{"href":"http:\/\/www.mbnp.archidiecezja.wroc.pl\/index.php?rest_route=%2Fwp%2Fv2%2Fmedia&parent=1142"}],"curies":[{"name":"wp","href":"https:\/\/api.w.org\/{rel}","templated":true}]}}