{"id":107,"date":"2015-11-21T16:55:19","date_gmt":"2015-11-21T15:55:19","guid":{"rendered":"http:\/\/serwer1527024.home.pl\/pub\/wordpress\/?page_id=107"},"modified":"2024-06-25T20:17:54","modified_gmt":"2024-06-25T18:17:54","slug":"relikwie-swietych","status":"publish","type":"page","link":"http:\/\/www.mbnp.archidiecezja.wroc.pl\/?page_id=107","title":{"rendered":"Relikwie \u015bwi\u0119tych"},"content":{"rendered":"\n<h4 class=\"wp-block-heading\" style=\"text-align:center\">Ju\u017c tradycj\u0105 naszej Parafii sta\u0142 si\u0119 obrz\u0119d wprowadzenia Relikwii \u015awi\u0119tych i B\u0142ogos\u0142awionych, kt\u00f3rym zazwyczaj ko\u0144cz\u0105 si\u0119 rekolekcje wielkopostne czy te\u017c adwentowe. W pierwsze Relikwie nasza Parafia wzbogaci\u0142a si\u0119 w dniu konsekracji ko\u015bcio\u0142a czyli 29 pa\u017adziernika 2000 roku. By\u0142y to Relikwie b\u0142. Honorata Ko\u017ami\u0144skiego, wmurowane w podstaw\u0119 o\u0142tarza. Kolejne Relikwie wprowadzane s\u0105 systematycznie od 2015 roku. I cho\u0107 mo\u017ce pojawi\u0107 si\u0119 pytanie, a nawet w\u0105tpliwo\u015b\u0107, co do racji tego przedsi\u0119wzi\u0119cia, a to za spraw\u0105 znanych z historii Ko\u015bcio\u0142a nadu\u017cy\u0107 z relikwiami w roli g\u0142\u00f3wnej, to jednak warto przypomnie\u0107, \u017ce uzasadnieniem czci oddawanej doczesnym szcz\u0105tkom os\u00f3b beatyfikowanych i kanonizowanych jest zar\u00f3wno nauczanie Starego jak i Nowego Testamentu oraz Magisterium Ko\u015bcio\u0142a. Chc\u0105cych pog\u0142\u0119bi\u0107 to zagadnienie odsy\u0142amy do bogatej literatury Ko\u015bcio\u0142a, podejmuj\u0105cej ten temat, a wst\u0119pem do wnikliwego studium tematu mo\u017ce by\u0107 poni\u017cszy artyku\u0142 ks. Grzegorza Dziewulskiego &#8222;Teologiczne podstawy kultu relikwii&#8221; zamieszczony w periodyku \u0141\u00f3dzkie Studia Teologiczne 17\/2008, str. 167- 183, do kt\u00f3rego link podajemy poni\u017cej.    <a href=\"http:\/\/bazhum.muzhp.pl\/media\/\/files\/Lodzkie_Studia_Teologiczne\/Lodzkie_Studia_Teologiczne-r2008-t17\/Lodzkie_Studia_Teologiczne-r2008-t17-s167-183\/Lodzkie_Studia_Teologiczne-r2008-t17-s167-183.pdf\">http:\/\/bazhum.muzhp.pl\/media\/\/files\/Lodzkie_Studia_Teologiczne\/Lodzkie_Studia_Teologiczne-r2008-t17\/Lodzkie_Studia_Teologiczne-r2008-t17-s167-183\/Lodzkie_Studia_Teologiczne-r2008-t17-s167-183.pdf<\/a><\/h4>\n\n\n\n<p><\/p>\n\n\n\n<figure class=\"wp-block-image is-resized\"><img decoding=\"async\" loading=\"lazy\" src=\"http:\/\/www.mbnp.archidiecezja.wroc.pl\/wp-content\/uploads\/2019\/07\/Slajd1-3-768x1024.jpg\" alt=\"\" class=\"wp-image-3724\" width=\"384\" height=\"512\" srcset=\"http:\/\/www.mbnp.archidiecezja.wroc.pl\/wp-content\/uploads\/2019\/07\/Slajd1-3-768x1024.jpg 768w, http:\/\/www.mbnp.archidiecezja.wroc.pl\/wp-content\/uploads\/2019\/07\/Slajd1-3-225x300.jpg 225w, http:\/\/www.mbnp.archidiecezja.wroc.pl\/wp-content\/uploads\/2019\/07\/Slajd1-3.jpg 1008w\" sizes=\"(max-width: 384px) 100vw, 384px\" \/><figcaption> <br> <br><\/figcaption><\/figure>\n\n\n\n<figure class=\"wp-block-image is-resized\"><img decoding=\"async\" loading=\"lazy\" src=\"http:\/\/www.mbnp.archidiecezja.wroc.pl\/wp-content\/uploads\/2019\/07\/Slajd3-768x1024.jpg\" alt=\"\" class=\"wp-image-3735\" width=\"384\" height=\"512\" srcset=\"http:\/\/www.mbnp.archidiecezja.wroc.pl\/wp-content\/uploads\/2019\/07\/Slajd3-768x1024.jpg 768w, http:\/\/www.mbnp.archidiecezja.wroc.pl\/wp-content\/uploads\/2019\/07\/Slajd3-225x300.jpg 225w, http:\/\/www.mbnp.archidiecezja.wroc.pl\/wp-content\/uploads\/2019\/07\/Slajd3.jpg 1008w\" sizes=\"(max-width: 384px) 100vw, 384px\" \/><\/figure>\n\n\n\n<figure class=\"wp-block-image is-resized\"><img decoding=\"async\" loading=\"lazy\" src=\"http:\/\/www.mbnp.archidiecezja.wroc.pl\/wp-content\/uploads\/2019\/07\/Slajd2-768x1024.jpg\" alt=\"\" class=\"wp-image-3736\" width=\"384\" height=\"512\" srcset=\"http:\/\/www.mbnp.archidiecezja.wroc.pl\/wp-content\/uploads\/2019\/07\/Slajd2-768x1024.jpg 768w, http:\/\/www.mbnp.archidiecezja.wroc.pl\/wp-content\/uploads\/2019\/07\/Slajd2-225x300.jpg 225w, http:\/\/www.mbnp.archidiecezja.wroc.pl\/wp-content\/uploads\/2019\/07\/Slajd2.jpg 1008w\" sizes=\"(max-width: 384px) 100vw, 384px\" \/><\/figure>\n\n\n\n<figure class=\"wp-block-image is-resized\"><img decoding=\"async\" loading=\"lazy\" src=\"http:\/\/www.mbnp.archidiecezja.wroc.pl\/wp-content\/uploads\/2019\/07\/Slajd6-768x1024.jpg\" alt=\"\" class=\"wp-image-3738\" width=\"384\" height=\"512\" srcset=\"http:\/\/www.mbnp.archidiecezja.wroc.pl\/wp-content\/uploads\/2019\/07\/Slajd6-768x1024.jpg 768w, http:\/\/www.mbnp.archidiecezja.wroc.pl\/wp-content\/uploads\/2019\/07\/Slajd6-225x300.jpg 225w, http:\/\/www.mbnp.archidiecezja.wroc.pl\/wp-content\/uploads\/2019\/07\/Slajd6.jpg 1008w\" sizes=\"(max-width: 384px) 100vw, 384px\" \/><\/figure>\n\n\n\n<figure class=\"wp-block-image is-resized\"><img decoding=\"async\" loading=\"lazy\" src=\"http:\/\/www.mbnp.archidiecezja.wroc.pl\/wp-content\/uploads\/2019\/07\/Slajd5-768x1024.jpg\" alt=\"\" class=\"wp-image-3737\" width=\"384\" height=\"512\" srcset=\"http:\/\/www.mbnp.archidiecezja.wroc.pl\/wp-content\/uploads\/2019\/07\/Slajd5-768x1024.jpg 768w, http:\/\/www.mbnp.archidiecezja.wroc.pl\/wp-content\/uploads\/2019\/07\/Slajd5-225x300.jpg 225w, http:\/\/www.mbnp.archidiecezja.wroc.pl\/wp-content\/uploads\/2019\/07\/Slajd5.jpg 1008w\" sizes=\"(max-width: 384px) 100vw, 384px\" \/><\/figure>\n\n\n\n<figure class=\"wp-block-image is-resized\"><img decoding=\"async\" loading=\"lazy\" src=\"http:\/\/www.mbnp.archidiecezja.wroc.pl\/wp-content\/uploads\/2023\/01\/Ks.-Popie\u0142uszko-768x1024.jpg\" alt=\"\" class=\"wp-image-6367\" width=\"384\" height=\"512\" srcset=\"http:\/\/www.mbnp.archidiecezja.wroc.pl\/wp-content\/uploads\/2023\/01\/Ks.-Popie\u0142uszko-768x1024.jpg 768w, http:\/\/www.mbnp.archidiecezja.wroc.pl\/wp-content\/uploads\/2023\/01\/Ks.-Popie\u0142uszko-225x300.jpg 225w, http:\/\/www.mbnp.archidiecezja.wroc.pl\/wp-content\/uploads\/2023\/01\/Ks.-Popie\u0142uszko.jpg 1008w\" sizes=\"(max-width: 384px) 100vw, 384px\" \/><\/figure>\n\n\n\n<figure class=\"wp-block-image is-resized\"><img decoding=\"async\" loading=\"lazy\" src=\"http:\/\/www.mbnp.archidiecezja.wroc.pl\/wp-content\/uploads\/2019\/07\/Slajd4-768x1024.jpg\" alt=\"\" class=\"wp-image-3740\" width=\"384\" height=\"512\" srcset=\"http:\/\/www.mbnp.archidiecezja.wroc.pl\/wp-content\/uploads\/2019\/07\/Slajd4-768x1024.jpg 768w, http:\/\/www.mbnp.archidiecezja.wroc.pl\/wp-content\/uploads\/2019\/07\/Slajd4-225x300.jpg 225w, http:\/\/www.mbnp.archidiecezja.wroc.pl\/wp-content\/uploads\/2019\/07\/Slajd4.jpg 1008w\" sizes=\"(max-width: 384px) 100vw, 384px\" \/><\/figure>\n\n\n\n<figure class=\"wp-block-image is-resized\"><img decoding=\"async\" loading=\"lazy\" src=\"http:\/\/www.mbnp.archidiecezja.wroc.pl\/wp-content\/uploads\/2019\/07\/Slajd8-768x1024.jpg\" alt=\"\" class=\"wp-image-3741\" width=\"384\" height=\"512\" srcset=\"http:\/\/www.mbnp.archidiecezja.wroc.pl\/wp-content\/uploads\/2019\/07\/Slajd8-768x1024.jpg 768w, http:\/\/www.mbnp.archidiecezja.wroc.pl\/wp-content\/uploads\/2019\/07\/Slajd8-225x300.jpg 225w, http:\/\/www.mbnp.archidiecezja.wroc.pl\/wp-content\/uploads\/2019\/07\/Slajd8.jpg 1008w\" sizes=\"(max-width: 384px) 100vw, 384px\" \/><\/figure>\n\n\n\n<figure class=\"wp-block-image is-resized\"><img decoding=\"async\" loading=\"lazy\" src=\"http:\/\/www.mbnp.archidiecezja.wroc.pl\/wp-content\/uploads\/2019\/07\/Slajd9-2-768x1024.jpg\" alt=\"\" class=\"wp-image-3742\" width=\"384\" height=\"512\" srcset=\"http:\/\/www.mbnp.archidiecezja.wroc.pl\/wp-content\/uploads\/2019\/07\/Slajd9-2-768x1024.jpg 768w, http:\/\/www.mbnp.archidiecezja.wroc.pl\/wp-content\/uploads\/2019\/07\/Slajd9-2-225x300.jpg 225w, http:\/\/www.mbnp.archidiecezja.wroc.pl\/wp-content\/uploads\/2019\/07\/Slajd9-2.jpg 1008w\" sizes=\"(max-width: 384px) 100vw, 384px\" \/><\/figure>\n\n\n\n<figure class=\"wp-block-image is-resized\"><img decoding=\"async\" loading=\"lazy\" src=\"http:\/\/www.mbnp.archidiecezja.wroc.pl\/wp-content\/uploads\/2019\/09\/Slajd-11-768x1024.jpg\" alt=\"\" class=\"wp-image-4020\" width=\"384\" height=\"512\" srcset=\"http:\/\/www.mbnp.archidiecezja.wroc.pl\/wp-content\/uploads\/2019\/09\/Slajd-11-768x1024.jpg 768w, http:\/\/www.mbnp.archidiecezja.wroc.pl\/wp-content\/uploads\/2019\/09\/Slajd-11-225x300.jpg 225w, http:\/\/www.mbnp.archidiecezja.wroc.pl\/wp-content\/uploads\/2019\/09\/Slajd-11.jpg 1008w\" sizes=\"(max-width: 384px) 100vw, 384px\" \/><\/figure>\n\n\n\n<figure class=\"wp-block-image is-resized\"><img decoding=\"async\" loading=\"lazy\" src=\"http:\/\/www.mbnp.archidiecezja.wroc.pl\/wp-content\/uploads\/2019\/09\/Slajd-10-768x1024.jpg\" alt=\"\" class=\"wp-image-4021\" width=\"384\" height=\"512\" srcset=\"http:\/\/www.mbnp.archidiecezja.wroc.pl\/wp-content\/uploads\/2019\/09\/Slajd-10-768x1024.jpg 768w, http:\/\/www.mbnp.archidiecezja.wroc.pl\/wp-content\/uploads\/2019\/09\/Slajd-10-225x300.jpg 225w, http:\/\/www.mbnp.archidiecezja.wroc.pl\/wp-content\/uploads\/2019\/09\/Slajd-10.jpg 1008w\" sizes=\"(max-width: 384px) 100vw, 384px\" \/><\/figure>\n\n\n\n<figure class=\"wp-block-image is-resized\"><img decoding=\"async\" loading=\"lazy\" src=\"http:\/\/www.mbnp.archidiecezja.wroc.pl\/wp-content\/uploads\/2020\/07\/M.-Sopo\u0107ko-768x1024.jpg\" alt=\"\" class=\"wp-image-4782\" width=\"384\" height=\"512\" srcset=\"http:\/\/www.mbnp.archidiecezja.wroc.pl\/wp-content\/uploads\/2020\/07\/M.-Sopo\u0107ko-768x1024.jpg 768w, http:\/\/www.mbnp.archidiecezja.wroc.pl\/wp-content\/uploads\/2020\/07\/M.-Sopo\u0107ko-225x300.jpg 225w, http:\/\/www.mbnp.archidiecezja.wroc.pl\/wp-content\/uploads\/2020\/07\/M.-Sopo\u0107ko.jpg 1008w\" sizes=\"(max-width: 384px) 100vw, 384px\" \/><\/figure>\n\n\n\n<figure class=\"wp-block-image is-resized\"><img decoding=\"async\" loading=\"lazy\" src=\"http:\/\/www.mbnp.archidiecezja.wroc.pl\/wp-content\/uploads\/2021\/11\/K.-768x1024.jpg\" alt=\"\" class=\"wp-image-5623\" width=\"384\" height=\"512\" srcset=\"http:\/\/www.mbnp.archidiecezja.wroc.pl\/wp-content\/uploads\/2021\/11\/K.-768x1024.jpg 768w, http:\/\/www.mbnp.archidiecezja.wroc.pl\/wp-content\/uploads\/2021\/11\/K.-225x300.jpg 225w, http:\/\/www.mbnp.archidiecezja.wroc.pl\/wp-content\/uploads\/2021\/11\/K..jpg 1008w\" sizes=\"(max-width: 384px) 100vw, 384px\" \/><\/figure>\n\n\n\n<figure class=\"wp-block-image is-resized\"><img decoding=\"async\" loading=\"lazy\" src=\"http:\/\/www.mbnp.archidiecezja.wroc.pl\/wp-content\/uploads\/2022\/04\/O.-Micha\u0142-i-o.-Zbigniew-768x1024.jpg\" alt=\"\" class=\"wp-image-5882\" width=\"384\" height=\"512\" srcset=\"http:\/\/www.mbnp.archidiecezja.wroc.pl\/wp-content\/uploads\/2022\/04\/O.-Micha\u0142-i-o.-Zbigniew-768x1024.jpg 768w, http:\/\/www.mbnp.archidiecezja.wroc.pl\/wp-content\/uploads\/2022\/04\/O.-Micha\u0142-i-o.-Zbigniew-225x300.jpg 225w, http:\/\/www.mbnp.archidiecezja.wroc.pl\/wp-content\/uploads\/2022\/04\/O.-Micha\u0142-i-o.-Zbigniew.jpg 1008w\" sizes=\"(max-width: 384px) 100vw, 384px\" \/><\/figure>\n\n\n\n<figure class=\"wp-block-image is-resized\"><img decoding=\"async\" loading=\"lazy\" src=\"http:\/\/www.mbnp.archidiecezja.wroc.pl\/wp-content\/uploads\/2024\/02\/Antyramy-Swietych-768x1024.jpg\" alt=\"\" class=\"wp-image-7040\" width=\"384\" height=\"512\" srcset=\"http:\/\/www.mbnp.archidiecezja.wroc.pl\/wp-content\/uploads\/2024\/02\/Antyramy-Swietych-768x1024.jpg 768w, http:\/\/www.mbnp.archidiecezja.wroc.pl\/wp-content\/uploads\/2024\/02\/Antyramy-Swietych-225x300.jpg 225w, http:\/\/www.mbnp.archidiecezja.wroc.pl\/wp-content\/uploads\/2024\/02\/Antyramy-Swietych.jpg 1008w\" sizes=\"(max-width: 384px) 100vw, 384px\" \/><\/figure>\n\n\n\n<figure class=\"wp-block-image is-resized\"><img decoding=\"async\" loading=\"lazy\" src=\"http:\/\/www.mbnp.archidiecezja.wroc.pl\/wp-content\/uploads\/2024\/02\/Sw.-Ignacy-768x1024.jpg\" alt=\"\" class=\"wp-image-7042\" width=\"384\" height=\"512\" srcset=\"http:\/\/www.mbnp.archidiecezja.wroc.pl\/wp-content\/uploads\/2024\/02\/Sw.-Ignacy-768x1024.jpg 768w, http:\/\/www.mbnp.archidiecezja.wroc.pl\/wp-content\/uploads\/2024\/02\/Sw.-Ignacy-225x300.jpg 225w, http:\/\/www.mbnp.archidiecezja.wroc.pl\/wp-content\/uploads\/2024\/02\/Sw.-Ignacy.jpg 1008w\" sizes=\"(max-width: 384px) 100vw, 384px\" \/><\/figure>\n\n\n\n<figure class=\"wp-block-image is-resized\"><img decoding=\"async\" loading=\"lazy\" src=\"http:\/\/www.mbnp.archidiecezja.wroc.pl\/wp-content\/uploads\/2024\/06\/\u015bw.-Wincenty-768x1024.jpg\" alt=\"\" class=\"wp-image-7246\" width=\"384\" height=\"512\" srcset=\"http:\/\/www.mbnp.archidiecezja.wroc.pl\/wp-content\/uploads\/2024\/06\/\u015bw.-Wincenty-768x1024.jpg 768w, http:\/\/www.mbnp.archidiecezja.wroc.pl\/wp-content\/uploads\/2024\/06\/\u015bw.-Wincenty-225x300.jpg 225w, http:\/\/www.mbnp.archidiecezja.wroc.pl\/wp-content\/uploads\/2024\/06\/\u015bw.-Wincenty.jpg 1008w\" sizes=\"(max-width: 384px) 100vw, 384px\" \/><\/figure>\n\n\n\n<figure class=\"wp-block-image is-resized\"><img decoding=\"async\" loading=\"lazy\" src=\"http:\/\/www.mbnp.archidiecezja.wroc.pl\/wp-content\/uploads\/2024\/06\/Ulmowie-768x1024.jpg\" alt=\"\" class=\"wp-image-7247\" width=\"384\" height=\"512\" srcset=\"http:\/\/www.mbnp.archidiecezja.wroc.pl\/wp-content\/uploads\/2024\/06\/Ulmowie-768x1024.jpg 768w, http:\/\/www.mbnp.archidiecezja.wroc.pl\/wp-content\/uploads\/2024\/06\/Ulmowie-225x300.jpg 225w, http:\/\/www.mbnp.archidiecezja.wroc.pl\/wp-content\/uploads\/2024\/06\/Ulmowie.jpg 1008w\" sizes=\"(max-width: 384px) 100vw, 384px\" \/><\/figure>\n","protected":false},"excerpt":{"rendered":"<p>Ju\u017c tradycj\u0105 naszej Parafii sta\u0142 si\u0119 obrz\u0119d wprowadzenia Relikwii \u015awi\u0119tych i B\u0142ogos\u0142awionych, kt\u00f3rym zazwyczaj ko\u0144cz\u0105 si\u0119 rekolekcje wielkopostne czy te\u017c adwentowe. W pierwsze Relikwie nasza Parafia wzbogaci\u0142a si\u0119 w dniu &#8230;<\/p>\n","protected":false},"author":7,"featured_media":0,"parent":73,"menu_order":0,"comment_status":"closed","ping_status":"closed","template":"","meta":[],"_links":{"self":[{"href":"http:\/\/www.mbnp.archidiecezja.wroc.pl\/index.php?rest_route=\/wp\/v2\/pages\/107"}],"collection":[{"href":"http:\/\/www.mbnp.archidiecezja.wroc.pl\/index.php?rest_route=\/wp\/v2\/pages"}],"about":[{"href":"http:\/\/www.mbnp.archidiecezja.wroc.pl\/index.php?rest_route=\/wp\/v2\/types\/page"}],"author":[{"embeddable":true,"href":"http:\/\/www.mbnp.archidiecezja.wroc.pl\/index.php?rest_route=\/wp\/v2\/users\/7"}],"replies":[{"embeddable":true,"href":"http:\/\/www.mbnp.archidiecezja.wroc.pl\/index.php?rest_route=%2Fwp%2Fv2%2Fcomments&post=107"}],"version-history":[{"count":54,"href":"http:\/\/www.mbnp.archidiecezja.wroc.pl\/index.php?rest_route=\/wp\/v2\/pages\/107\/revisions"}],"predecessor-version":[{"id":7248,"href":"http:\/\/www.mbnp.archidiecezja.wroc.pl\/index.php?rest_route=\/wp\/v2\/pages\/107\/revisions\/7248"}],"up":[{"embeddable":true,"href":"http:\/\/www.mbnp.archidiecezja.wroc.pl\/index.php?rest_route=\/wp\/v2\/pages\/73"}],"wp:attachment":[{"href":"http:\/\/www.mbnp.archidiecezja.wroc.pl\/index.php?rest_route=%2Fwp%2Fv2%2Fmedia&parent=107"}],"curies":[{"name":"wp","href":"https:\/\/api.w.org\/{rel}","templated":true}]}}