{"id":101,"date":"2015-11-21T16:53:18","date_gmt":"2015-11-21T15:53:18","guid":{"rendered":"http:\/\/serwer1527024.home.pl\/pub\/wordpress\/?page_id=101"},"modified":"2026-01-13T10:57:59","modified_gmt":"2026-01-13T09:57:59","slug":"obszar-parafii","status":"publish","type":"page","link":"http:\/\/www.mbnp.archidiecezja.wroc.pl\/?page_id=101","title":{"rendered":"Obszar parafii"},"content":{"rendered":"<p><strong>Parafia obejmuje nast\u0119puj\u0105ce ulice:<\/strong><\/p>\n<p>Angielska, Australijska, Baskijska, Belgijska, Bia\u0142oruska, Esto\u0144ska, Fabryczna, Francuska, Grecka, Hiszpa\u0144ska, Holenderska, Irlandzka, Kanadyjska, Kleci\u0144ska, Muchoborska, Norweska, Przemkowska, Stan\u00f3w Zjednoczonych, Strzegomska (n-ry od 143 do ko\u0144ca), Szkocka, Szczyrki, Szwedzka, Traktatowa, Turecka.<\/p>\n<p><strong>Na terenie parafii znajduj\u0105 si\u0119 nast\u0119puj\u0105ce szko\u0142y: <\/strong><\/p>\n<ul>\n<li>Przedszkole nr 58, ul. Strzegomska 322;<\/li>\n<li>Szko\u0142a Podstawowa nr 28, ul. Grecka 59;<\/li>\n<li>Zesp\u00f3\u0142 Szk\u00f3\u0142 Nr 3, ul. Szkocka 64<\/li>\n<\/ul>\n<p><strong>Dodatkowe informacje o parafii:<\/strong><\/p>\n<p>Erygowanie Parafii: 1983 r.<\/p>\n<p>Ksi\u0119gi metrykalne: od 1978 r.<\/p>\n<p>Odpust: przedostatnia niedziela czerwca<\/p>\n<p>Nabo\u017ce\u0144stwo 40-godzinne: przed \u015arod\u0105 Popielcow\u0105<\/p>\n<p>Wieczysta Adoracja: 29 grudnia<\/p>\n<p>Liczba mieszka\u0144c\u00f3w: 9301<\/p>\n","protected":false},"excerpt":{"rendered":"<p>Parafia obejmuje nast\u0119puj\u0105ce ulice: Angielska, Australijska, Baskijska, Belgijska, Bia\u0142oruska, Esto\u0144ska, Fabryczna, Francuska, Grecka, Hiszpa\u0144ska, Holenderska, Irlandzka, Kanadyjska, Kleci\u0144ska, Muchoborska, Norweska, Przemkowska, Stan\u00f3w Zjednoczonych, Strzegomska (n-ry od 143 do ko\u0144ca), Szkocka, &#8230;<\/p>\n","protected":false},"author":7,"featured_media":0,"parent":73,"menu_order":4,"comment_status":"closed","ping_status":"closed","template":"","meta":[],"_links":{"self":[{"href":"http:\/\/www.mbnp.archidiecezja.wroc.pl\/index.php?rest_route=\/wp\/v2\/pages\/101"}],"collection":[{"href":"http:\/\/www.mbnp.archidiecezja.wroc.pl\/index.php?rest_route=\/wp\/v2\/pages"}],"about":[{"href":"http:\/\/www.mbnp.archidiecezja.wroc.pl\/index.php?rest_route=\/wp\/v2\/types\/page"}],"author":[{"embeddable":true,"href":"http:\/\/www.mbnp.archidiecezja.wroc.pl\/index.php?rest_route=\/wp\/v2\/users\/7"}],"replies":[{"embeddable":true,"href":"http:\/\/www.mbnp.archidiecezja.wroc.pl\/index.php?rest_route=%2Fwp%2Fv2%2Fcomments&post=101"}],"version-history":[{"count":4,"href":"http:\/\/www.mbnp.archidiecezja.wroc.pl\/index.php?rest_route=\/wp\/v2\/pages\/101\/revisions"}],"predecessor-version":[{"id":8170,"href":"http:\/\/www.mbnp.archidiecezja.wroc.pl\/index.php?rest_route=\/wp\/v2\/pages\/101\/revisions\/8170"}],"up":[{"embeddable":true,"href":"http:\/\/www.mbnp.archidiecezja.wroc.pl\/index.php?rest_route=\/wp\/v2\/pages\/73"}],"wp:attachment":[{"href":"http:\/\/www.mbnp.archidiecezja.wroc.pl\/index.php?rest_route=%2Fwp%2Fv2%2Fmedia&parent=101"}],"curies":[{"name":"wp","href":"https:\/\/api.w.org\/{rel}","templated":true}]}}